{"id":242,"date":"2023-01-10T07:17:49","date_gmt":"2023-01-10T07:17:49","guid":{"rendered":"https:\/\/hsicorp.com.vn\/?post_type=product&#038;p=242"},"modified":"2024-10-28T04:46:28","modified_gmt":"2024-10-27T21:46:28","slug":"khoa-ba-chac-9000","status":"publish","type":"product","link":"https:\/\/hsicorp.com.vn\/vi\/product\/khoa-ba-chac-9000\/","title":{"rendered":"Kh\u00f3a ba ch\u1ea1c (9000)"},"content":{"rendered":"<p><strong>M\u00d4 T\u1ea2 T\u00cdNH N\u0102NG<\/strong><\/p>\n<p>\u25cf Thi\u1ebft k\u1ebf ph\u00f9 h\u1ee3p cho chuy\u1ec3n \u0111\u1ed5i B\u01a1m truy\u1ec1n d\u1ecbch d\u1ec5 d\u00e0ng t\u1eeb nhi\u1ec1u \u0111\u01b0\u1eddng truy\u1ec1n.<br \/>\n\u25cf Tu\u00e2n th\u1ee7 ti\u00eau chu\u1ea9n ISO 8536-10<br \/>\n\u25cf Kh\u00f3a xoay v\u00e0 C\u1ed5ng tu\u00e2n theo ISO:80369-7 cho s\u1ef1 an to\u00e0n v\u00e0 ch\u1eafc ch\u1eafn khi k\u1ebft n\u1ed1i v\u1edbi c\u00e1c thi\u1ebft b\u1ecb kh\u00e1c.<br \/>\n\u25cf C\u00f3 2 lo\u1ea1i: Kh\u00e1ng Lipid (9000LR) &amp; Kh\u00f4ng kh\u00e1ng Lipid (9000).<br \/>\n\u25cf Ch\u1ee9c n\u0103ng t\u00f9y ch\u1ecdn theo y\u00eau c\u1ea7u \u2018EASY EJECT\u2019.<br \/>\n\u25cf Ch\u1ecbu \u0111\u01b0\u1ee3c \u00e1p l\u1ef1c cao.<br \/>\n\u25cf Ch\u1ecbu \u0111\u01b0\u1ee3c u\u1ed1n cong 45\u00b0<\/p>\n<p><strong>TH\u00d4NG S\u1ed0 K\u1ef8 THU\u1eacT<\/strong><\/p>\n<p><img loading=\"lazy\" decoding=\"async\" class=\"alignnone size-medium wp-image-268\" src=\"https:\/\/hsicorp.com.vn\/wp-content\/uploads\/2023\/01\/Picture17-300x278.png\" alt=\"\" width=\"300\" height=\"278\" srcset=\"https:\/\/hsicorp.com.vn\/wp-content\/uploads\/2023\/01\/Picture17-300x278.png 300w, https:\/\/hsicorp.com.vn\/wp-content\/uploads\/2023\/01\/Picture17.png 343w\" sizes=\"(max-width: 300px) 100vw, 300px\" \/><\/p>\n","protected":false},"excerpt":{"rendered":"<div id=\"5oqk3_cp2nt\"><strong><span id=\"5oqk3_cp2nt_be87i\" class=\"\" data-text=\"true\">H\u00e3ng\/N\u01b0\u1edbc s\u1ea3n xu\u1ea5t:<\/span><\/strong><span id=\"5oqk3_cp2nt_7m935\" class=\"\" data-text=\"true\"> WELLMED\/ \u1ea4n \u0110\u1ed9<\/span><\/div>\n<div id=\"5oqk3_342l2\"><strong><span id=\"5oqk3_342l2_9q6nd\" class=\"\" data-text=\"true\">Quy c\u00e1ch \u0111\u00f3ng g\u00f3i:<\/span><\/strong><span id=\"5oqk3_342l2_3hdu\" class=\"\" data-text=\"true\"> 25 c\u00e1i\/g\u00f3i<\/span><\/div>\n","protected":false},"featured_media":229,"comment_status":"open","ping_status":"closed","template":"","meta":[],"product_cat":[29],"product_tag":[],"class_list":{"0":"post-242","1":"product","2":"type-product","3":"status-publish","4":"has-post-thumbnail","6":"product_cat-lieu-phap-tiem-truyen","8":"first","9":"instock","10":"shipping-taxable","11":"product-type-simple"},"yoast_head":"<!-- This site is optimized with the Yoast SEO plugin v21.7 - https:\/\/yoast.com\/wordpress\/plugins\/seo\/ -->\n<title>Kh\u00f3a ba ch\u1ea1c (9000) - C\u00d4NG TY C\u1ed4 PH\u1ea6N \u0110\u1ea6U T\u01af GI\u1ea2I PH\u00c1P Y T\u1ebe<\/title>\n<meta name=\"robots\" content=\"index, follow, max-snippet:-1, max-image-preview:large, max-video-preview:-1\" \/>\n<link rel=\"canonical\" href=\"https:\/\/hsicorp.com.vn\/vi\/product\/khoa-ba-chac-9000\/\" \/>\n<meta property=\"og:locale\" content=\"vi_VN\" \/>\n<meta property=\"og:type\" content=\"article\" \/>\n<meta property=\"og:title\" content=\"Kh\u00f3a ba ch\u1ea1c (9000) - C\u00d4NG TY C\u1ed4 PH\u1ea6N \u0110\u1ea6U T\u01af GI\u1ea2I PH\u00c1P Y T\u1ebe\" \/>\n<meta property=\"og:description\" content=\"H\u00e3ng\/N\u01b0\u1edbc s\u1ea3n xu\u1ea5t: WELLMED\/ \u1ea4n \u0110\u1ed9 Quy c\u00e1ch \u0111\u00f3ng g\u00f3i: 25 c\u00e1i\/g\u00f3i\" \/>\n<meta property=\"og:url\" content=\"https:\/\/hsicorp.com.vn\/vi\/product\/khoa-ba-chac-9000\/\" \/>\n<meta property=\"og:site_name\" content=\"C\u00d4NG TY C\u1ed4 PH\u1ea6N \u0110\u1ea6U T\u01af GI\u1ea2I PH\u00c1P Y T\u1ebe\" \/>\n<meta property=\"article:modified_time\" content=\"2024-10-27T21:46:28+00:00\" \/>\n<meta property=\"og:image\" content=\"https:\/\/hsicorp.com.vn\/wp-content\/uploads\/2023\/01\/7.-Khoa-ba-chac-9000.jpeg\" \/>\n\t<meta property=\"og:image:width\" content=\"1280\" \/>\n\t<meta property=\"og:image:height\" content=\"837\" \/>\n\t<meta property=\"og:image:type\" content=\"image\/jpeg\" \/>\n<meta name=\"twitter:card\" content=\"summary_large_image\" \/>\n<meta name=\"twitter:label1\" content=\"\u01af\u1edbc t\u00ednh th\u1eddi gian \u0111\u1ecdc\" \/>\n\t<meta name=\"twitter:data1\" content=\"1 ph\u00fat\" \/>\n<script type=\"application\/ld+json\" class=\"yoast-schema-graph\">{\"@context\":\"https:\/\/schema.org\",\"@graph\":[{\"@type\":\"WebPage\",\"@id\":\"https:\/\/hsicorp.com.vn\/vi\/product\/khoa-ba-chac-9000\/\",\"url\":\"https:\/\/hsicorp.com.vn\/vi\/product\/khoa-ba-chac-9000\/\",\"name\":\"Kh\u00f3a ba ch\u1ea1c (9000) - C\u00d4NG TY C\u1ed4 PH\u1ea6N \u0110\u1ea6U T\u01af GI\u1ea2I PH\u00c1P Y T\u1ebe\",\"isPartOf\":{\"@id\":\"https:\/\/hsicorp.com.vn\/#website\"},\"datePublished\":\"2023-01-10T07:17:49+00:00\",\"dateModified\":\"2024-10-27T21:46:28+00:00\",\"breadcrumb\":{\"@id\":\"https:\/\/hsicorp.com.vn\/vi\/product\/khoa-ba-chac-9000\/#breadcrumb\"},\"inLanguage\":\"vi\",\"potentialAction\":[{\"@type\":\"ReadAction\",\"target\":[\"https:\/\/hsicorp.com.vn\/vi\/product\/khoa-ba-chac-9000\/\"]}]},{\"@type\":\"BreadcrumbList\",\"@id\":\"https:\/\/hsicorp.com.vn\/vi\/product\/khoa-ba-chac-9000\/#breadcrumb\",\"itemListElement\":[{\"@type\":\"ListItem\",\"position\":1,\"name\":\"Trang ch\u1ee7\",\"item\":\"https:\/\/hsicorp.com.vn\/vi\/\"},{\"@type\":\"ListItem\",\"position\":2,\"name\":\"Shop\",\"item\":\"https:\/\/hsicorp.com.vn\/vi\/shop\/\"},{\"@type\":\"ListItem\",\"position\":3,\"name\":\"Kh\u00f3a ba ch\u1ea1c (9000)\"}]},{\"@type\":\"WebSite\",\"@id\":\"https:\/\/hsicorp.com.vn\/#website\",\"url\":\"https:\/\/hsicorp.com.vn\/\",\"name\":\"C\u00d4NG TY C\u1ed4 PH\u1ea6N \u0110\u1ea6U T\u01af GI\u1ea2I PH\u00c1P Y T\u1ebe\",\"description\":\"\",\"potentialAction\":[{\"@type\":\"SearchAction\",\"target\":{\"@type\":\"EntryPoint\",\"urlTemplate\":\"https:\/\/hsicorp.com.vn\/?s={search_term_string}\"},\"query-input\":\"required name=search_term_string\"}],\"inLanguage\":\"vi\"}]}<\/script>\n<!-- \/ Yoast SEO plugin. -->","yoast_head_json":{"title":"Kh\u00f3a ba ch\u1ea1c (9000) - C\u00d4NG TY C\u1ed4 PH\u1ea6N \u0110\u1ea6U T\u01af GI\u1ea2I PH\u00c1P Y T\u1ebe","robots":{"index":"index","follow":"follow","max-snippet":"max-snippet:-1","max-image-preview":"max-image-preview:large","max-video-preview":"max-video-preview:-1"},"canonical":"https:\/\/hsicorp.com.vn\/vi\/product\/khoa-ba-chac-9000\/","og_locale":"vi_VN","og_type":"article","og_title":"Kh\u00f3a ba ch\u1ea1c (9000) - C\u00d4NG TY C\u1ed4 PH\u1ea6N \u0110\u1ea6U T\u01af GI\u1ea2I PH\u00c1P Y T\u1ebe","og_description":"H\u00e3ng\/N\u01b0\u1edbc s\u1ea3n xu\u1ea5t: WELLMED\/ \u1ea4n \u0110\u1ed9 Quy c\u00e1ch \u0111\u00f3ng g\u00f3i: 25 c\u00e1i\/g\u00f3i","og_url":"https:\/\/hsicorp.com.vn\/vi\/product\/khoa-ba-chac-9000\/","og_site_name":"C\u00d4NG TY C\u1ed4 PH\u1ea6N \u0110\u1ea6U T\u01af GI\u1ea2I PH\u00c1P Y T\u1ebe","article_modified_time":"2024-10-27T21:46:28+00:00","og_image":[{"width":1280,"height":837,"url":"https:\/\/hsicorp.com.vn\/wp-content\/uploads\/2023\/01\/7.-Khoa-ba-chac-9000.jpeg","type":"image\/jpeg"}],"twitter_card":"summary_large_image","twitter_misc":{"\u01af\u1edbc t\u00ednh th\u1eddi gian \u0111\u1ecdc":"1 ph\u00fat"},"schema":{"@context":"https:\/\/schema.org","@graph":[{"@type":"WebPage","@id":"https:\/\/hsicorp.com.vn\/vi\/product\/khoa-ba-chac-9000\/","url":"https:\/\/hsicorp.com.vn\/vi\/product\/khoa-ba-chac-9000\/","name":"Kh\u00f3a ba ch\u1ea1c (9000) - C\u00d4NG TY C\u1ed4 PH\u1ea6N \u0110\u1ea6U T\u01af GI\u1ea2I PH\u00c1P Y T\u1ebe","isPartOf":{"@id":"https:\/\/hsicorp.com.vn\/#website"},"datePublished":"2023-01-10T07:17:49+00:00","dateModified":"2024-10-27T21:46:28+00:00","breadcrumb":{"@id":"https:\/\/hsicorp.com.vn\/vi\/product\/khoa-ba-chac-9000\/#breadcrumb"},"inLanguage":"vi","potentialAction":[{"@type":"ReadAction","target":["https:\/\/hsicorp.com.vn\/vi\/product\/khoa-ba-chac-9000\/"]}]},{"@type":"BreadcrumbList","@id":"https:\/\/hsicorp.com.vn\/vi\/product\/khoa-ba-chac-9000\/#breadcrumb","itemListElement":[{"@type":"ListItem","position":1,"name":"Trang ch\u1ee7","item":"https:\/\/hsicorp.com.vn\/vi\/"},{"@type":"ListItem","position":2,"name":"Shop","item":"https:\/\/hsicorp.com.vn\/vi\/shop\/"},{"@type":"ListItem","position":3,"name":"Kh\u00f3a ba ch\u1ea1c (9000)"}]},{"@type":"WebSite","@id":"https:\/\/hsicorp.com.vn\/#website","url":"https:\/\/hsicorp.com.vn\/","name":"C\u00d4NG TY C\u1ed4 PH\u1ea6N \u0110\u1ea6U T\u01af GI\u1ea2I PH\u00c1P Y T\u1ebe","description":"","potentialAction":[{"@type":"SearchAction","target":{"@type":"EntryPoint","urlTemplate":"https:\/\/hsicorp.com.vn\/?s={search_term_string}"},"query-input":"required name=search_term_string"}],"inLanguage":"vi"}]}},"_links":{"self":[{"href":"https:\/\/hsicorp.com.vn\/vi\/wp-json\/wp\/v2\/product\/242"}],"collection":[{"href":"https:\/\/hsicorp.com.vn\/vi\/wp-json\/wp\/v2\/product"}],"about":[{"href":"https:\/\/hsicorp.com.vn\/vi\/wp-json\/wp\/v2\/types\/product"}],"replies":[{"embeddable":true,"href":"https:\/\/hsicorp.com.vn\/vi\/wp-json\/wp\/v2\/comments?post=242"}],"wp:featuredmedia":[{"embeddable":true,"href":"https:\/\/hsicorp.com.vn\/vi\/wp-json\/wp\/v2\/media\/229"}],"wp:attachment":[{"href":"https:\/\/hsicorp.com.vn\/vi\/wp-json\/wp\/v2\/media?parent=242"}],"wp:term":[{"taxonomy":"product_cat","embeddable":true,"href":"https:\/\/hsicorp.com.vn\/vi\/wp-json\/wp\/v2\/product_cat?post=242"},{"taxonomy":"product_tag","embeddable":true,"href":"https:\/\/hsicorp.com.vn\/vi\/wp-json\/wp\/v2\/product_tag?post=242"}],"curies":[{"name":"wp","href":"https:\/\/api.w.org\/{rel}","templated":true}]}}