{"id":234,"date":"2023-01-10T07:09:18","date_gmt":"2023-01-10T07:09:18","guid":{"rendered":"https:\/\/hsicorp.com.vn\/?post_type=product&#038;p=234"},"modified":"2023-01-16T04:45:20","modified_gmt":"2023-01-16T04:45:20","slug":"kim-luon-tinh-mach-co-canh-va-khong-co-cong-tiem-1002","status":"publish","type":"product","link":"https:\/\/hsicorp.com.vn\/vi\/product\/kim-luon-tinh-mach-co-canh-va-khong-co-cong-tiem-1002\/","title":{"rendered":"Kim lu\u1ed3n t\u0129nh m\u1ea1ch c\u00f3 c\u00e1nh v\u00e0 kh\u00f4ng c\u00f3 c\u1ed5ng ti\u00eam (1002)"},"content":{"rendered":"<p><strong>K\u00cdCH C\u1ee0<\/strong><\/p>\n<p><img loading=\"lazy\" decoding=\"async\" class=\"alignnone wp-image-256 size-full\" src=\"https:\/\/hsicorp.com.vn\/wp-content\/uploads\/2023\/01\/Picture7.png\" alt=\"\" width=\"205\" height=\"167\" \/><\/p>\n<p><strong>M\u00d4 T\u1ea2 T\u00cdNH N\u0102NG<\/strong><\/p>\n<p>\u25cf C\u00e1nh c\u00f3 g\u00f3c v\u00e0 r\u00e3nh gi\u00fap lu\u1ed3n d\u1ec5 d\u00e0ng v\u00e0 c\u1ed1 \u0111\u1ecbnh kim lu\u1ed3n tr\u00ean ng\u01b0\u1eddi b\u1ec7nh nh\u00e2n.<br \/>\n\u25cf Bu\u1ed3ng ch\u1ee9a m\u00e1u trong su\u1ed1t d\u1ec5 quan s\u00e1t, gi\u00fap x\u00e1c \u0111\u1ecbnh ch\u00ednh x\u00e1c v\u1ecb tr\u00ed catheter.<br \/>\n\u25cf Th\u00e2n kim c\u00f3 m\u00e3 m\u00e0u gi\u00fap d\u1ec5 ph\u00e2n bi\u1ec7t k\u00edch c\u1ee1.<br \/>\n\u25cf \u0110\u1ed1c kim thi\u1ebft k\u1ebf d\u1ec5 thao t\u00e1c khi lu\u1ed3n kim.<\/p>\n<p><strong>TH\u00d4NG S\u1ed0 K\u1ef8 THU\u1eacT<\/strong><\/p>\n<p><img loading=\"lazy\" decoding=\"async\" class=\"alignnone size-medium wp-image-255\" src=\"https:\/\/hsicorp.com.vn\/wp-content\/uploads\/2023\/01\/Picture8-300x158.png\" alt=\"\" width=\"300\" height=\"158\" srcset=\"https:\/\/hsicorp.com.vn\/wp-content\/uploads\/2023\/01\/Picture8-300x158.png 300w, https:\/\/hsicorp.com.vn\/wp-content\/uploads\/2023\/01\/Picture8.png 331w\" sizes=\"(max-width: 300px) 100vw, 300px\" \/><\/p>\n","protected":false},"excerpt":{"rendered":"<div id=\"9kv1i_6na8q\"><span id=\"9kv1i_6na8q_dgjk4\" class=\"\" data-text=\"true\"><strong>H\u00e3ng\/N\u01b0\u1edbc s\u1ea3n xu\u1ea5t<\/strong>:<\/span><span id=\"9kv1i_6na8q_ddls9\" class=\"\" data-text=\"true\"> WELLMED\/ \u1ea4n \u0110\u1ed9<\/span><\/div>\n<div id=\"9kv1i_11qgq\"><span id=\"9kv1i_11qgq_9b3oo\" class=\"\" data-text=\"true\"><strong>Quy c\u00e1ch \u0111\u00f3ng g\u00f3i<\/strong>:<\/span><span id=\"9kv1i_11qgq_438i7\" class=\"\" data-text=\"true\"> 100 c\u00e1i\/h\u1ed9p<\/span><\/div>\n","protected":false},"featured_media":224,"comment_status":"open","ping_status":"closed","template":"","meta":[],"product_cat":[29],"product_tag":[],"class_list":{"0":"post-234","1":"product","2":"type-product","3":"status-publish","4":"has-post-thumbnail","6":"product_cat-lieu-phap-tiem-truyen","8":"first","9":"instock","10":"shipping-taxable","11":"product-type-simple"},"yoast_head":"<!-- This site is optimized with the Yoast SEO plugin v21.7 - https:\/\/yoast.com\/wordpress\/plugins\/seo\/ -->\n<title>Kim lu\u1ed3n t\u0129nh m\u1ea1ch c\u00f3 c\u00e1nh v\u00e0 kh\u00f4ng c\u00f3 c\u1ed5ng ti\u00eam (1002) - C\u00d4NG TY C\u1ed4 PH\u1ea6N \u0110\u1ea6U T\u01af GI\u1ea2I PH\u00c1P Y T\u1ebe<\/title>\n<meta name=\"robots\" content=\"index, follow, max-snippet:-1, max-image-preview:large, max-video-preview:-1\" \/>\n<link rel=\"canonical\" href=\"https:\/\/hsicorp.com.vn\/vi\/product\/kim-luon-tinh-mach-co-canh-va-khong-co-cong-tiem-1002\/\" \/>\n<meta property=\"og:locale\" content=\"vi_VN\" \/>\n<meta property=\"og:type\" content=\"article\" \/>\n<meta property=\"og:title\" content=\"Kim lu\u1ed3n t\u0129nh m\u1ea1ch c\u00f3 c\u00e1nh v\u00e0 kh\u00f4ng c\u00f3 c\u1ed5ng ti\u00eam (1002) - C\u00d4NG TY C\u1ed4 PH\u1ea6N \u0110\u1ea6U T\u01af GI\u1ea2I PH\u00c1P Y T\u1ebe\" \/>\n<meta property=\"og:description\" content=\"H\u00e3ng\/N\u01b0\u1edbc s\u1ea3n xu\u1ea5t: WELLMED\/ \u1ea4n \u0110\u1ed9 Quy c\u00e1ch \u0111\u00f3ng g\u00f3i: 100 c\u00e1i\/h\u1ed9p\" \/>\n<meta property=\"og:url\" content=\"https:\/\/hsicorp.com.vn\/vi\/product\/kim-luon-tinh-mach-co-canh-va-khong-co-cong-tiem-1002\/\" \/>\n<meta property=\"og:site_name\" content=\"C\u00d4NG TY C\u1ed4 PH\u1ea6N \u0110\u1ea6U T\u01af GI\u1ea2I PH\u00c1P Y T\u1ebe\" \/>\n<meta property=\"article:modified_time\" content=\"2023-01-16T04:45:20+00:00\" \/>\n<meta property=\"og:image\" content=\"https:\/\/hsicorp.com.vn\/wp-content\/uploads\/2023\/01\/2.-Kim-luon-tinh-mach-co-canh-va-khong-co-cong-tiem-1002.jpeg\" \/>\n\t<meta property=\"og:image:width\" content=\"1280\" \/>\n\t<meta property=\"og:image:height\" content=\"878\" \/>\n\t<meta property=\"og:image:type\" content=\"image\/jpeg\" \/>\n<meta name=\"twitter:card\" content=\"summary_large_image\" \/>\n<meta name=\"twitter:label1\" content=\"\u01af\u1edbc t\u00ednh th\u1eddi gian \u0111\u1ecdc\" \/>\n\t<meta name=\"twitter:data1\" content=\"1 ph\u00fat\" \/>\n<script type=\"application\/ld+json\" class=\"yoast-schema-graph\">{\"@context\":\"https:\/\/schema.org\",\"@graph\":[{\"@type\":\"WebPage\",\"@id\":\"https:\/\/hsicorp.com.vn\/vi\/product\/kim-luon-tinh-mach-co-canh-va-khong-co-cong-tiem-1002\/\",\"url\":\"https:\/\/hsicorp.com.vn\/vi\/product\/kim-luon-tinh-mach-co-canh-va-khong-co-cong-tiem-1002\/\",\"name\":\"Kim lu\u1ed3n t\u0129nh m\u1ea1ch c\u00f3 c\u00e1nh v\u00e0 kh\u00f4ng c\u00f3 c\u1ed5ng ti\u00eam (1002) - C\u00d4NG TY C\u1ed4 PH\u1ea6N \u0110\u1ea6U T\u01af GI\u1ea2I PH\u00c1P Y T\u1ebe\",\"isPartOf\":{\"@id\":\"https:\/\/hsicorp.com.vn\/#website\"},\"datePublished\":\"2023-01-10T07:09:18+00:00\",\"dateModified\":\"2023-01-16T04:45:20+00:00\",\"breadcrumb\":{\"@id\":\"https:\/\/hsicorp.com.vn\/vi\/product\/kim-luon-tinh-mach-co-canh-va-khong-co-cong-tiem-1002\/#breadcrumb\"},\"inLanguage\":\"vi\",\"potentialAction\":[{\"@type\":\"ReadAction\",\"target\":[\"https:\/\/hsicorp.com.vn\/vi\/product\/kim-luon-tinh-mach-co-canh-va-khong-co-cong-tiem-1002\/\"]}]},{\"@type\":\"BreadcrumbList\",\"@id\":\"https:\/\/hsicorp.com.vn\/vi\/product\/kim-luon-tinh-mach-co-canh-va-khong-co-cong-tiem-1002\/#breadcrumb\",\"itemListElement\":[{\"@type\":\"ListItem\",\"position\":1,\"name\":\"Trang ch\u1ee7\",\"item\":\"https:\/\/hsicorp.com.vn\/vi\/\"},{\"@type\":\"ListItem\",\"position\":2,\"name\":\"Shop\",\"item\":\"https:\/\/hsicorp.com.vn\/vi\/shop\/\"},{\"@type\":\"ListItem\",\"position\":3,\"name\":\"Kim lu\u1ed3n t\u0129nh m\u1ea1ch c\u00f3 c\u00e1nh v\u00e0 kh\u00f4ng c\u00f3 c\u1ed5ng ti\u00eam (1002)\"}]},{\"@type\":\"WebSite\",\"@id\":\"https:\/\/hsicorp.com.vn\/#website\",\"url\":\"https:\/\/hsicorp.com.vn\/\",\"name\":\"C\u00d4NG TY C\u1ed4 PH\u1ea6N \u0110\u1ea6U T\u01af GI\u1ea2I PH\u00c1P Y T\u1ebe\",\"description\":\"\",\"potentialAction\":[{\"@type\":\"SearchAction\",\"target\":{\"@type\":\"EntryPoint\",\"urlTemplate\":\"https:\/\/hsicorp.com.vn\/?s={search_term_string}\"},\"query-input\":\"required name=search_term_string\"}],\"inLanguage\":\"vi\"}]}<\/script>\n<!-- \/ Yoast SEO plugin. -->","yoast_head_json":{"title":"Kim lu\u1ed3n t\u0129nh m\u1ea1ch c\u00f3 c\u00e1nh v\u00e0 kh\u00f4ng c\u00f3 c\u1ed5ng ti\u00eam (1002) - C\u00d4NG TY C\u1ed4 PH\u1ea6N \u0110\u1ea6U T\u01af GI\u1ea2I PH\u00c1P Y T\u1ebe","robots":{"index":"index","follow":"follow","max-snippet":"max-snippet:-1","max-image-preview":"max-image-preview:large","max-video-preview":"max-video-preview:-1"},"canonical":"https:\/\/hsicorp.com.vn\/vi\/product\/kim-luon-tinh-mach-co-canh-va-khong-co-cong-tiem-1002\/","og_locale":"vi_VN","og_type":"article","og_title":"Kim lu\u1ed3n t\u0129nh m\u1ea1ch c\u00f3 c\u00e1nh v\u00e0 kh\u00f4ng c\u00f3 c\u1ed5ng ti\u00eam (1002) - C\u00d4NG TY C\u1ed4 PH\u1ea6N \u0110\u1ea6U T\u01af GI\u1ea2I PH\u00c1P Y T\u1ebe","og_description":"H\u00e3ng\/N\u01b0\u1edbc s\u1ea3n xu\u1ea5t: WELLMED\/ \u1ea4n \u0110\u1ed9 Quy c\u00e1ch \u0111\u00f3ng g\u00f3i: 100 c\u00e1i\/h\u1ed9p","og_url":"https:\/\/hsicorp.com.vn\/vi\/product\/kim-luon-tinh-mach-co-canh-va-khong-co-cong-tiem-1002\/","og_site_name":"C\u00d4NG TY C\u1ed4 PH\u1ea6N \u0110\u1ea6U T\u01af GI\u1ea2I PH\u00c1P Y T\u1ebe","article_modified_time":"2023-01-16T04:45:20+00:00","og_image":[{"width":1280,"height":878,"url":"https:\/\/hsicorp.com.vn\/wp-content\/uploads\/2023\/01\/2.-Kim-luon-tinh-mach-co-canh-va-khong-co-cong-tiem-1002.jpeg","type":"image\/jpeg"}],"twitter_card":"summary_large_image","twitter_misc":{"\u01af\u1edbc t\u00ednh th\u1eddi gian \u0111\u1ecdc":"1 ph\u00fat"},"schema":{"@context":"https:\/\/schema.org","@graph":[{"@type":"WebPage","@id":"https:\/\/hsicorp.com.vn\/vi\/product\/kim-luon-tinh-mach-co-canh-va-khong-co-cong-tiem-1002\/","url":"https:\/\/hsicorp.com.vn\/vi\/product\/kim-luon-tinh-mach-co-canh-va-khong-co-cong-tiem-1002\/","name":"Kim lu\u1ed3n t\u0129nh m\u1ea1ch c\u00f3 c\u00e1nh v\u00e0 kh\u00f4ng c\u00f3 c\u1ed5ng ti\u00eam (1002) - C\u00d4NG TY C\u1ed4 PH\u1ea6N \u0110\u1ea6U T\u01af GI\u1ea2I PH\u00c1P Y T\u1ebe","isPartOf":{"@id":"https:\/\/hsicorp.com.vn\/#website"},"datePublished":"2023-01-10T07:09:18+00:00","dateModified":"2023-01-16T04:45:20+00:00","breadcrumb":{"@id":"https:\/\/hsicorp.com.vn\/vi\/product\/kim-luon-tinh-mach-co-canh-va-khong-co-cong-tiem-1002\/#breadcrumb"},"inLanguage":"vi","potentialAction":[{"@type":"ReadAction","target":["https:\/\/hsicorp.com.vn\/vi\/product\/kim-luon-tinh-mach-co-canh-va-khong-co-cong-tiem-1002\/"]}]},{"@type":"BreadcrumbList","@id":"https:\/\/hsicorp.com.vn\/vi\/product\/kim-luon-tinh-mach-co-canh-va-khong-co-cong-tiem-1002\/#breadcrumb","itemListElement":[{"@type":"ListItem","position":1,"name":"Trang ch\u1ee7","item":"https:\/\/hsicorp.com.vn\/vi\/"},{"@type":"ListItem","position":2,"name":"Shop","item":"https:\/\/hsicorp.com.vn\/vi\/shop\/"},{"@type":"ListItem","position":3,"name":"Kim lu\u1ed3n t\u0129nh m\u1ea1ch c\u00f3 c\u00e1nh v\u00e0 kh\u00f4ng c\u00f3 c\u1ed5ng ti\u00eam (1002)"}]},{"@type":"WebSite","@id":"https:\/\/hsicorp.com.vn\/#website","url":"https:\/\/hsicorp.com.vn\/","name":"C\u00d4NG TY C\u1ed4 PH\u1ea6N \u0110\u1ea6U T\u01af GI\u1ea2I PH\u00c1P Y T\u1ebe","description":"","potentialAction":[{"@type":"SearchAction","target":{"@type":"EntryPoint","urlTemplate":"https:\/\/hsicorp.com.vn\/?s={search_term_string}"},"query-input":"required name=search_term_string"}],"inLanguage":"vi"}]}},"_links":{"self":[{"href":"https:\/\/hsicorp.com.vn\/vi\/wp-json\/wp\/v2\/product\/234"}],"collection":[{"href":"https:\/\/hsicorp.com.vn\/vi\/wp-json\/wp\/v2\/product"}],"about":[{"href":"https:\/\/hsicorp.com.vn\/vi\/wp-json\/wp\/v2\/types\/product"}],"replies":[{"embeddable":true,"href":"https:\/\/hsicorp.com.vn\/vi\/wp-json\/wp\/v2\/comments?post=234"}],"wp:featuredmedia":[{"embeddable":true,"href":"https:\/\/hsicorp.com.vn\/vi\/wp-json\/wp\/v2\/media\/224"}],"wp:attachment":[{"href":"https:\/\/hsicorp.com.vn\/vi\/wp-json\/wp\/v2\/media?parent=234"}],"wp:term":[{"taxonomy":"product_cat","embeddable":true,"href":"https:\/\/hsicorp.com.vn\/vi\/wp-json\/wp\/v2\/product_cat?post=234"},{"taxonomy":"product_tag","embeddable":true,"href":"https:\/\/hsicorp.com.vn\/vi\/wp-json\/wp\/v2\/product_tag?post=234"}],"curies":[{"name":"wp","href":"https:\/\/api.w.org\/{rel}","templated":true}]}}