{"id":4,"date":"2018-06-06T02:44:53","date_gmt":"2018-06-06T02:44:53","guid":{"rendered":"http:\/\/hsicorp.com.vn\/?page_id=4"},"modified":"2023-08-18T07:21:08","modified_gmt":"2023-08-18T07:21:08","slug":"trang-chu","status":"publish","type":"page","link":"https:\/\/hsicorp.com.vn\/vi\/","title":{"rendered":"Trang ch\u1ee7"},"content":{"rendered":"\t<section class=\"section\" id=\"section_623131648\">\n\t\t<div class=\"bg section-bg fill bg-fill  bg-loaded\" >\n\n\t\t\t\n\t\t\t\n\t\t\t\n\n\t\t<\/div><!-- .section-bg -->\n\n\t\t<div class=\"section-content relative\">\n\t\t\t\n\n  <div class=\"banner has-hover\" id=\"banner-585238703\">\n          <div class=\"banner-inner fill\">\n        <div class=\"banner-bg fill\" >\n            <div class=\"bg fill bg-fill \"><\/div>\n                                    \n                    <\/div><!-- bg-layers -->\n        <div class=\"banner-layers container\">\n            <div class=\"fill banner-link\"><\/div>            \n        <\/div><!-- .banner-layers -->\n      <\/div><!-- .banner-inner -->\n\n            \n<style scope=\"scope\">\n\n#banner-585238703 {\n  padding-top: 500px;\n}\n#banner-585238703 .bg.bg-loaded {\n  background-image: url(https:\/\/hsicorp.com.vn\/wp-content\/uploads\/2018\/11\/Banner-home.jpg);\n}\n<\/style>\n  <\/div><!-- .banner -->\n\n\n\t\t<\/div><!-- .section-content -->\n\n\t\t\n<style scope=\"scope\">\n\n#section_623131648 {\n  padding-top: 0px;\n  padding-bottom: 0px;\n}\n<\/style>\n\t<\/section>\n\t\n\n\t<section class=\"section gpdt-vtyt\" id=\"section_1878742144\">\n\t\t<div class=\"bg section-bg fill bg-fill  bg-loaded\" >\n\n\t\t\t\n\t\t\t\n\t\t\t\n\n\t\t<\/div><!-- .section-bg -->\n\n\t\t<div class=\"section-content relative\">\n\t\t\t\n<div class=\"row row-full-width\"  id=\"row-1287669915\">\n<div class=\"col medium-6 small-12 large-6\"  ><div class=\"col-inner\"  >\n\n  <div class=\"banner has-hover\" id=\"banner-185802324\">\n          <div class=\"banner-inner fill\">\n        <div class=\"banner-bg fill\" >\n            <div class=\"bg fill bg-fill \"><\/div>\n                        <div class=\"overlay\"><\/div>            \n                    <\/div><!-- bg-layers -->\n        <div class=\"banner-layers container\">\n            <a href=\"https:\/\/hsicorp.com.vn\/giai-phap-dau-tu-tong-the\/\/\"class=\"fill\"><div class=\"fill banner-link\"><\/div><\/a>            \n   <div id=\"text-box-1326351705\" class=\"text-box banner-layer x50 md-x50 lg-x50 y50 md-y50 lg-y50 res-text\">\n                                <div class=\"text dark\">\n              \n              <div class=\"text-inner text-center\">\n                  \n<h1 class=\"uppercase\"><strong><a href=\"https:\/\/hsicorp.com.vn\/giai-phap-dau-tu-tong-the\/\">GI\u1ea2I PH\u00c1P \u0110\u1ea6U T\u01af T\u1ed4NG TH\u1ec2<\/a><\/strong><\/h1>\n              <\/div>\n           <\/div><!-- text-box-inner -->\n                            \n<style scope=\"scope\">\n\n#text-box-1326351705 {\n  width: 71%;\n}\n#text-box-1326351705 .text {\n  font-size: 100%;\n}\n<\/style>\n    <\/div><!-- text-box -->\n \n        <\/div><!-- .banner-layers -->\n      <\/div><!-- .banner-inner -->\n\n              <div class=\"height-fix is-invisible\"><img loading=\"lazy\" decoding=\"async\" width=\"626\" height=\"417\" src=\"https:\/\/hsicorp.com.vn\/wp-content\/uploads\/2022\/12\/businessman-holding-analysis-graph-growth-digital-marketing-concept-development-analysis_117255-2016-1.png\" class=\"attachment-large size-large\" alt=\"\" srcset=\"https:\/\/hsicorp.com.vn\/wp-content\/uploads\/2022\/12\/businessman-holding-analysis-graph-growth-digital-marketing-concept-development-analysis_117255-2016-1.png 626w, https:\/\/hsicorp.com.vn\/wp-content\/uploads\/2022\/12\/businessman-holding-analysis-graph-growth-digital-marketing-concept-development-analysis_117255-2016-1-600x400.png 600w, https:\/\/hsicorp.com.vn\/wp-content\/uploads\/2022\/12\/businessman-holding-analysis-graph-growth-digital-marketing-concept-development-analysis_117255-2016-1-300x200.png 300w\" sizes=\"(max-width: 626px) 100vw, 626px\" \/><\/div>\n            \n<style scope=\"scope\">\n\n#banner-185802324 .bg.bg-loaded {\n  background-image: url(https:\/\/hsicorp.com.vn\/wp-content\/uploads\/2022\/12\/businessman-holding-analysis-graph-growth-digital-marketing-concept-development-analysis_117255-2016-1.png);\n}\n#banner-185802324 .overlay {\n  background-color: rgba(0, 0, 0, 0.26);\n}\n<\/style>\n  <\/div><!-- .banner -->\n\n\n<\/div><\/div>\n<div class=\"col medium-6 small-12 large-6\"  ><div class=\"col-inner\"  >\n\n  <div class=\"banner has-hover\" id=\"banner-1430834333\">\n          <div class=\"banner-inner fill\">\n        <div class=\"banner-bg fill\" >\n            <div class=\"bg fill bg-fill \"><\/div>\n                        <div class=\"overlay\"><\/div>            \n                    <\/div><!-- bg-layers -->\n        <div class=\"banner-layers container\">\n            <a href=\"https:\/\/hsicorp.com.vn\/vat-tu-y-te\/\"class=\"fill\"><div class=\"fill banner-link\"><\/div><\/a>            \n   <div id=\"text-box-1982706896\" class=\"text-box banner-layer x50 md-x50 lg-x50 y50 md-y50 lg-y50 res-text\">\n                                <div class=\"text dark\">\n              \n              <div class=\"text-inner text-center\">\n                  \n<h1><strong><a href=\"https:\/\/hsicorp.com.vn\/vat-tu-y-te\/\">V\u1eacT T\u01af Y T\u1ebe<\/a><\/strong><\/h1>\n              <\/div>\n           <\/div><!-- text-box-inner -->\n                            \n<style scope=\"scope\">\n\n#text-box-1982706896 {\n  width: 60%;\n}\n#text-box-1982706896 .text {\n  font-size: 100%;\n}\n<\/style>\n    <\/div><!-- text-box -->\n \n        <\/div><!-- .banner-layers -->\n      <\/div><!-- .banner-inner -->\n\n              <div class=\"height-fix is-invisible\"><img loading=\"lazy\" decoding=\"async\" width=\"626\" height=\"417\" src=\"https:\/\/hsicorp.com.vn\/wp-content\/uploads\/2022\/12\/nobody-hospital-reception-desk-waiting-room-facility-attend-medical-consultation-appointment-waiting-area-lobby-with-chairs-counter-healthcare-clinic-disease-medicine_482257-55708.webp\" class=\"attachment-original size-original\" alt=\"\" srcset=\"https:\/\/hsicorp.com.vn\/wp-content\/uploads\/2022\/12\/nobody-hospital-reception-desk-waiting-room-facility-attend-medical-consultation-appointment-waiting-area-lobby-with-chairs-counter-healthcare-clinic-disease-medicine_482257-55708.webp 626w, https:\/\/hsicorp.com.vn\/wp-content\/uploads\/2022\/12\/nobody-hospital-reception-desk-waiting-room-facility-attend-medical-consultation-appointment-waiting-area-lobby-with-chairs-counter-healthcare-clinic-disease-medicine_482257-55708-600x400.webp 600w, https:\/\/hsicorp.com.vn\/wp-content\/uploads\/2022\/12\/nobody-hospital-reception-desk-waiting-room-facility-attend-medical-consultation-appointment-waiting-area-lobby-with-chairs-counter-healthcare-clinic-disease-medicine_482257-55708-300x200.webp 300w\" sizes=\"(max-width: 626px) 100vw, 626px\" \/><\/div>\n            \n<style scope=\"scope\">\n\n#banner-1430834333 .bg.bg-loaded {\n  background-image: url(https:\/\/hsicorp.com.vn\/wp-content\/uploads\/2022\/12\/nobody-hospital-reception-desk-waiting-room-facility-attend-medical-consultation-appointment-waiting-area-lobby-with-chairs-counter-healthcare-clinic-disease-medicine_482257-55708.webp);\n}\n#banner-1430834333 .overlay {\n  background-color: rgba(0, 0, 0, 0.26);\n}\n#banner-1430834333 .bg {\n  background-position: 0% 42%;\n}\n<\/style>\n  <\/div><!-- .banner -->\n\n\n<\/div><\/div>\n\n<style scope=\"scope\">\n\n<\/style>\n<\/div>\n\t\t<\/div><!-- .section-content -->\n\n\t\t\n<style scope=\"scope\">\n\n#section_1878742144 {\n  padding-top: 30px;\n  padding-bottom: 30px;\n}\n<\/style>\n\t<\/section>\n\t\n\t<section class=\"section\" id=\"section_679533563\">\n\t\t<div class=\"bg section-bg fill bg-fill  bg-loaded\" >\n\n\t\t\t\n\t\t\t\n\t\t\t\n\n\t\t<\/div><!-- .section-bg -->\n\n\t\t<div class=\"section-content relative\">\n\t\t\t\n<div class=\"row\"  id=\"row-1210838695\">\n<div class=\"col small-12 large-12\"  data-animate=\"fadeInUp\"><div class=\"col-inner\" style=\"padding:0px 0px 0px 0px;margin:0px 0px -30px 0px;\" >\n<h1 style=\"text-align: center;\"><span style=\"color: #006742;\">S\u1ee8 M\u1ec6NH C\u00d4NG TY HSI<\/span><\/h1>\n<\/div><\/div>\n<\/div>\n<div class=\"gap-element\" style=\"display:block; height:auto; padding-top:60px\" class=\"clearfix\"><\/div>\n\t<div class=\"img has-hover x md-x lg-x y md-y lg-y\" id=\"image_752138745\">\n\t\t\t\t\t\t\t\t<div class=\"img-inner dark\" >\n\t\t\t<img loading=\"lazy\" decoding=\"async\" width=\"1896\" height=\"827\" src=\"https:\/\/hsicorp.com.vn\/wp-content\/uploads\/2023\/08\/anh-4-1.png\" class=\"attachment-original size-original\" alt=\"\" srcset=\"https:\/\/hsicorp.com.vn\/wp-content\/uploads\/2023\/08\/anh-4-1.png 1896w, https:\/\/hsicorp.com.vn\/wp-content\/uploads\/2023\/08\/anh-4-1-300x131.png 300w, https:\/\/hsicorp.com.vn\/wp-content\/uploads\/2023\/08\/anh-4-1-1024x447.png 1024w, https:\/\/hsicorp.com.vn\/wp-content\/uploads\/2023\/08\/anh-4-1-768x335.png 768w, https:\/\/hsicorp.com.vn\/wp-content\/uploads\/2023\/08\/anh-4-1-1536x670.png 1536w, https:\/\/hsicorp.com.vn\/wp-content\/uploads\/2023\/08\/anh-4-1-18x8.png 18w, https:\/\/hsicorp.com.vn\/wp-content\/uploads\/2023\/08\/anh-4-1-600x262.png 600w\" sizes=\"(max-width: 1896px) 100vw, 1896px\" \/>\t\t\t\t\t\t\n\t\t\t\t\t<\/div>\n\t\t\t\t\t\t\t\t\n<style scope=\"scope\">\n\n#image_752138745 {\n  width: 100%;\n}\n<\/style>\n\t<\/div>\n\t\n\t\t<\/div><!-- .section-content -->\n\n\t\t\n<style scope=\"scope\">\n\n#section_679533563 {\n  padding-top: 20px;\n  padding-bottom: 20px;\n}\n<\/style>\n\t<\/section>\n\t\n\t<section class=\"section\" id=\"section_677292987\">\n\t\t<div class=\"bg section-bg fill bg-fill  bg-loaded\" >\n\n\t\t\t\n\t\t\t\n\t\t\t\n\n\t\t<\/div><!-- .section-bg -->\n\n\t\t<div class=\"section-content relative\">\n\t\t\t\n<div class=\"row\"  id=\"row-2021477551\">\n<div class=\"col small-12 large-12\"  ><div class=\"col-inner\" style=\"padding:0px 0px 0px 0px;margin:0px 0px -30px 0px;\" >\n<h1 style=\"text-align: center;\"><span style=\"color: #006742;\">L\u00dd DO CH\u1eccN HSI L\u00c0M \u0110\u1ed0I T\u00c1C<\/span><\/h1>\n<\/div><\/div>\n<\/div>\n<div class=\"gap-element\" style=\"display:block; height:auto; padding-top:60px\" class=\"clearfix\"><\/div>\n<div class=\"row\"  id=\"row-1615527103\">\n<div class=\"col medium-6 small-12 large-6\"  data-animate=\"fadeInUp\"><div class=\"col-inner text-center\"  >\n\t<div class=\"img has-hover x md-x lg-x y md-y lg-y\" id=\"image_2064477034\">\n\t\t\t\t\t\t\t\t<div class=\"img-inner dark\" >\n\t\t\t<img loading=\"lazy\" decoding=\"async\" width=\"573\" height=\"415\" src=\"https:\/\/hsicorp.com.vn\/wp-content\/uploads\/2018\/11\/LD1.jpg\" class=\"attachment-large size-large\" alt=\"\" srcset=\"https:\/\/hsicorp.com.vn\/wp-content\/uploads\/2018\/11\/LD1.jpg 573w, https:\/\/hsicorp.com.vn\/wp-content\/uploads\/2018\/11\/LD1-300x217.jpg 300w\" sizes=\"(max-width: 573px) 100vw, 573px\" \/>\t\t\t\t\t\t\n\t\t\t\t\t<\/div>\n\t\t\t\t\t\t\t\t\n<style scope=\"scope\">\n\n#image_2064477034 {\n  width: 50%;\n}\n<\/style>\n\t<\/div>\n\t\n<\/div><\/div>\n<div class=\"col medium-6 small-12 large-6\"  data-animate=\"fadeInUp\"><div class=\"col-inner text-left\"  >\n<h3><span style=\"color: #006742;\">C\u00f4ng ngh\u1ec7 hi\u1ec7n \u0111\u1ea1i<\/span><\/h3>\n<p>Cung c\u1ea5p nh\u1eefng thi\u1ebft b\u1ecb t\u00e2n ti\u1ebfn nh\u1ea5t, h\u1ee3p t\u00e1c c\u00f9ng nh\u1eefng nh\u00e0 s\u1ea3n xu\u1ea5t thi\u1ebft b\u1ecb y t\u1ebf h\u00e0ng \u0111\u1ea7u th\u1ebf gi\u1edbi nh\u01b0 Philips, Lowenstein, Otopront<\/p>\n<p>\u00a0<\/p>\n<\/div><\/div>\n<\/div>\n<div class=\"row\"  id=\"row-1305543384\">\n<div class=\"col medium-6 small-12 large-6\"  data-animate=\"fadeInUp\"><div class=\"col-inner text-left\"  >\n<h3><span style=\"color: #006742;\">Quy tr\u00ecnh chuy\u00ean nghi\u1ec7p<\/span><\/h3>\n<p>\u0110\u1ed9i ng\u0169 nh\u00e2n vi\u00ean c\u1ee7a ch\u00fang t\u00f4i s\u1ebd l\u00ean k\u1ebf ho\u1ea1ch, \u0111i\u1ec1u ph\u1ed1i, d\u1ef1 to\u00e1n v\u00e0 gi\u00e1m s\u00e1t ti\u1ebfn tr\u00ecnh d\u1ef1 \u00e1n \u0111\u1ea3m b\u1ea3o ti\u1ebfn \u0111\u1ed9 ch\u1eb7t ch\u1ebd <\/p>\n<p>\u00a0<\/p>\n<\/div><\/div>\n<div class=\"col medium-6 small-12 large-6\"  data-animate=\"fadeInUp\"><div class=\"col-inner text-center\"  >\n\t<div class=\"img has-hover x md-x lg-x y md-y lg-y\" id=\"image_668719468\">\n\t\t\t\t\t\t\t\t<div class=\"img-inner dark\" >\n\t\t\t<img loading=\"lazy\" decoding=\"async\" width=\"573\" height=\"415\" src=\"https:\/\/hsicorp.com.vn\/wp-content\/uploads\/2018\/11\/LD2.jpg\" class=\"attachment-large size-large\" alt=\"\" srcset=\"https:\/\/hsicorp.com.vn\/wp-content\/uploads\/2018\/11\/LD2.jpg 573w, https:\/\/hsicorp.com.vn\/wp-content\/uploads\/2018\/11\/LD2-300x217.jpg 300w\" sizes=\"(max-width: 573px) 100vw, 573px\" \/>\t\t\t\t\t\t\n\t\t\t\t\t<\/div>\n\t\t\t\t\t\t\t\t\n<style scope=\"scope\">\n\n#image_668719468 {\n  width: 50%;\n}\n<\/style>\n\t<\/div>\n\t\n<\/div><\/div>\n<\/div>\n<div class=\"row\"  id=\"row-1187514020\">\n<div class=\"col medium-6 small-12 large-6\"  data-animate=\"fadeInUp\"><div class=\"col-inner text-center\"  >\n\t<div class=\"img has-hover x md-x lg-x y md-y lg-y\" id=\"image_909612018\">\n\t\t\t\t\t\t\t\t<div class=\"img-inner dark\" >\n\t\t\t<img loading=\"lazy\" decoding=\"async\" width=\"573\" height=\"415\" src=\"https:\/\/hsicorp.com.vn\/wp-content\/uploads\/2018\/11\/LD3.jpg\" class=\"attachment-large size-large\" alt=\"\" srcset=\"https:\/\/hsicorp.com.vn\/wp-content\/uploads\/2018\/11\/LD3.jpg 573w, https:\/\/hsicorp.com.vn\/wp-content\/uploads\/2018\/11\/LD3-300x217.jpg 300w\" sizes=\"(max-width: 573px) 100vw, 573px\" \/>\t\t\t\t\t\t\n\t\t\t\t\t<\/div>\n\t\t\t\t\t\t\t\t\n<style scope=\"scope\">\n\n#image_909612018 {\n  width: 50%;\n}\n<\/style>\n\t<\/div>\n\t\n<\/div><\/div>\n<div class=\"col medium-6 small-12 large-6\"  ><div class=\"col-inner text-left\"  >\n<h3><span style=\"color: #006742;\">D\u1ecbch v\u1ee5 t\u1ed1t nh\u1ea5t<\/span><\/h3>\n<p>Ch\u00fang t\u00f4i lu\u00f4n l\u1eafng nghe kh\u00e1ch h\u00e0ng. Ch\u00fang t\u00f4i ti\u1ebfp nh\u1eadn v\u1ea5n \u0111\u1ec1, t\u00f4n tr\u1ecdng v\u00e0 l\u00e0m m\u1ecdi th\u1ee9 trong kh\u1ea3 n\u0103ng \u0111\u1ec3 tr\u1ee3 gi\u00fap kh\u00e1ch h\u00e0ng<\/p>\n<\/div><\/div>\n<\/div>\n<div class=\"row\"  id=\"row-830122877\">\n<div class=\"col medium-6 small-12 large-6\"  ><div class=\"col-inner text-left\"  >\n<h3><span style=\"color: #006742;\">H\u1ed3 s\u01a1 th\u1ee7 t\u1ee5c \u0111\u01a1n gi\u1ea3n<\/span><\/h3>\n<p>Ch\u00fang t\u00f4i s\u1ebd chuy\u1ec3n th\u00f4ng tin d\u1ef1 \u00e1n c\u1ee7a kh\u00e1ch h\u00e0ng t\u1edbi c\u00e1c chuy\u00ean gia ngay khi nh\u1eadn \u0111\u01b0\u1ee3c. B\u1ea1n c\u00f3 th\u1ec3 ch\u1eafc ch\u1eafn r\u1eb1ng ch\u00fang t\u00f4i s\u1ebd l\u00e0m vi\u1ec7c d\u1ef1a tr\u00ean c\u00e1c h\u01b0\u1edbng d\u1eabn c\u1ee7a b\u1ea1n, gi\u00fap b\u1ea1n chu\u1ea9n b\u1ecb v\u00e0 ho\u00e0n thi\u1ec7n t\u00e0i li\u1ec7u trong th\u1eddi gian quy \u0111\u1ecbnh<\/p>\n<p>\u00a0<\/p>\n<\/div><\/div>\n<div class=\"col medium-6 small-12 large-6\"  data-animate=\"fadeInUp\"><div class=\"col-inner text-center\"  >\n\t<div class=\"img has-hover x md-x lg-x y md-y lg-y\" id=\"image_735894106\">\n\t\t\t\t\t\t\t\t<div class=\"img-inner dark\" >\n\t\t\t<img loading=\"lazy\" decoding=\"async\" width=\"573\" height=\"415\" src=\"https:\/\/hsicorp.com.vn\/wp-content\/uploads\/2018\/11\/LD4.jpg\" class=\"attachment-large size-large\" alt=\"\" srcset=\"https:\/\/hsicorp.com.vn\/wp-content\/uploads\/2018\/11\/LD4.jpg 573w, https:\/\/hsicorp.com.vn\/wp-content\/uploads\/2018\/11\/LD4-300x217.jpg 300w\" sizes=\"(max-width: 573px) 100vw, 573px\" \/>\t\t\t\t\t\t\n\t\t\t\t\t<\/div>\n\t\t\t\t\t\t\t\t\n<style scope=\"scope\">\n\n#image_735894106 {\n  width: 50%;\n}\n<\/style>\n\t<\/div>\n\t\n<\/div><\/div>\n<\/div>\n\t\t<\/div><!-- .section-content -->\n\n\t\t\n<style scope=\"scope\">\n\n#section_677292987 {\n  padding-top: 20px;\n  padding-bottom: 20px;\n}\n<\/style>\n\t<\/section>\n\t\n\t<section class=\"section\" id=\"section_983236377\">\n\t\t<div class=\"bg section-bg fill bg-fill  bg-loaded\" >\n\n\t\t\t\n\t\t\t\n\t\t\t\n\n\t\t<\/div><!-- .section-bg -->\n\n\t\t<div class=\"section-content relative\">\n\t\t\t\n\n\t\t<\/div><!-- .section-content -->\n\n\t\t\n<style scope=\"scope\">\n\n#section_983236377 {\n  padding-top: 0px;\n  padding-bottom: 0px;\n}\n<\/style>\n\t<\/section>\n\t\n","protected":false},"excerpt":{"rendered":"","protected":false},"author":1,"featured_media":0,"parent":0,"menu_order":0,"comment_status":"closed","ping_status":"closed","template":"page-blank.php","meta":{"footnotes":""},"class_list":["post-4","page","type-page","status-publish","hentry"],"yoast_head":"<!-- This site is optimized with the Yoast SEO plugin v21.7 - https:\/\/yoast.com\/wordpress\/plugins\/seo\/ -->\n<title>Trang ch\u1ee7 - C\u00d4NG TY C\u1ed4 PH\u1ea6N \u0110\u1ea6U T\u01af GI\u1ea2I PH\u00c1P Y T\u1ebe<\/title>\n<meta name=\"robots\" content=\"index, follow, max-snippet:-1, max-image-preview:large, max-video-preview:-1\" \/>\n<link rel=\"canonical\" href=\"https:\/\/hsicorp.com.vn\/vi\/\" \/>\n<meta property=\"og:locale\" content=\"vi_VN\" \/>\n<meta property=\"og:type\" content=\"article\" \/>\n<meta property=\"og:title\" content=\"Trang ch\u1ee7 - C\u00d4NG TY C\u1ed4 PH\u1ea6N \u0110\u1ea6U T\u01af GI\u1ea2I PH\u00c1P Y T\u1ebe\" \/>\n<meta property=\"og:url\" content=\"https:\/\/hsicorp.com.vn\/vi\/\" \/>\n<meta property=\"og:site_name\" content=\"C\u00d4NG TY C\u1ed4 PH\u1ea6N \u0110\u1ea6U T\u01af GI\u1ea2I PH\u00c1P Y T\u1ebe\" \/>\n<meta property=\"article:modified_time\" content=\"2023-08-18T07:21:08+00:00\" \/>\n<meta property=\"og:image\" content=\"https:\/\/hsicorp.com.vn\/wp-content\/uploads\/2018\/11\/logo.jpg\" \/>\n\t<meta property=\"og:image:width\" content=\"174\" \/>\n\t<meta property=\"og:image:height\" content=\"88\" \/>\n\t<meta property=\"og:image:type\" content=\"image\/jpeg\" \/>\n<meta name=\"twitter:card\" content=\"summary_large_image\" \/>\n<meta name=\"twitter:label1\" content=\"\u01af\u1edbc t\u00ednh th\u1eddi gian \u0111\u1ecdc\" \/>\n\t<meta name=\"twitter:data1\" content=\"4 ph\u00fat\" \/>\n<script type=\"application\/ld+json\" class=\"yoast-schema-graph\">{\"@context\":\"https:\/\/schema.org\",\"@graph\":[{\"@type\":\"WebPage\",\"@id\":\"https:\/\/hsicorp.com.vn\/vi\/\",\"url\":\"https:\/\/hsicorp.com.vn\/vi\/\",\"name\":\"Trang ch\u1ee7 - C\u00d4NG TY C\u1ed4 PH\u1ea6N \u0110\u1ea6U T\u01af GI\u1ea2I PH\u00c1P Y T\u1ebe\",\"isPartOf\":{\"@id\":\"https:\/\/hsicorp.com.vn\/#website\"},\"datePublished\":\"2018-06-06T02:44:53+00:00\",\"dateModified\":\"2023-08-18T07:21:08+00:00\",\"breadcrumb\":{\"@id\":\"https:\/\/hsicorp.com.vn\/vi\/#breadcrumb\"},\"inLanguage\":\"vi\",\"potentialAction\":[{\"@type\":\"ReadAction\",\"target\":[\"https:\/\/hsicorp.com.vn\/vi\/\"]}]},{\"@type\":\"BreadcrumbList\",\"@id\":\"https:\/\/hsicorp.com.vn\/vi\/#breadcrumb\",\"itemListElement\":[{\"@type\":\"ListItem\",\"position\":1,\"name\":\"Trang ch\u1ee7\",\"item\":\"https:\/\/hsicorp.com.vn\/vi\/\"},{\"@type\":\"ListItem\",\"position\":2,\"name\":\"Trang ch\u1ee7\"}]},{\"@type\":\"WebSite\",\"@id\":\"https:\/\/hsicorp.com.vn\/#website\",\"url\":\"https:\/\/hsicorp.com.vn\/\",\"name\":\"C\u00d4NG TY C\u1ed4 PH\u1ea6N \u0110\u1ea6U T\u01af GI\u1ea2I PH\u00c1P Y T\u1ebe\",\"description\":\"\",\"potentialAction\":[{\"@type\":\"SearchAction\",\"target\":{\"@type\":\"EntryPoint\",\"urlTemplate\":\"https:\/\/hsicorp.com.vn\/?s={search_term_string}\"},\"query-input\":\"required name=search_term_string\"}],\"inLanguage\":\"vi\"}]}<\/script>\n<!-- \/ Yoast SEO plugin. -->","yoast_head_json":{"title":"Trang ch\u1ee7 - C\u00d4NG TY C\u1ed4 PH\u1ea6N \u0110\u1ea6U T\u01af GI\u1ea2I PH\u00c1P Y T\u1ebe","robots":{"index":"index","follow":"follow","max-snippet":"max-snippet:-1","max-image-preview":"max-image-preview:large","max-video-preview":"max-video-preview:-1"},"canonical":"https:\/\/hsicorp.com.vn\/vi\/","og_locale":"vi_VN","og_type":"article","og_title":"Trang ch\u1ee7 - C\u00d4NG TY C\u1ed4 PH\u1ea6N \u0110\u1ea6U T\u01af GI\u1ea2I PH\u00c1P Y T\u1ebe","og_url":"https:\/\/hsicorp.com.vn\/vi\/","og_site_name":"C\u00d4NG TY C\u1ed4 PH\u1ea6N \u0110\u1ea6U T\u01af GI\u1ea2I PH\u00c1P Y T\u1ebe","article_modified_time":"2023-08-18T07:21:08+00:00","og_image":[{"width":174,"height":88,"url":"https:\/\/hsicorp.com.vn\/wp-content\/uploads\/2018\/11\/logo.jpg","type":"image\/jpeg"}],"twitter_card":"summary_large_image","twitter_misc":{"\u01af\u1edbc t\u00ednh th\u1eddi gian \u0111\u1ecdc":"4 ph\u00fat"},"schema":{"@context":"https:\/\/schema.org","@graph":[{"@type":"WebPage","@id":"https:\/\/hsicorp.com.vn\/vi\/","url":"https:\/\/hsicorp.com.vn\/vi\/","name":"Trang ch\u1ee7 - C\u00d4NG TY C\u1ed4 PH\u1ea6N \u0110\u1ea6U T\u01af GI\u1ea2I PH\u00c1P Y T\u1ebe","isPartOf":{"@id":"https:\/\/hsicorp.com.vn\/#website"},"datePublished":"2018-06-06T02:44:53+00:00","dateModified":"2023-08-18T07:21:08+00:00","breadcrumb":{"@id":"https:\/\/hsicorp.com.vn\/vi\/#breadcrumb"},"inLanguage":"vi","potentialAction":[{"@type":"ReadAction","target":["https:\/\/hsicorp.com.vn\/vi\/"]}]},{"@type":"BreadcrumbList","@id":"https:\/\/hsicorp.com.vn\/vi\/#breadcrumb","itemListElement":[{"@type":"ListItem","position":1,"name":"Trang ch\u1ee7","item":"https:\/\/hsicorp.com.vn\/vi\/"},{"@type":"ListItem","position":2,"name":"Trang ch\u1ee7"}]},{"@type":"WebSite","@id":"https:\/\/hsicorp.com.vn\/#website","url":"https:\/\/hsicorp.com.vn\/","name":"C\u00d4NG TY C\u1ed4 PH\u1ea6N \u0110\u1ea6U T\u01af GI\u1ea2I PH\u00c1P Y T\u1ebe","description":"","potentialAction":[{"@type":"SearchAction","target":{"@type":"EntryPoint","urlTemplate":"https:\/\/hsicorp.com.vn\/?s={search_term_string}"},"query-input":"required name=search_term_string"}],"inLanguage":"vi"}]}},"_links":{"self":[{"href":"https:\/\/hsicorp.com.vn\/vi\/wp-json\/wp\/v2\/pages\/4"}],"collection":[{"href":"https:\/\/hsicorp.com.vn\/vi\/wp-json\/wp\/v2\/pages"}],"about":[{"href":"https:\/\/hsicorp.com.vn\/vi\/wp-json\/wp\/v2\/types\/page"}],"author":[{"embeddable":true,"href":"https:\/\/hsicorp.com.vn\/vi\/wp-json\/wp\/v2\/users\/1"}],"replies":[{"embeddable":true,"href":"https:\/\/hsicorp.com.vn\/vi\/wp-json\/wp\/v2\/comments?post=4"}],"version-history":[{"count":47,"href":"https:\/\/hsicorp.com.vn\/vi\/wp-json\/wp\/v2\/pages\/4\/revisions"}],"predecessor-version":[{"id":501,"href":"https:\/\/hsicorp.com.vn\/vi\/wp-json\/wp\/v2\/pages\/4\/revisions\/501"}],"wp:attachment":[{"href":"https:\/\/hsicorp.com.vn\/vi\/wp-json\/wp\/v2\/media?parent=4"}],"curies":[{"name":"wp","href":"https:\/\/api.w.org\/{rel}","templated":true}]}}