{"id":22,"date":"2018-11-08T00:35:43","date_gmt":"2018-11-08T00:35:43","guid":{"rendered":"http:\/\/hsicorp.com.vn\/?page_id=22"},"modified":"2023-08-29T08:42:48","modified_gmt":"2023-08-29T01:42:48","slug":"doi-tac","status":"publish","type":"page","link":"https:\/\/hsicorp.com.vn\/vi\/doi-tac\/","title":{"rendered":"\u0110\u1ed1i t\u00e1c"},"content":{"rendered":"\n  <div class=\"banner has-hover\" id=\"banner-1071234162\">\n          <div class=\"banner-inner fill\">\n        <div class=\"banner-bg fill\" >\n            <div class=\"bg fill bg-fill \"><\/div>\n                                    \n                    <\/div><!-- bg-layers -->\n        <div class=\"banner-layers container\">\n            <div class=\"fill banner-link\"><\/div>            \n   <div id=\"text-box-679336776\" class=\"text-box banner-layer x50 md-x50 lg-x50 y50 md-y50 lg-y50 res-text\">\n                                <div class=\"text dark\">\n              \n              <div class=\"text-inner text-center\">\n                  \n<h2>\u0110\u1ed0I T\u00c1C<\/h2>\n              <\/div>\n           <\/div><!-- text-box-inner -->\n                            \n<style scope=\"scope\">\n\n#text-box-679336776 {\n  width: 60%;\n}\n#text-box-679336776 .text {\n  font-size: 100%;\n}\n<\/style>\n    <\/div><!-- text-box -->\n \n        <\/div><!-- .banner-layers -->\n      <\/div><!-- .banner-inner -->\n\n            \n<style scope=\"scope\">\n\n#banner-1071234162 {\n  padding-top: 350px;\n}\n#banner-1071234162 .bg.bg-loaded {\n  background-image: url(https:\/\/hsicorp.com.vn\/wp-content\/uploads\/2018\/11\/Banner-partner.jpg);\n}\n<\/style>\n  <\/div><!-- .banner -->\n\n\n\t<section class=\"section\" id=\"section_1148043156\">\n\t\t<div class=\"bg section-bg fill bg-fill  bg-loaded\" >\n\n\t\t\t\n\t\t\t\n\t\t\t\n\n\t\t<\/div><!-- .section-bg -->\n\n\t\t<div class=\"section-content relative\">\n\t\t\t\n<div class=\"row\"  id=\"row-950026288\">\n<div class=\"col medium-4 small-12 large-4\"  ><div class=\"col-inner\"  >\n\t<div class=\"img has-hover x md-x lg-x y md-y lg-y\" id=\"image_970363461\">\n\t\t\t\t\t\t\t\t<div class=\"img-inner dark\" >\n\t\t\t<img loading=\"lazy\" decoding=\"async\" width=\"412\" height=\"187\" src=\"https:\/\/hsicorp.com.vn\/wp-content\/uploads\/2023\/08\/Group-7.png\" class=\"attachment-original size-original\" alt=\"\" srcset=\"https:\/\/hsicorp.com.vn\/wp-content\/uploads\/2023\/08\/Group-7.png 412w, https:\/\/hsicorp.com.vn\/wp-content\/uploads\/2023\/08\/Group-7-300x136.png 300w, https:\/\/hsicorp.com.vn\/wp-content\/uploads\/2023\/08\/Group-7-18x8.png 18w\" sizes=\"(max-width: 412px) 100vw, 412px\" \/>\t\t\t\t\t\t\n\t\t\t\t\t<\/div>\n\t\t\t\t\t\t\t\t\n<style scope=\"scope\">\n\n#image_970363461 {\n  width: 100%;\n}\n<\/style>\n\t<\/div>\n\t\n<p>Hexacath \u0111\u01b0\u1ee3c th\u00e0nh l\u1eadp v\u00e0o n\u0103m 1994, chuy\u00ean ph\u00e1t tri\u1ec3n, s\u1ea3n xu\u1ea5t v\u00e0 ph\u00e2n ph\u1ed1i c\u00e1c s\u1ea3n ph\u1ea9m \u0111i\u1ec1u tr\u1ecb can thi\u1ec7p m\u1ea1ch m\u00e1u ti\u00ean ti\u1ebfn nh\u01b0: Stent ho\u1ea1t t\u00ednh sinh h\u1ecdc (BAS), \u0111a d\u1ea1ng c\u00e1c lo\u1ea1i \u1ed1ng th\u00f4ng PTCA&amp;PTA cho c\u00e1c ch\u1ec9 \u0111\u1ecbnh can thi\u1ec7p m\u1ea1ch v\u00e0nh v\u00e0 ngo\u1ea1i bi\u00ean. C\u00f4ng ty c\u00f3 tr\u1ee5 s\u1edf ch\u00ednh \u0111\u01b0\u1ee3c \u0111\u1eb7t t\u1ea1i g\u1ea7n Paris- n\u01a1i t\u1eadp trung c\u00e1c Ph\u00f2ng Th\u01b0\u01a1ng M\u1ea1i, Xu\u1ea5t Nh\u1eadp kh\u1ea9u, Ph\u00f2ng qu\u1ea3n l\u00fd tu\u00e2n th\u1ee7 quy \u0111\u1ecbnh v\u00e0 ch\u1ea5t l\u01b0\u1ee3ng. C\u00e1c nh\u00e0 m\u00e1y s\u1ea3n xu\u1ea5t \u0111\u01b0\u1ee3c \u0111\u1eb7t t\u1ea1i Doubs (Ph\u00e1p) v\u00e0 Casablanca (Maroc). C\u00e1c s\u1ea3n ph\u1ea9m c\u1ee7a Hexacath \u0111\u01b0\u1ee3c ph\u00e2n ph\u1ed1i th\u00f4ng qua m\u1ea1ng l\u01b0\u1edbi c\u00e1c chi nh\u00e1nh (\u00dd \u2013 T\u00e2y Ban Nha \u2013 Ph\u00e1p \u2013 B\u1ec9 \u2013 Ph\u1ea7n Lan) v\u00e0 c\u00e1c nh\u00e0 ph\u00e2n ph\u1ed1i \u0111\u1ed9c quy\u1ec1n t\u1eeb n\u0103m 1999.<\/p>\n<\/div><\/div>\n<div class=\"col medium-4 small-12 large-4\"  ><div class=\"col-inner\"  >\n\t<div class=\"img has-hover x md-x lg-x y md-y lg-y\" id=\"image_1506040755\">\n\t\t\t\t\t\t\t\t<div class=\"img-inner dark\" >\n\t\t\t<img loading=\"lazy\" decoding=\"async\" width=\"412\" height=\"187\" src=\"https:\/\/hsicorp.com.vn\/wp-content\/uploads\/2023\/08\/Group-6.png\" class=\"attachment-original size-original\" alt=\"\" srcset=\"https:\/\/hsicorp.com.vn\/wp-content\/uploads\/2023\/08\/Group-6.png 412w, https:\/\/hsicorp.com.vn\/wp-content\/uploads\/2023\/08\/Group-6-300x136.png 300w, https:\/\/hsicorp.com.vn\/wp-content\/uploads\/2023\/08\/Group-6-18x8.png 18w\" sizes=\"(max-width: 412px) 100vw, 412px\" \/>\t\t\t\t\t\t\n\t\t\t\t\t<\/div>\n\t\t\t\t\t\t\t\t\n<style scope=\"scope\">\n\n#image_1506040755 {\n  width: 100%;\n}\n<\/style>\n\t<\/div>\n\t\n<p>The MORCHER\u00ae GmbH l\u00e0 m\u1ed9t trong nh\u1eefng nh\u00e0 s\u1ea3n xu\u1ea5t qu\u1ed1c t\u1ebf h\u00e0ng \u0111\u1ea7u v\u1ec1 s\u1ea3n ph\u1ea9m y t\u1ebf d\u00e0nh cho ph\u1eabu thu\u1eadt m\u1eaft, \u0111\u1eb7c bi\u1ec7t chuy\u00ean s\u00e2u trong l\u0129nh v\u1ef1c c\u1ea5y gh\u00e9p m\u1eaft. T\u00ean &#8220;MORCHER\u00ae&#8221; t\u01b0\u1ee3ng tr\u01b0ng cho ch\u1ea5t l\u01b0\u1ee3ng v\u00e0 s\u1ef1 c\u1ea3i ti\u1ebfn MADE IN GERMANY. V\u1edbi m\u1ee5c ti\u00eau tr\u00ean, ch\u00fang t\u00f4i ph\u00e1t tri\u1ec3n, s\u1ea3n xu\u1ea5t v\u00e0 ph\u00e2n ph\u1ed1i c\u00e1c s\u1ea3n ph\u1ea9m ch\u1ea5t l\u01b0\u1ee3ng cao d\u00e0nh cho c\u00e1c ph\u1eabu thu\u1eadt m\u1eaft y t\u1ebf.<\/p>\n<\/div><\/div>\n<div class=\"col medium-4 small-12 large-4\"  ><div class=\"col-inner\"  >\n\t<div class=\"img has-hover x md-x lg-x y md-y lg-y\" id=\"image_1492894018\">\n\t\t\t\t\t\t\t\t<div class=\"img-inner dark\" >\n\t\t\t<img loading=\"lazy\" decoding=\"async\" width=\"412\" height=\"187\" src=\"https:\/\/hsicorp.com.vn\/wp-content\/uploads\/2023\/08\/Group-8.png\" class=\"attachment-original size-original\" alt=\"\" srcset=\"https:\/\/hsicorp.com.vn\/wp-content\/uploads\/2023\/08\/Group-8.png 412w, https:\/\/hsicorp.com.vn\/wp-content\/uploads\/2023\/08\/Group-8-300x136.png 300w, https:\/\/hsicorp.com.vn\/wp-content\/uploads\/2023\/08\/Group-8-18x8.png 18w\" sizes=\"(max-width: 412px) 100vw, 412px\" \/>\t\t\t\t\t\t\n\t\t\t\t\t<\/div>\n\t\t\t\t\t\t\t\t\n<style scope=\"scope\">\n\n#image_1492894018 {\n  width: 100%;\n}\n<\/style>\n\t<\/div>\n\t\n<p>APT Medical l\u00e0 nh\u00e0 s\u1ea3n xu\u1ea5t v\u00e0 cung c\u1ea5p h\u00e0ng \u0111\u1ea7u v\u1ec1 \u0111i\u1ec7n sinh l\u00fd v\u00e0 c\u00e1c thi\u1ebft b\u1ecb y t\u1ebf can thi\u1ec7p n\u1ed9i m\u1ea1ch, cam k\u1ebft th\u00fac \u0111\u1ea9y l\u0129nh v\u1ef1c can thi\u1ec7p b\u1eb1ng c\u00f4ng ngh\u1ec7 v\u00e0 s\u1ef1 c\u1ea3i ti\u1ebfn. Danh m\u1ee5c c\u00e1c s\u1ea3n ph\u1ea9m hi\u1ec7n t\u1ea1i c\u1ee7a APT Medical bao g\u1ed3m can thi\u1ec7p \u0110i\u1ec7n sinh l\u00fd, tim m\u1ea1ch, Ngo\u1ea1i vi v\u00e0 Th\u1ea7n kinh, g\u00f3p ph\u1ea7n mang l\u1ea1i ni\u1ec1m tin cho c\u00e1c b\u00e1c s\u0129 l\u00e2m s\u00e0ng trong vi\u1ec7c gi\u1ea3i quy\u1ebft c\u00e1c th\u00e1ch th\u1ee9c l\u00e2m s\u00e0ng. V\u1edbi t\u00e2m th\u1ebf c\u1ea3i ti\u1ebfn, APT Medical n\u1ed7 l\u1ef1c tr\u1edf th\u00e0nh nh\u00e0 d\u1eabn \u0111\u1ea7u trong ng\u00e0nh can thi\u1ec7p m\u1ea1ch \u0111\u1ed3ng th\u1eddi b\u1ea3o v\u1ec7 s\u1ee9c kh\u1ecfe c\u1ee7a c\u1ed9ng \u0111\u1ed3ng.<\/p>\n<\/div><\/div>\n<\/div>\n\t\t<\/div><!-- .section-content -->\n\n\t\t\n<style scope=\"scope\">\n\n#section_1148043156 {\n  padding-top: 30px;\n  padding-bottom: 30px;\n}\n<\/style>\n\t<\/section>\n\t\n\t<section class=\"section\" id=\"section_1107710937\">\n\t\t<div class=\"bg section-bg fill bg-fill  bg-loaded\" >\n\n\t\t\t\n\t\t\t\n\t\t\t\n\n\t\t<\/div><!-- .section-bg -->\n\n\t\t<div class=\"section-content relative\">\n\t\t\t\n\t<div class=\"img has-hover x md-x lg-x y md-y lg-y\" id=\"image_2096418379\">\n\t\t\t\t\t\t\t\t<div class=\"img-inner dark\" >\n\t\t\t<img loading=\"lazy\" decoding=\"async\" width=\"1905\" height=\"600\" src=\"https:\/\/hsicorp.com.vn\/wp-content\/uploads\/2023\/08\/anh.png\" class=\"attachment-original size-original\" alt=\"\" srcset=\"https:\/\/hsicorp.com.vn\/wp-content\/uploads\/2023\/08\/anh.png 1905w, https:\/\/hsicorp.com.vn\/wp-content\/uploads\/2023\/08\/anh-300x94.png 300w, https:\/\/hsicorp.com.vn\/wp-content\/uploads\/2023\/08\/anh-1024x323.png 1024w, https:\/\/hsicorp.com.vn\/wp-content\/uploads\/2023\/08\/anh-768x242.png 768w, https:\/\/hsicorp.com.vn\/wp-content\/uploads\/2023\/08\/anh-1536x484.png 1536w, https:\/\/hsicorp.com.vn\/wp-content\/uploads\/2023\/08\/anh-18x6.png 18w, https:\/\/hsicorp.com.vn\/wp-content\/uploads\/2023\/08\/anh-600x189.png 600w\" sizes=\"(max-width: 1905px) 100vw, 1905px\" \/>\t\t\t\t\t\t\n\t\t\t\t\t<\/div>\n\t\t\t\t\t\t\t\t\n<style scope=\"scope\">\n\n#image_2096418379 {\n  width: 100%;\n}\n<\/style>\n\t<\/div>\n\t\n\t\t<\/div><!-- .section-content -->\n\n\t\t\n<style scope=\"scope\">\n\n#section_1107710937 {\n  padding-top: 0px;\n  padding-bottom: 0px;\n}\n<\/style>\n\t<\/section>\n\t\n","protected":false},"excerpt":{"rendered":"","protected":false},"author":1,"featured_media":0,"parent":0,"menu_order":0,"comment_status":"closed","ping_status":"closed","template":"page-blank.php","meta":{"footnotes":""},"class_list":["post-22","page","type-page","status-publish","hentry"],"yoast_head":"<!-- This site is optimized with the Yoast SEO plugin v21.7 - https:\/\/yoast.com\/wordpress\/plugins\/seo\/ -->\n<title>\u0110\u1ed1i t\u00e1c - C\u00d4NG TY C\u1ed4 PH\u1ea6N \u0110\u1ea6U T\u01af GI\u1ea2I PH\u00c1P Y T\u1ebe<\/title>\n<meta name=\"robots\" content=\"index, follow, max-snippet:-1, max-image-preview:large, max-video-preview:-1\" \/>\n<link rel=\"canonical\" href=\"https:\/\/hsicorp.com.vn\/vi\/doi-tac\/\" \/>\n<meta property=\"og:locale\" content=\"vi_VN\" \/>\n<meta property=\"og:type\" content=\"article\" \/>\n<meta property=\"og:title\" content=\"\u0110\u1ed1i t\u00e1c - C\u00d4NG TY C\u1ed4 PH\u1ea6N \u0110\u1ea6U T\u01af GI\u1ea2I PH\u00c1P Y T\u1ebe\" \/>\n<meta property=\"og:url\" content=\"https:\/\/hsicorp.com.vn\/vi\/doi-tac\/\" \/>\n<meta property=\"og:site_name\" content=\"C\u00d4NG TY C\u1ed4 PH\u1ea6N \u0110\u1ea6U T\u01af GI\u1ea2I PH\u00c1P Y T\u1ebe\" \/>\n<meta property=\"article:modified_time\" content=\"2023-08-29T01:42:48+00:00\" \/>\n<meta property=\"og:image\" content=\"https:\/\/hsicorp.com.vn\/wp-content\/uploads\/2018\/11\/logo.jpg\" \/>\n\t<meta property=\"og:image:width\" content=\"174\" \/>\n\t<meta property=\"og:image:height\" content=\"88\" \/>\n\t<meta property=\"og:image:type\" content=\"image\/jpeg\" \/>\n<meta name=\"twitter:card\" content=\"summary_large_image\" \/>\n<meta name=\"twitter:label1\" content=\"\u01af\u1edbc t\u00ednh th\u1eddi gian \u0111\u1ecdc\" \/>\n\t<meta name=\"twitter:data1\" content=\"3 ph\u00fat\" \/>\n<script type=\"application\/ld+json\" class=\"yoast-schema-graph\">{\"@context\":\"https:\/\/schema.org\",\"@graph\":[{\"@type\":\"WebPage\",\"@id\":\"https:\/\/hsicorp.com.vn\/vi\/doi-tac\/\",\"url\":\"https:\/\/hsicorp.com.vn\/vi\/doi-tac\/\",\"name\":\"\u0110\u1ed1i t\u00e1c - C\u00d4NG TY C\u1ed4 PH\u1ea6N \u0110\u1ea6U T\u01af GI\u1ea2I PH\u00c1P Y T\u1ebe\",\"isPartOf\":{\"@id\":\"https:\/\/hsicorp.com.vn\/#website\"},\"datePublished\":\"2018-11-08T00:35:43+00:00\",\"dateModified\":\"2023-08-29T01:42:48+00:00\",\"breadcrumb\":{\"@id\":\"https:\/\/hsicorp.com.vn\/vi\/doi-tac\/#breadcrumb\"},\"inLanguage\":\"vi\",\"potentialAction\":[{\"@type\":\"ReadAction\",\"target\":[\"https:\/\/hsicorp.com.vn\/vi\/doi-tac\/\"]}]},{\"@type\":\"BreadcrumbList\",\"@id\":\"https:\/\/hsicorp.com.vn\/vi\/doi-tac\/#breadcrumb\",\"itemListElement\":[{\"@type\":\"ListItem\",\"position\":1,\"name\":\"Trang ch\u1ee7\",\"item\":\"https:\/\/hsicorp.com.vn\/vi\/\"},{\"@type\":\"ListItem\",\"position\":2,\"name\":\"\u0110\u1ed1i t\u00e1c\"}]},{\"@type\":\"WebSite\",\"@id\":\"https:\/\/hsicorp.com.vn\/#website\",\"url\":\"https:\/\/hsicorp.com.vn\/\",\"name\":\"C\u00d4NG TY C\u1ed4 PH\u1ea6N \u0110\u1ea6U T\u01af GI\u1ea2I PH\u00c1P Y T\u1ebe\",\"description\":\"\",\"potentialAction\":[{\"@type\":\"SearchAction\",\"target\":{\"@type\":\"EntryPoint\",\"urlTemplate\":\"https:\/\/hsicorp.com.vn\/?s={search_term_string}\"},\"query-input\":\"required name=search_term_string\"}],\"inLanguage\":\"vi\"}]}<\/script>\n<!-- \/ Yoast SEO plugin. -->","yoast_head_json":{"title":"\u0110\u1ed1i t\u00e1c - C\u00d4NG TY C\u1ed4 PH\u1ea6N \u0110\u1ea6U T\u01af GI\u1ea2I PH\u00c1P Y T\u1ebe","robots":{"index":"index","follow":"follow","max-snippet":"max-snippet:-1","max-image-preview":"max-image-preview:large","max-video-preview":"max-video-preview:-1"},"canonical":"https:\/\/hsicorp.com.vn\/vi\/doi-tac\/","og_locale":"vi_VN","og_type":"article","og_title":"\u0110\u1ed1i t\u00e1c - C\u00d4NG TY C\u1ed4 PH\u1ea6N \u0110\u1ea6U T\u01af GI\u1ea2I PH\u00c1P Y T\u1ebe","og_url":"https:\/\/hsicorp.com.vn\/vi\/doi-tac\/","og_site_name":"C\u00d4NG TY C\u1ed4 PH\u1ea6N \u0110\u1ea6U T\u01af GI\u1ea2I PH\u00c1P Y T\u1ebe","article_modified_time":"2023-08-29T01:42:48+00:00","og_image":[{"width":174,"height":88,"url":"https:\/\/hsicorp.com.vn\/wp-content\/uploads\/2018\/11\/logo.jpg","type":"image\/jpeg"}],"twitter_card":"summary_large_image","twitter_misc":{"\u01af\u1edbc t\u00ednh th\u1eddi gian \u0111\u1ecdc":"3 ph\u00fat"},"schema":{"@context":"https:\/\/schema.org","@graph":[{"@type":"WebPage","@id":"https:\/\/hsicorp.com.vn\/vi\/doi-tac\/","url":"https:\/\/hsicorp.com.vn\/vi\/doi-tac\/","name":"\u0110\u1ed1i t\u00e1c - C\u00d4NG TY C\u1ed4 PH\u1ea6N \u0110\u1ea6U T\u01af GI\u1ea2I PH\u00c1P Y T\u1ebe","isPartOf":{"@id":"https:\/\/hsicorp.com.vn\/#website"},"datePublished":"2018-11-08T00:35:43+00:00","dateModified":"2023-08-29T01:42:48+00:00","breadcrumb":{"@id":"https:\/\/hsicorp.com.vn\/vi\/doi-tac\/#breadcrumb"},"inLanguage":"vi","potentialAction":[{"@type":"ReadAction","target":["https:\/\/hsicorp.com.vn\/vi\/doi-tac\/"]}]},{"@type":"BreadcrumbList","@id":"https:\/\/hsicorp.com.vn\/vi\/doi-tac\/#breadcrumb","itemListElement":[{"@type":"ListItem","position":1,"name":"Trang ch\u1ee7","item":"https:\/\/hsicorp.com.vn\/vi\/"},{"@type":"ListItem","position":2,"name":"\u0110\u1ed1i t\u00e1c"}]},{"@type":"WebSite","@id":"https:\/\/hsicorp.com.vn\/#website","url":"https:\/\/hsicorp.com.vn\/","name":"C\u00d4NG TY C\u1ed4 PH\u1ea6N \u0110\u1ea6U T\u01af GI\u1ea2I PH\u00c1P Y T\u1ebe","description":"","potentialAction":[{"@type":"SearchAction","target":{"@type":"EntryPoint","urlTemplate":"https:\/\/hsicorp.com.vn\/?s={search_term_string}"},"query-input":"required name=search_term_string"}],"inLanguage":"vi"}]}},"_links":{"self":[{"href":"https:\/\/hsicorp.com.vn\/vi\/wp-json\/wp\/v2\/pages\/22"}],"collection":[{"href":"https:\/\/hsicorp.com.vn\/vi\/wp-json\/wp\/v2\/pages"}],"about":[{"href":"https:\/\/hsicorp.com.vn\/vi\/wp-json\/wp\/v2\/types\/page"}],"author":[{"embeddable":true,"href":"https:\/\/hsicorp.com.vn\/vi\/wp-json\/wp\/v2\/users\/1"}],"replies":[{"embeddable":true,"href":"https:\/\/hsicorp.com.vn\/vi\/wp-json\/wp\/v2\/comments?post=22"}],"version-history":[{"count":8,"href":"https:\/\/hsicorp.com.vn\/vi\/wp-json\/wp\/v2\/pages\/22\/revisions"}],"predecessor-version":[{"id":516,"href":"https:\/\/hsicorp.com.vn\/vi\/wp-json\/wp\/v2\/pages\/22\/revisions\/516"}],"wp:attachment":[{"href":"https:\/\/hsicorp.com.vn\/vi\/wp-json\/wp\/v2\/media?parent=22"}],"curies":[{"name":"wp","href":"https:\/\/api.w.org\/{rel}","templated":true}]}}