{"id":18,"date":"2018-11-08T00:35:14","date_gmt":"2018-11-08T00:35:14","guid":{"rendered":"http:\/\/hsicorp.com.vn\/?page_id=18"},"modified":"2022-12-23T03:35:29","modified_gmt":"2022-12-23T03:35:29","slug":"giai-phap-dau-tu-tong-the","status":"publish","type":"page","link":"https:\/\/hsicorp.com.vn\/vi\/giai-phap-dau-tu-tong-the\/","title":{"rendered":"Gi\u1ea3i ph\u00e1p \u0111\u1ea7u t\u01b0 t\u1ed5ng th\u1ec3"},"content":{"rendered":"\n  <div class=\"banner has-hover\" id=\"banner-570955875\">\n          <div class=\"banner-inner fill\">\n        <div class=\"banner-bg fill\" >\n            <div class=\"bg fill bg-fill \"><\/div>\n                                    \n                    <\/div><!-- bg-layers -->\n        <div class=\"banner-layers container\">\n            <div class=\"fill banner-link\"><\/div>            \n   <div id=\"text-box-109500512\" class=\"text-box banner-layer x50 md-x50 lg-x50 y50 md-y50 lg-y50 res-text\">\n                                <div class=\"text dark\">\n              \n              <div class=\"text-inner text-center\">\n                  \n<h2>GI\u1ea2I PH\u00c1P \u0110\u1ea6U T\u01af T\u1ed4NG TH\u1ec2<\/h2>\n              <\/div>\n           <\/div><!-- text-box-inner -->\n                            \n<style scope=\"scope\">\n\n#text-box-109500512 {\n  width: 60%;\n}\n#text-box-109500512 .text {\n  font-size: 100%;\n}\n<\/style>\n    <\/div><!-- text-box -->\n \n        <\/div><!-- .banner-layers -->\n      <\/div><!-- .banner-inner -->\n\n            \n<style scope=\"scope\">\n\n#banner-570955875 {\n  padding-top: 350px;\n}\n#banner-570955875 .bg.bg-loaded {\n  background-image: url(https:\/\/hsicorp.com.vn\/wp-content\/uploads\/2018\/11\/Banner-product.jpg);\n}\n<\/style>\n  <\/div><!-- .banner -->\n\n\n\t<section class=\"section\" id=\"section_2091090078\">\n\t\t<div class=\"bg section-bg fill bg-fill  bg-loaded\" >\n\n\t\t\t\n\t\t\t\n\t\t\t\n\n\t\t<\/div><!-- .section-bg -->\n\n\t\t<div class=\"section-content relative\">\n\t\t\t\n<div class=\"row\"  id=\"row-420906854\">\n<div class=\"col medium-6 small-12 large-6\"  data-animate=\"fadeInUp\"><div class=\"col-inner\"  >\n<h3><span style=\"color: #025c36;\">T\u01b0 v\u1ea5n v\u00e0 cung c\u1ea5p c\u00e1c gi\u1ea3i ph\u00e1p t\u00e0i ch\u00ednh cho b\u1ec7nh vi\u1ec7n, ph\u00f2ng kh\u00e1m<\/span><\/h3>\n<p><strong>T\u01b0 v\u1ea5n gi\u1ea3i ph\u00e1p t\u00e0i ch\u00ednh<\/strong><\/p>\n<p>\u0110\u1ed9i ng\u0169 chuy\u00ean gia t\u00e0i ch\u00ednh s\u1ebd nghi\u00ean c\u1ee9u h\u1ed3 s\u01a1,\u00a0kh\u1ea3o s\u00e1t, ph\u00e2n t\u00edch l\u1ee3i \u00edch v\u00e0 r\u1ee7i ro v\u00e0 \u0111\u01b0a ra nh\u1eefng\u00a0ph\u01b0\u01a1ng \u00e1n t\u00e0i ch\u00ednh t\u1ed1t nh\u1ea5t cho t\u1eebng h\u1ea1ng m\u1ee5c d\u1ef1 \u00e1n<\/p>\n<p><strong>Li\u00ean k\u1ebft v\u1edbi ng\u00e2n h\u00e0ng th\u1ef1c hi\u1ec7n ho\u1ea1t \u0111\u1ed9ng h\u1ed7 tr\u1ee3\u00a0v\u1ed1n vay \u01b0u \u0111\u00e3i \u0111\u1ea7u t\u01b0 b\u1ec7nh vi\u1ec7n, ph\u00f2ng kh\u00e1m<\/strong><\/p>\n<p>Ng\u00e2n h\u00e0ng li\u00ean k\u1ebft v\u1edbi HSI s\u1ebd h\u1ed7 tr\u1ee3 kh\u00e1ch h\u00e0ng vay\u00a0v\u1ed1n m\u1edf ph\u00f2ng kh\u00e1m v\u1edbi m\u1ee9c l\u00e3i su\u1ea5t \u01b0u \u0111\u00e3i nh\u1ea5t<\/p>\n<\/div><\/div>\n<div class=\"col medium-6 small-12 large-6\"  ><div class=\"col-inner\"  >\n\t<div class=\"img has-hover x md-x lg-x y md-y lg-y\" id=\"image_2035691941\">\n\t\t\t\t\t\t<div data-animate=\"fadeInUp\">\t\t<div class=\"img-inner dark\" >\n\t\t\t<img loading=\"lazy\" decoding=\"async\" width=\"630\" height=\"463\" src=\"https:\/\/hsicorp.com.vn\/wp-content\/uploads\/2018\/11\/P1-1.jpg\" class=\"attachment-large size-large\" alt=\"\" srcset=\"https:\/\/hsicorp.com.vn\/wp-content\/uploads\/2018\/11\/P1-1.jpg 630w, https:\/\/hsicorp.com.vn\/wp-content\/uploads\/2018\/11\/P1-1-600x441.jpg 600w, https:\/\/hsicorp.com.vn\/wp-content\/uploads\/2018\/11\/P1-1-300x220.jpg 300w\" sizes=\"(max-width: 630px) 100vw, 630px\" \/>\t\t\t\t\t\t\n\t\t\t\t\t<\/div>\n\t\t<\/div>\t\t\t\t\t\t\n<style scope=\"scope\">\n\n#image_2035691941 {\n  width: 100%;\n}\n<\/style>\n\t<\/div>\n\t\n<\/div><\/div>\n<\/div>\n<div class=\"row\"  id=\"row-1132127938\">\n<div class=\"col medium-6 small-12 large-6\"  data-animate=\"fadeInUp\"><div class=\"col-inner\"  >\n\t<div class=\"img has-hover x md-x lg-x y md-y lg-y\" id=\"image_2036714041\">\n\t\t\t\t\t\t\t\t<div class=\"img-inner dark\" >\n\t\t\t<img loading=\"lazy\" decoding=\"async\" width=\"767\" height=\"808\" src=\"https:\/\/hsicorp.com.vn\/wp-content\/uploads\/2018\/11\/P2.jpg\" class=\"attachment-large size-large\" alt=\"\" srcset=\"https:\/\/hsicorp.com.vn\/wp-content\/uploads\/2018\/11\/P2.jpg 767w, https:\/\/hsicorp.com.vn\/wp-content\/uploads\/2018\/11\/P2-600x632.jpg 600w, https:\/\/hsicorp.com.vn\/wp-content\/uploads\/2018\/11\/P2-285x300.jpg 285w\" sizes=\"(max-width: 767px) 100vw, 767px\" \/>\t\t\t\t\t\t\n\t\t\t\t\t<\/div>\n\t\t\t\t\t\t\t\t\n<style scope=\"scope\">\n\n#image_2036714041 {\n  width: 100%;\n}\n<\/style>\n\t<\/div>\n\t\n<\/div><\/div>\n<div class=\"col medium-6 small-12 large-6\"  data-animate=\"fadeInUp\"><div class=\"col-inner\"  >\n<h3><span style=\"color: #025c36;\">Cho thu\u00ea \/ \u0111\u1eb7t m\u00e1y x\u00e3 h\u1ed9i h\u00f3a<\/span><\/h3>\n<p><strong>Cho thu\u00ea m\u00e1y m\u00f3c thi\u1ebft b\u1ecb<\/strong><\/p>\n<p>\u0110\u1ed9i ng\u0169 chuy\u00ean vi\u00ean HSI s\u1ebd \u0111\u01b0a ra nhi\u1ec1u ph\u01b0\u01a1ng \u00e1n\u00a0cho thu\u00ea thi\u1ebft b\u1ecb y t\u1ebf t\u00f9y thu\u1ed9c v\u00e0o nhu c\u1ea7u kh\u00e1ch h\u00e0ng<\/p>\n<p><b>G\u00f3p t\u00e0i s\u1ea3n<\/b><\/p>\n<p>Ch\u00fang t\u00f4i h\u1ee3p t\u00e1c v\u1edbi c\u00e1c b\u1ec7nh vi\u1ec7n, c\u01a1 s\u1edf y t\u1ebf, s\u1eed\u00a0d\u1ee5ng t\u00e0i s\u1ea3n l\u00e0 trang thi\u1ebft b\u1ecb, nh\u00e0 c\u1eeda, c\u01a1 s\u1edf h\u1ea1 t\u1ea7ng \u0111\u1ec3 li\u00ean doanh, li\u00ean k\u1ebft t\u1ed5 ch\u1ee9c c\u00e1c ho\u1ea1t \u0111\u1ed9ng d\u1ecbch v\u1ee5<\/p>\n<p><strong>G\u00f3p v\u1ed1n<\/strong><\/p>\n<p>C\u01a1 s\u1edf y t\u1ebf c\u00f4ng l\u1eadp v\u00e0 ph\u00eda \u0111\u1ed1i t\u00e1c li\u00ean doanh c\u00f9ng\u00a0g\u00f3p v\u1ed1n b\u1eb1ng ti\u1ec1n m\u1eb7t \u0111\u1ec3 mua s\u1eafm trang thi\u1ebft b\u1ecb \u00a0ph\u1ee5c v\u1ee5 ho\u1ea1t \u0111\u1ed9ng d\u1ecbch v\u1ee5.<\/p>\n<\/div><\/div>\n<\/div>\n<div class=\"row\"  id=\"row-662103156\">\n<div class=\"col medium-6 small-12 large-6\"  data-animate=\"fadeInUp\"><div class=\"col-inner\"  >\n<div class=\"gap-element\" style=\"display:block; height:auto; padding-top:81px\" class=\"clearfix\"><\/div>\n<h3><span style=\"color: #025c36;\">B\u00e1n thi\u1ebft b\u1ecb tr\u1ea3 ch\u1eadm<\/span><\/h3>\n<p>Ch\u00fang t\u00f4i h\u1ed7 tr\u1ee3 c\u00e1c b\u1ec7nh vi\u1ec7n, c\u01a1 s\u1edf y t\u1ebf mua\u00a0thi\u1ebft b\u1ecb v\u00e0 thanh to\u00e1n l\u00e0m nhi\u1ec1u \u0111\u1ee3t trong\u00a0v\u00f2ng t\u1eeb 3 th\u00e1ng \u0111\u1ebfn 2 n\u0103m v\u1edbi l\u00e3i su\u1ea5t \u01b0u \u0111\u00e3i so\u00a0v\u1edbi th\u1ecb tr\u01b0\u1eddng.<\/p>\n<\/div><\/div>\n<div class=\"col medium-6 small-12 large-6\"  data-animate=\"fadeInUp\"><div class=\"col-inner\"  >\n\t<div class=\"img has-hover x md-x lg-x y md-y lg-y\" id=\"image_803012212\">\n\t\t\t\t\t\t\t\t<div class=\"img-inner dark\" >\n\t\t\t<img loading=\"lazy\" decoding=\"async\" width=\"630\" height=\"463\" src=\"https:\/\/hsicorp.com.vn\/wp-content\/uploads\/2018\/11\/P3-1.jpg\" class=\"attachment-large size-large\" alt=\"\" srcset=\"https:\/\/hsicorp.com.vn\/wp-content\/uploads\/2018\/11\/P3-1.jpg 630w, https:\/\/hsicorp.com.vn\/wp-content\/uploads\/2018\/11\/P3-1-600x441.jpg 600w, https:\/\/hsicorp.com.vn\/wp-content\/uploads\/2018\/11\/P3-1-300x220.jpg 300w\" sizes=\"(max-width: 630px) 100vw, 630px\" \/>\t\t\t\t\t\t\n\t\t\t\t\t<\/div>\n\t\t\t\t\t\t\t\t\n<style scope=\"scope\">\n\n#image_803012212 {\n  width: 100%;\n}\n<\/style>\n\t<\/div>\n\t\n<\/div><\/div>\n<\/div>\n<div class=\"row\"  id=\"row-281763609\">\n<div class=\"col medium-6 small-12 large-6\"  data-animate=\"fadeInUp\"><div class=\"col-inner\"  >\n\t<div class=\"img has-hover x md-x lg-x y md-y lg-y\" id=\"image_665875593\">\n\t\t\t\t\t\t\t\t<div class=\"img-inner dark\" >\n\t\t\t<img loading=\"lazy\" decoding=\"async\" width=\"630\" height=\"463\" src=\"https:\/\/hsicorp.com.vn\/wp-content\/uploads\/2018\/11\/p4-1.jpg\" class=\"attachment-large size-large\" alt=\"\" srcset=\"https:\/\/hsicorp.com.vn\/wp-content\/uploads\/2018\/11\/p4-1.jpg 630w, https:\/\/hsicorp.com.vn\/wp-content\/uploads\/2018\/11\/p4-1-600x441.jpg 600w, https:\/\/hsicorp.com.vn\/wp-content\/uploads\/2018\/11\/p4-1-300x220.jpg 300w\" sizes=\"(max-width: 630px) 100vw, 630px\" \/>\t\t\t\t\t\t\n\t\t\t\t\t<\/div>\n\t\t\t\t\t\t\t\t\n<style scope=\"scope\">\n\n#image_665875593 {\n  width: 100%;\n}\n<\/style>\n\t<\/div>\n\t\n<\/div><\/div>\n<div class=\"col medium-6 small-12 large-6\"  data-animate=\"fadeInUp\"><div class=\"col-inner\"  >\n<div class=\"gap-element\" style=\"display:block; height:auto; padding-top:81px\" class=\"clearfix\"><\/div>\n<h3><span style=\"color: #025c36;\">\u0110\u1ea7u t\u01b0 \u0111\u1ed1i t\u00e1c c\u00f4ng t\u01b0<\/span><\/h3>\n<p>\u0110\u1ea7u t\u01b0 theo h\u00ecnh th\u1ee9c \u0111\u1ed1i t\u00e1c c\u00f4ng t\u01b0 gi\u00fap linh ho\u1ea1t\u00a0v\u1ec1 ngu\u1ed3n t\u00e0i ch\u00ednh, n\u00e2ng cao hi\u1ec7u qu\u1ea3 \u0111\u1ea7u t\u01b0, cung\u00a0c\u1ea5p h\u1ec7 th\u1ed1ng d\u1ecbch v\u1ee5 ch\u1ea5t l\u01b0\u1ee3ng c\u0169ng nh\u01b0 th\u00fac \u0111\u1ea9y\u00a0c\u1ea3i c\u00e1ch th\u1ec3 ch\u1ebf .<\/p>\n<\/div><\/div>\n<\/div>\n<div class=\"row\"  id=\"row-1214704737\">\n<div class=\"col medium-6 small-12 large-6\"  data-animate=\"fadeInUp\"><div class=\"col-inner\"  >\n<div class=\"gap-element\" style=\"display:block; height:auto; padding-top:81px\" class=\"clearfix\"><\/div>\n<h3><span style=\"color: #025c36;\">Cung c\u1ea5p thi\u1ebft b\u1ecb v\u00e0 d\u1ee5ng c\u1ee5 y t\u1ebf<\/span><\/h3>\n<p>Ch\u00fang t\u00f4i cung c\u1ea5p nh\u1eefng s\u1ea3n ph\u1ea9m y t\u1ebf c\u00f4ng ngh\u1ec7 cao nh\u1eb1m h\u1ed7 tr\u1ee3 t\u1ed1i \u0111a v\u00e0 n\u00e2ng cao hi\u1ec7u qu\u1ea3 trong qu\u00e1 tr\u00ecnh ch\u0103m s\u00f3c s\u1ee9c kh\u1ecfe v\u00e0 \u0111i\u1ec1u tr\u1ecb c\u1ee7a b\u1ec7nh nh\u00e2n<\/p>\n<\/div><\/div>\n<div class=\"col medium-6 small-12 large-6\"  data-animate=\"fadeInUp\"><div class=\"col-inner\"  >\n\t<div class=\"img has-hover x md-x lg-x y md-y lg-y\" id=\"image_321919815\">\n\t\t\t\t\t\t\t\t<div class=\"img-inner dark\" >\n\t\t\t<img loading=\"lazy\" decoding=\"async\" width=\"960\" height=\"637\" src=\"https:\/\/hsicorp.com.vn\/wp-content\/uploads\/2018\/12\/cho-thue.jpg\" class=\"attachment-large size-large\" alt=\"\" srcset=\"https:\/\/hsicorp.com.vn\/wp-content\/uploads\/2018\/12\/cho-thue.jpg 960w, https:\/\/hsicorp.com.vn\/wp-content\/uploads\/2018\/12\/cho-thue-600x398.jpg 600w, https:\/\/hsicorp.com.vn\/wp-content\/uploads\/2018\/12\/cho-thue-300x199.jpg 300w, https:\/\/hsicorp.com.vn\/wp-content\/uploads\/2018\/12\/cho-thue-768x510.jpg 768w\" sizes=\"(max-width: 960px) 100vw, 960px\" \/>\t\t\t\t\t\t\n\t\t\t\t\t<\/div>\n\t\t\t\t\t\t\t\t\n<style scope=\"scope\">\n\n#image_321919815 {\n  width: 100%;\n}\n<\/style>\n\t<\/div>\n\t\n<\/div><\/div>\n<\/div>\n<div class=\"row\"  id=\"row-157092207\">\n<div class=\"col medium-6 small-12 large-6\"  data-animate=\"fadeInUp\"><div class=\"col-inner\"  >\n\t<div class=\"img has-hover x md-x lg-x y md-y lg-y\" id=\"image_783810723\">\n\t\t\t\t\t\t\t\t<div class=\"img-inner dark\" >\n\t\t\t<img loading=\"lazy\" decoding=\"async\" width=\"630\" height=\"463\" src=\"https:\/\/hsicorp.com.vn\/wp-content\/uploads\/2018\/11\/p5-1.jpg\" class=\"attachment-large size-large\" alt=\"\" srcset=\"https:\/\/hsicorp.com.vn\/wp-content\/uploads\/2018\/11\/p5-1.jpg 630w, https:\/\/hsicorp.com.vn\/wp-content\/uploads\/2018\/11\/p5-1-600x441.jpg 600w, https:\/\/hsicorp.com.vn\/wp-content\/uploads\/2018\/11\/p5-1-300x220.jpg 300w\" sizes=\"(max-width: 630px) 100vw, 630px\" \/>\t\t\t\t\t\t\n\t\t\t\t\t<\/div>\n\t\t\t\t\t\t\t\t\n<style scope=\"scope\">\n\n#image_783810723 {\n  width: 100%;\n}\n<\/style>\n\t<\/div>\n\t\n<\/div><\/div>\n<div class=\"col medium-6 small-12 large-6\"  data-animate=\"fadeInUp\"><div class=\"col-inner\"  >\n<div class=\"gap-element\" style=\"display:block; height:auto; padding-top:81px\" class=\"clearfix\"><\/div>\n<h3><span style=\"color: #025c36;\">H\u1ee3p t\u00e1c \u0111\u1ea7u t\u01b0 x\u00e2y d\u1ef1ng v\u00e0 qu\u1ea3n l\u00fd b\u1ec7nh vi\u1ec7n<\/span><\/h3>\n<p>Ch\u00fang t\u00f4i cung c\u1ea5p c\u00e1c g\u00f3i x\u00e2y d\u1ef1ng c\u01a1 s\u1edf h\u1ea1 t\u1ea7ng b\u1ec7nh vi\u1ec7n to\u00e0n di\u1ec7n, \u0111\u1ea3m b\u1ea3o ch\u1ea5t l\u01b0\u1ee3ng v\u00e0 uy t\u00edn.<\/p>\n<\/div><\/div>\n<\/div>\n\t\t<\/div><!-- .section-content -->\n\n\t\t\n<style scope=\"scope\">\n\n#section_2091090078 {\n  padding-top: 30px;\n  padding-bottom: 30px;\n}\n<\/style>\n\t<\/section>\n\t\n\t<section class=\"section\" id=\"section_596936730\">\n\t\t<div class=\"bg section-bg fill bg-fill  bg-loaded\" >\n\n\t\t\t\n\t\t\t\n\t\t\t\n\n\t\t<\/div><!-- .section-bg -->\n\n\t\t<div class=\"section-content relative\">\n\t\t\t\n\n\t\t<\/div><!-- .section-content -->\n\n\t\t\n<style scope=\"scope\">\n\n#section_596936730 {\n  padding-top: 0px;\n  padding-bottom: 0px;\n}\n<\/style>\n\t<\/section>\n\t\n","protected":false},"excerpt":{"rendered":"","protected":false},"author":1,"featured_media":0,"parent":0,"menu_order":0,"comment_status":"closed","ping_status":"closed","template":"page-blank.php","meta":{"footnotes":""},"class_list":["post-18","page","type-page","status-publish","hentry"],"yoast_head":"<!-- This site is optimized with the Yoast SEO plugin v21.7 - https:\/\/yoast.com\/wordpress\/plugins\/seo\/ -->\n<title>Gi\u1ea3i ph\u00e1p \u0111\u1ea7u t\u01b0 t\u1ed5ng th\u1ec3 - C\u00d4NG TY C\u1ed4 PH\u1ea6N \u0110\u1ea6U T\u01af GI\u1ea2I PH\u00c1P Y T\u1ebe<\/title>\n<meta name=\"robots\" content=\"index, follow, max-snippet:-1, max-image-preview:large, max-video-preview:-1\" \/>\n<link rel=\"canonical\" href=\"https:\/\/hsicorp.com.vn\/vi\/giai-phap-dau-tu-tong-the\/\" \/>\n<meta property=\"og:locale\" content=\"vi_VN\" \/>\n<meta property=\"og:type\" content=\"article\" \/>\n<meta property=\"og:title\" content=\"Gi\u1ea3i ph\u00e1p \u0111\u1ea7u t\u01b0 t\u1ed5ng th\u1ec3 - C\u00d4NG TY C\u1ed4 PH\u1ea6N \u0110\u1ea6U T\u01af GI\u1ea2I PH\u00c1P Y T\u1ebe\" \/>\n<meta property=\"og:url\" content=\"https:\/\/hsicorp.com.vn\/vi\/giai-phap-dau-tu-tong-the\/\" \/>\n<meta property=\"og:site_name\" content=\"C\u00d4NG TY C\u1ed4 PH\u1ea6N \u0110\u1ea6U T\u01af GI\u1ea2I PH\u00c1P Y T\u1ebe\" \/>\n<meta property=\"article:modified_time\" content=\"2022-12-23T03:35:29+00:00\" \/>\n<meta property=\"og:image\" content=\"https:\/\/hsicorp.com.vn\/wp-content\/uploads\/2018\/11\/logo.jpg\" \/>\n\t<meta property=\"og:image:width\" content=\"174\" \/>\n\t<meta property=\"og:image:height\" content=\"88\" \/>\n\t<meta property=\"og:image:type\" content=\"image\/jpeg\" \/>\n<meta name=\"twitter:card\" content=\"summary_large_image\" \/>\n<meta name=\"twitter:label1\" content=\"\u01af\u1edbc t\u00ednh th\u1eddi gian \u0111\u1ecdc\" \/>\n\t<meta name=\"twitter:data1\" content=\"4 ph\u00fat\" \/>\n<script type=\"application\/ld+json\" class=\"yoast-schema-graph\">{\"@context\":\"https:\/\/schema.org\",\"@graph\":[{\"@type\":\"WebPage\",\"@id\":\"https:\/\/hsicorp.com.vn\/vi\/giai-phap-dau-tu-tong-the\/\",\"url\":\"https:\/\/hsicorp.com.vn\/vi\/giai-phap-dau-tu-tong-the\/\",\"name\":\"Gi\u1ea3i ph\u00e1p \u0111\u1ea7u t\u01b0 t\u1ed5ng th\u1ec3 - C\u00d4NG TY C\u1ed4 PH\u1ea6N \u0110\u1ea6U T\u01af GI\u1ea2I PH\u00c1P Y T\u1ebe\",\"isPartOf\":{\"@id\":\"https:\/\/hsicorp.com.vn\/#website\"},\"datePublished\":\"2018-11-08T00:35:14+00:00\",\"dateModified\":\"2022-12-23T03:35:29+00:00\",\"breadcrumb\":{\"@id\":\"https:\/\/hsicorp.com.vn\/vi\/giai-phap-dau-tu-tong-the\/#breadcrumb\"},\"inLanguage\":\"vi\",\"potentialAction\":[{\"@type\":\"ReadAction\",\"target\":[\"https:\/\/hsicorp.com.vn\/vi\/giai-phap-dau-tu-tong-the\/\"]}]},{\"@type\":\"BreadcrumbList\",\"@id\":\"https:\/\/hsicorp.com.vn\/vi\/giai-phap-dau-tu-tong-the\/#breadcrumb\",\"itemListElement\":[{\"@type\":\"ListItem\",\"position\":1,\"name\":\"Trang ch\u1ee7\",\"item\":\"https:\/\/hsicorp.com.vn\/vi\/\"},{\"@type\":\"ListItem\",\"position\":2,\"name\":\"Gi\u1ea3i ph\u00e1p \u0111\u1ea7u t\u01b0 t\u1ed5ng th\u1ec3\"}]},{\"@type\":\"WebSite\",\"@id\":\"https:\/\/hsicorp.com.vn\/#website\",\"url\":\"https:\/\/hsicorp.com.vn\/\",\"name\":\"C\u00d4NG TY C\u1ed4 PH\u1ea6N \u0110\u1ea6U T\u01af GI\u1ea2I PH\u00c1P Y T\u1ebe\",\"description\":\"\",\"potentialAction\":[{\"@type\":\"SearchAction\",\"target\":{\"@type\":\"EntryPoint\",\"urlTemplate\":\"https:\/\/hsicorp.com.vn\/?s={search_term_string}\"},\"query-input\":\"required name=search_term_string\"}],\"inLanguage\":\"vi\"}]}<\/script>\n<!-- \/ Yoast SEO plugin. -->","yoast_head_json":{"title":"Gi\u1ea3i ph\u00e1p \u0111\u1ea7u t\u01b0 t\u1ed5ng th\u1ec3 - C\u00d4NG TY C\u1ed4 PH\u1ea6N \u0110\u1ea6U T\u01af GI\u1ea2I PH\u00c1P Y T\u1ebe","robots":{"index":"index","follow":"follow","max-snippet":"max-snippet:-1","max-image-preview":"max-image-preview:large","max-video-preview":"max-video-preview:-1"},"canonical":"https:\/\/hsicorp.com.vn\/vi\/giai-phap-dau-tu-tong-the\/","og_locale":"vi_VN","og_type":"article","og_title":"Gi\u1ea3i ph\u00e1p \u0111\u1ea7u t\u01b0 t\u1ed5ng th\u1ec3 - C\u00d4NG TY C\u1ed4 PH\u1ea6N \u0110\u1ea6U T\u01af GI\u1ea2I PH\u00c1P Y T\u1ebe","og_url":"https:\/\/hsicorp.com.vn\/vi\/giai-phap-dau-tu-tong-the\/","og_site_name":"C\u00d4NG TY C\u1ed4 PH\u1ea6N \u0110\u1ea6U T\u01af GI\u1ea2I PH\u00c1P Y T\u1ebe","article_modified_time":"2022-12-23T03:35:29+00:00","og_image":[{"width":174,"height":88,"url":"https:\/\/hsicorp.com.vn\/wp-content\/uploads\/2018\/11\/logo.jpg","type":"image\/jpeg"}],"twitter_card":"summary_large_image","twitter_misc":{"\u01af\u1edbc t\u00ednh th\u1eddi gian \u0111\u1ecdc":"4 ph\u00fat"},"schema":{"@context":"https:\/\/schema.org","@graph":[{"@type":"WebPage","@id":"https:\/\/hsicorp.com.vn\/vi\/giai-phap-dau-tu-tong-the\/","url":"https:\/\/hsicorp.com.vn\/vi\/giai-phap-dau-tu-tong-the\/","name":"Gi\u1ea3i ph\u00e1p \u0111\u1ea7u t\u01b0 t\u1ed5ng th\u1ec3 - C\u00d4NG TY C\u1ed4 PH\u1ea6N \u0110\u1ea6U T\u01af GI\u1ea2I PH\u00c1P Y T\u1ebe","isPartOf":{"@id":"https:\/\/hsicorp.com.vn\/#website"},"datePublished":"2018-11-08T00:35:14+00:00","dateModified":"2022-12-23T03:35:29+00:00","breadcrumb":{"@id":"https:\/\/hsicorp.com.vn\/vi\/giai-phap-dau-tu-tong-the\/#breadcrumb"},"inLanguage":"vi","potentialAction":[{"@type":"ReadAction","target":["https:\/\/hsicorp.com.vn\/vi\/giai-phap-dau-tu-tong-the\/"]}]},{"@type":"BreadcrumbList","@id":"https:\/\/hsicorp.com.vn\/vi\/giai-phap-dau-tu-tong-the\/#breadcrumb","itemListElement":[{"@type":"ListItem","position":1,"name":"Trang ch\u1ee7","item":"https:\/\/hsicorp.com.vn\/vi\/"},{"@type":"ListItem","position":2,"name":"Gi\u1ea3i ph\u00e1p \u0111\u1ea7u t\u01b0 t\u1ed5ng th\u1ec3"}]},{"@type":"WebSite","@id":"https:\/\/hsicorp.com.vn\/#website","url":"https:\/\/hsicorp.com.vn\/","name":"C\u00d4NG TY C\u1ed4 PH\u1ea6N \u0110\u1ea6U T\u01af GI\u1ea2I PH\u00c1P Y T\u1ebe","description":"","potentialAction":[{"@type":"SearchAction","target":{"@type":"EntryPoint","urlTemplate":"https:\/\/hsicorp.com.vn\/?s={search_term_string}"},"query-input":"required name=search_term_string"}],"inLanguage":"vi"}]}},"_links":{"self":[{"href":"https:\/\/hsicorp.com.vn\/vi\/wp-json\/wp\/v2\/pages\/18"}],"collection":[{"href":"https:\/\/hsicorp.com.vn\/vi\/wp-json\/wp\/v2\/pages"}],"about":[{"href":"https:\/\/hsicorp.com.vn\/vi\/wp-json\/wp\/v2\/types\/page"}],"author":[{"embeddable":true,"href":"https:\/\/hsicorp.com.vn\/vi\/wp-json\/wp\/v2\/users\/1"}],"replies":[{"embeddable":true,"href":"https:\/\/hsicorp.com.vn\/vi\/wp-json\/wp\/v2\/comments?post=18"}],"version-history":[{"count":10,"href":"https:\/\/hsicorp.com.vn\/vi\/wp-json\/wp\/v2\/pages\/18\/revisions"}],"predecessor-version":[{"id":178,"href":"https:\/\/hsicorp.com.vn\/vi\/wp-json\/wp\/v2\/pages\/18\/revisions\/178"}],"wp:attachment":[{"href":"https:\/\/hsicorp.com.vn\/vi\/wp-json\/wp\/v2\/media?parent=18"}],"curies":[{"name":"wp","href":"https:\/\/api.w.org\/{rel}","templated":true}]}}