{"id":16,"date":"2018-11-08T00:34:59","date_gmt":"2018-11-08T00:34:59","guid":{"rendered":"http:\/\/hsicorp.com.vn\/?page_id=16"},"modified":"2023-01-11T07:46:44","modified_gmt":"2023-01-11T07:46:44","slug":"gioi-thieu","status":"publish","type":"page","link":"https:\/\/hsicorp.com.vn\/vi\/gioi-thieu\/","title":{"rendered":"Gi\u1edbi thi\u1ec7u"},"content":{"rendered":"\n  <div class=\"banner has-hover\" id=\"banner-423711901\">\n          <div class=\"banner-inner fill\">\n        <div class=\"banner-bg fill\" >\n            <div class=\"bg fill bg-fill \"><\/div>\n                                    \n                    <\/div><!-- bg-layers -->\n        <div class=\"banner-layers container\">\n            <div class=\"fill banner-link\"><\/div>            \n        <\/div><!-- .banner-layers -->\n      <\/div><!-- .banner-inner -->\n\n            \n<style scope=\"scope\">\n\n#banner-423711901 {\n  padding-top: 350px;\n}\n#banner-423711901 .bg.bg-loaded {\n  background-image: url(https:\/\/hsicorp.com.vn\/wp-content\/uploads\/2018\/11\/Banner-home.jpg);\n}\n<\/style>\n  <\/div><!-- .banner -->\n\n\n\t<section class=\"section\" id=\"section_1357910999\">\n\t\t<div class=\"bg section-bg fill bg-fill  bg-loaded\" >\n\n\t\t\t\n\t\t\t\n\t\t\t\n\n\t\t<\/div><!-- .section-bg -->\n\n\t\t<div class=\"section-content relative\">\n\t\t\t\n<div class=\"row\"  id=\"row-891849807\">\n<div class=\"col small-12 large-12\"  data-animate=\"fadeInUp\"><div class=\"col-inner\"  >\n<h3><span style=\"color: #025c36;\">Gi\u1edbi thi\u1ec7u c\u00f4ng ty<\/span><\/h3>\n<p>C\u00f4ng ty C\u1ed5 ph\u1ea7n \u0110\u1ea7u t\u01b0 Gi\u1ea3i ph\u00e1p y t\u1ebf HSI th\u00e0nh l\u1eadp v\u00e0o n\u0103m 2010 l\u00e0 m\u1ed9t \u0111\u01a1n v\u1ecb chuy\u00ean t\u01b0 v\u1ea5n, cung c\u1ea5p c\u00e1c g\u00f3i gi\u1ea3i ph\u00e1p \u0111\u1ea7u t\u01b0 cho b\u1ec7nh vi\u1ec7n, ph\u00f2ng kh\u00e1m v\u00e0 th\u1ef1c hi\u1ec7n c\u00e1c d\u1ef1 \u00e1n x\u00e3 h\u1ed9i h\u00f3a y t\u1ebf tr\u00ean ph\u1ea1m vi to\u00e0n qu\u1ed1c.<\/p>\n<p>Ch\u00fang t\u00f4i lu\u00f4n c\u1ed1 g\u1eafng n\u1ed7 l\u1ef1c \u0111em \u0111\u1ebfn nh\u1eefng gi\u1ea3i ph\u00e1p \u0111\u1ea7u t\u01b0 hi\u1ec7u qu\u1ea3 nh\u1ea5t cho c\u00e1c b\u1ec7nh vi\u1ec7n, c\u01a1 s\u1edf y t\u1ebf th\u00f4ng qua vi\u00eac cho thu\u00ea m\u00e1y, li\u00ean doanh li\u00ean k\u1ebft \u0111\u1eb7t m\u00e1y v\u00e0 h\u1ee3p t\u00e1c c\u00f4ng t\u01b0. Ngo\u00e0i ra, v\u1edbi ph\u1ea1m vi ti\u1ebfp c\u1eadn to\u00e0n qu\u1ed1c v\u00e0 m\u1ee5c ti\u00eau k\u1ebft n\u1ed1i s\u1ea3n ph\u1ea9m v\u00e0 d\u1ecbch v\u1ee5 h\u1ed7 tr\u1ee3 s\u1ee9c kh\u1ecfe con ng\u01b0\u1eddi, ch\u00fang t\u00f4i \u0111\u00e3 v\u00e0 \u0111ang ti\u1ebfn h\u00e0nh nghi\u00ean c\u1ee9u c\u00e1c gi\u1ea3i ph\u00e1p y t\u1ebf t\u1eeb xa cho d\u1ecbch v\u1ee5 ch\u0103m s\u00f3c s\u1ee9c kh\u1ecfe t\u1ea1i Vi\u1ec7t Nam. C\u00f4ng ngh\u1ec7 y t\u1ebf t\u1eeb xa \u0111\u01b0\u1ee3c t\u1ea1o ra nh\u01b0 m\u1ed9t c\u00e1ch \u0111i\u1ec1u tr\u1ecb b\u1ec7nh nh\u00e2n \u1edf nh\u1eefng v\u00f9ng xa x\u00f4i, c\u00e1ch xa c\u00e1c c\u01a1 s\u1edf y t\u1ebf \u0111\u1ecba ph\u01b0\u01a1ng hay trong nh\u1eefng khu v\u1ef1c c\u00f3 s\u1ef1 thi\u1ebfu h\u1ee5t c\u1ee7a c\u00e1c chuy\u00ean gia y t\u1ebf.<\/p>\n<p>\u0110\u1ec3 ti\u1ebfp c\u1eadn d\u1ef1 \u00e1n ch\u00ednh x\u00e1c, ch\u00fang t\u00f4i lu\u00f4n \u0111\u1eb7t m\u00ecnh l\u00e0 chuy\u00ean vi\u00ean \u0111\u1ea7u t\u01b0 v\u00e0 t\u00e0i ch\u00ednh c\u00e1 nh\u00e2n c\u1ee7a b\u1ec7nh vi\u1ec7n v\u00e0 qu\u1ea3n l\u00fd hi\u1ec7u qu\u1ea3 m\u1ecdi kh\u00eda c\u1ea1nh trong c\u00f4ng vi\u1ec7c \u0111\u1ea7u t\u01b0 c\u1ee7a h\u1ecd. \u0110\u1ed9i ng\u0169 chuy\u00ean gia c\u1ee7a ch\u00fang t\u00f4i cung c\u1ea5p cho kh\u00e1ch h\u00e0ng ki\u1ebfn th\u1ee9c v\u00e0 k\u1ef9 n\u0103ng v\u1ec1 c\u00e1c kh\u00eda c\u1ea1nh quan tr\u1ecdng c\u1ee7a v\u1ea5n \u0111\u1ec1 \u0111\u1ea7u t\u01b0 v\u00e0o c\u00e1c d\u1ef1 \u00e1n \u0111\u1ec3 t\u1ed1i \u01b0u h\u00f3a l\u1ee3i \u00edch cho c\u1ea3 ng\u01b0\u1eddi b\u1ec7nh v\u00e0 b\u1ec7nh vi\u1ec7n.<\/p>\n<p>V\u1edbi tinh th\u1ea7n lu\u00f4n \u0111\u1ed5i m\u1edbi \u0111\u1ec3 ph\u00e1t tri\u1ec3n, HSI t\u1ef1 tin s\u1ebd l\u00e0 \u0111\u1ed1i t\u00e1c \u0111\u00e1ng tin c\u1eady c\u1ee7a kh\u00e1ch h\u00e0ng.<\/p>\n<\/div><\/div>\n<\/div>\n\t\t<\/div><!-- .section-content -->\n\n\t\t\n<style scope=\"scope\">\n\n#section_1357910999 {\n  padding-top: 30px;\n  padding-bottom: 30px;\n}\n<\/style>\n\t<\/section>\n\t\n\t<section class=\"section\" id=\"section_2079015642\">\n\t\t<div class=\"bg section-bg fill bg-fill  bg-loaded\" >\n\n\t\t\t\n\t\t\t\n\t\t\t\n\n\t\t<\/div><!-- .section-bg -->\n\n\t\t<div class=\"section-content relative\">\n\t\t\t\n\n\t\t<\/div><!-- .section-content -->\n\n\t\t\n<style scope=\"scope\">\n\n#section_2079015642 {\n  padding-top: 0px;\n  padding-bottom: 0px;\n}\n<\/style>\n\t<\/section>\n\t\n","protected":false},"excerpt":{"rendered":"","protected":false},"author":1,"featured_media":0,"parent":0,"menu_order":0,"comment_status":"closed","ping_status":"closed","template":"page-blank.php","meta":{"footnotes":""},"class_list":["post-16","page","type-page","status-publish","hentry"],"yoast_head":"<!-- This site is optimized with the Yoast SEO plugin v21.7 - https:\/\/yoast.com\/wordpress\/plugins\/seo\/ -->\n<title>Gi\u1edbi thi\u1ec7u - C\u00d4NG TY C\u1ed4 PH\u1ea6N \u0110\u1ea6U T\u01af GI\u1ea2I PH\u00c1P Y T\u1ebe<\/title>\n<meta name=\"robots\" content=\"index, follow, max-snippet:-1, max-image-preview:large, max-video-preview:-1\" \/>\n<link rel=\"canonical\" href=\"https:\/\/hsicorp.com.vn\/vi\/gioi-thieu\/\" \/>\n<meta property=\"og:locale\" content=\"vi_VN\" \/>\n<meta property=\"og:type\" content=\"article\" \/>\n<meta property=\"og:title\" content=\"Gi\u1edbi thi\u1ec7u - C\u00d4NG TY C\u1ed4 PH\u1ea6N \u0110\u1ea6U T\u01af GI\u1ea2I PH\u00c1P Y T\u1ebe\" \/>\n<meta property=\"og:url\" content=\"https:\/\/hsicorp.com.vn\/vi\/gioi-thieu\/\" \/>\n<meta property=\"og:site_name\" content=\"C\u00d4NG TY C\u1ed4 PH\u1ea6N \u0110\u1ea6U T\u01af GI\u1ea2I PH\u00c1P Y T\u1ebe\" \/>\n<meta property=\"article:modified_time\" content=\"2023-01-11T07:46:44+00:00\" \/>\n<meta property=\"og:image\" content=\"https:\/\/hsicorp.com.vn\/wp-content\/uploads\/2018\/11\/logo.jpg\" \/>\n\t<meta property=\"og:image:width\" content=\"174\" \/>\n\t<meta property=\"og:image:height\" content=\"88\" \/>\n\t<meta property=\"og:image:type\" content=\"image\/jpeg\" \/>\n<meta name=\"twitter:card\" content=\"summary_large_image\" \/>\n<meta name=\"twitter:label1\" content=\"\u01af\u1edbc t\u00ednh th\u1eddi gian \u0111\u1ecdc\" \/>\n\t<meta name=\"twitter:data1\" content=\"2 ph\u00fat\" \/>\n<script type=\"application\/ld+json\" class=\"yoast-schema-graph\">{\"@context\":\"https:\/\/schema.org\",\"@graph\":[{\"@type\":\"WebPage\",\"@id\":\"https:\/\/hsicorp.com.vn\/vi\/gioi-thieu\/\",\"url\":\"https:\/\/hsicorp.com.vn\/vi\/gioi-thieu\/\",\"name\":\"Gi\u1edbi thi\u1ec7u - C\u00d4NG TY C\u1ed4 PH\u1ea6N \u0110\u1ea6U T\u01af GI\u1ea2I PH\u00c1P Y T\u1ebe\",\"isPartOf\":{\"@id\":\"https:\/\/hsicorp.com.vn\/#website\"},\"datePublished\":\"2018-11-08T00:34:59+00:00\",\"dateModified\":\"2023-01-11T07:46:44+00:00\",\"breadcrumb\":{\"@id\":\"https:\/\/hsicorp.com.vn\/vi\/gioi-thieu\/#breadcrumb\"},\"inLanguage\":\"vi\",\"potentialAction\":[{\"@type\":\"ReadAction\",\"target\":[\"https:\/\/hsicorp.com.vn\/vi\/gioi-thieu\/\"]}]},{\"@type\":\"BreadcrumbList\",\"@id\":\"https:\/\/hsicorp.com.vn\/vi\/gioi-thieu\/#breadcrumb\",\"itemListElement\":[{\"@type\":\"ListItem\",\"position\":1,\"name\":\"Trang ch\u1ee7\",\"item\":\"https:\/\/hsicorp.com.vn\/vi\/\"},{\"@type\":\"ListItem\",\"position\":2,\"name\":\"Gi\u1edbi thi\u1ec7u\"}]},{\"@type\":\"WebSite\",\"@id\":\"https:\/\/hsicorp.com.vn\/#website\",\"url\":\"https:\/\/hsicorp.com.vn\/\",\"name\":\"C\u00d4NG TY C\u1ed4 PH\u1ea6N \u0110\u1ea6U T\u01af GI\u1ea2I PH\u00c1P Y T\u1ebe\",\"description\":\"\",\"potentialAction\":[{\"@type\":\"SearchAction\",\"target\":{\"@type\":\"EntryPoint\",\"urlTemplate\":\"https:\/\/hsicorp.com.vn\/?s={search_term_string}\"},\"query-input\":\"required name=search_term_string\"}],\"inLanguage\":\"vi\"}]}<\/script>\n<!-- \/ Yoast SEO plugin. -->","yoast_head_json":{"title":"Gi\u1edbi thi\u1ec7u - C\u00d4NG TY C\u1ed4 PH\u1ea6N \u0110\u1ea6U T\u01af GI\u1ea2I PH\u00c1P Y T\u1ebe","robots":{"index":"index","follow":"follow","max-snippet":"max-snippet:-1","max-image-preview":"max-image-preview:large","max-video-preview":"max-video-preview:-1"},"canonical":"https:\/\/hsicorp.com.vn\/vi\/gioi-thieu\/","og_locale":"vi_VN","og_type":"article","og_title":"Gi\u1edbi thi\u1ec7u - C\u00d4NG TY C\u1ed4 PH\u1ea6N \u0110\u1ea6U T\u01af GI\u1ea2I PH\u00c1P Y T\u1ebe","og_url":"https:\/\/hsicorp.com.vn\/vi\/gioi-thieu\/","og_site_name":"C\u00d4NG TY C\u1ed4 PH\u1ea6N \u0110\u1ea6U T\u01af GI\u1ea2I PH\u00c1P Y T\u1ebe","article_modified_time":"2023-01-11T07:46:44+00:00","og_image":[{"width":174,"height":88,"url":"https:\/\/hsicorp.com.vn\/wp-content\/uploads\/2018\/11\/logo.jpg","type":"image\/jpeg"}],"twitter_card":"summary_large_image","twitter_misc":{"\u01af\u1edbc t\u00ednh th\u1eddi gian \u0111\u1ecdc":"2 ph\u00fat"},"schema":{"@context":"https:\/\/schema.org","@graph":[{"@type":"WebPage","@id":"https:\/\/hsicorp.com.vn\/vi\/gioi-thieu\/","url":"https:\/\/hsicorp.com.vn\/vi\/gioi-thieu\/","name":"Gi\u1edbi thi\u1ec7u - C\u00d4NG TY C\u1ed4 PH\u1ea6N \u0110\u1ea6U T\u01af GI\u1ea2I PH\u00c1P Y T\u1ebe","isPartOf":{"@id":"https:\/\/hsicorp.com.vn\/#website"},"datePublished":"2018-11-08T00:34:59+00:00","dateModified":"2023-01-11T07:46:44+00:00","breadcrumb":{"@id":"https:\/\/hsicorp.com.vn\/vi\/gioi-thieu\/#breadcrumb"},"inLanguage":"vi","potentialAction":[{"@type":"ReadAction","target":["https:\/\/hsicorp.com.vn\/vi\/gioi-thieu\/"]}]},{"@type":"BreadcrumbList","@id":"https:\/\/hsicorp.com.vn\/vi\/gioi-thieu\/#breadcrumb","itemListElement":[{"@type":"ListItem","position":1,"name":"Trang ch\u1ee7","item":"https:\/\/hsicorp.com.vn\/vi\/"},{"@type":"ListItem","position":2,"name":"Gi\u1edbi thi\u1ec7u"}]},{"@type":"WebSite","@id":"https:\/\/hsicorp.com.vn\/#website","url":"https:\/\/hsicorp.com.vn\/","name":"C\u00d4NG TY C\u1ed4 PH\u1ea6N \u0110\u1ea6U T\u01af GI\u1ea2I PH\u00c1P Y T\u1ebe","description":"","potentialAction":[{"@type":"SearchAction","target":{"@type":"EntryPoint","urlTemplate":"https:\/\/hsicorp.com.vn\/?s={search_term_string}"},"query-input":"required name=search_term_string"}],"inLanguage":"vi"}]}},"_links":{"self":[{"href":"https:\/\/hsicorp.com.vn\/vi\/wp-json\/wp\/v2\/pages\/16"}],"collection":[{"href":"https:\/\/hsicorp.com.vn\/vi\/wp-json\/wp\/v2\/pages"}],"about":[{"href":"https:\/\/hsicorp.com.vn\/vi\/wp-json\/wp\/v2\/types\/page"}],"author":[{"embeddable":true,"href":"https:\/\/hsicorp.com.vn\/vi\/wp-json\/wp\/v2\/users\/1"}],"replies":[{"embeddable":true,"href":"https:\/\/hsicorp.com.vn\/vi\/wp-json\/wp\/v2\/comments?post=16"}],"version-history":[{"count":5,"href":"https:\/\/hsicorp.com.vn\/vi\/wp-json\/wp\/v2\/pages\/16\/revisions"}],"predecessor-version":[{"id":344,"href":"https:\/\/hsicorp.com.vn\/vi\/wp-json\/wp\/v2\/pages\/16\/revisions\/344"}],"wp:attachment":[{"href":"https:\/\/hsicorp.com.vn\/vi\/wp-json\/wp\/v2\/media?parent=16"}],"curies":[{"name":"wp","href":"https:\/\/api.w.org\/{rel}","templated":true}]}}