{"id":402,"date":"2023-01-16T03:27:53","date_gmt":"2023-01-16T03:27:53","guid":{"rendered":"https:\/\/hsicorp.com.vn\/?post_type=product&#038;p=402"},"modified":"2023-01-16T03:27:54","modified_gmt":"2023-01-16T03:27:54","slug":"nep-khoa-long-mang-1-3","status":"publish","type":"product","link":"https:\/\/hsicorp.com.vn\/en_us\/product\/nep-khoa-long-mang-1-3\/","title":{"rendered":"Locking one third tubular plate"},"content":{"rendered":"","protected":false},"excerpt":{"rendered":"<p>H\u00e3ng s\u1ea3n xu\u1ea5t: Tipmed<br \/>\nXu\u1ea5t x\u1ee9: Th\u1ed5 Nh\u0129 K\u00ec<\/p>","protected":false},"featured_media":377,"comment_status":"open","ping_status":"closed","template":"","meta":[],"product_cat":[31],"product_tag":[],"class_list":{"0":"post-402","1":"product","2":"type-product","3":"status-publish","4":"has-post-thumbnail","6":"product_cat-nep-xuong-canh-tay","8":"first","9":"instock","10":"shipping-taxable","11":"product-type-simple"},"yoast_head":"<!-- This site is optimized with the Yoast SEO plugin v21.7 - https:\/\/yoast.com\/wordpress\/plugins\/seo\/ -->\n<title>N\u1eb9p kh\u00f3a l\u00f2ng m\u00e1ng 1\/3 - C\u00d4NG TY C\u1ed4 PH\u1ea6N \u0110\u1ea6U T\u01af GI\u1ea2I PH\u00c1P Y T\u1ebe<\/title>\n<meta name=\"robots\" content=\"index, follow, max-snippet:-1, max-image-preview:large, max-video-preview:-1\" \/>\n<link rel=\"canonical\" href=\"https:\/\/hsicorp.com.vn\/en_us\/product\/nep-khoa-long-mang-1-3\/\" \/>\n<meta property=\"og:locale\" content=\"en_US\" \/>\n<meta property=\"og:type\" content=\"article\" \/>\n<meta property=\"og:title\" content=\"N\u1eb9p kh\u00f3a l\u00f2ng m\u00e1ng 1\/3 - C\u00d4NG TY C\u1ed4 PH\u1ea6N \u0110\u1ea6U T\u01af GI\u1ea2I PH\u00c1P Y T\u1ebe\" \/>\n<meta property=\"og:description\" content=\"H\u00e3ng s\u1ea3n xu\u1ea5t: Tipmed Xu\u1ea5t x\u1ee9: Th\u1ed5 Nh\u0129 K\u00ec\" \/>\n<meta property=\"og:url\" content=\"https:\/\/hsicorp.com.vn\/en_us\/product\/nep-khoa-long-mang-1-3\/\" \/>\n<meta property=\"og:site_name\" content=\"C\u00d4NG TY C\u1ed4 PH\u1ea6N \u0110\u1ea6U T\u01af GI\u1ea2I PH\u00c1P Y T\u1ebe\" \/>\n<meta property=\"article:modified_time\" content=\"2023-01-16T03:27:54+00:00\" \/>\n<meta property=\"og:image\" content=\"https:\/\/hsicorp.com.vn\/wp-content\/uploads\/2023\/01\/c4.png\" \/>\n\t<meta property=\"og:image:width\" content=\"228\" \/>\n\t<meta property=\"og:image:height\" content=\"240\" \/>\n\t<meta property=\"og:image:type\" content=\"image\/png\" \/>\n<meta name=\"twitter:card\" content=\"summary_large_image\" \/>\n<script type=\"application\/ld+json\" class=\"yoast-schema-graph\">{\"@context\":\"https:\/\/schema.org\",\"@graph\":[{\"@type\":\"WebPage\",\"@id\":\"https:\/\/hsicorp.com.vn\/vi\/product\/nep-khoa-long-mang-1-3\/\",\"url\":\"https:\/\/hsicorp.com.vn\/vi\/product\/nep-khoa-long-mang-1-3\/\",\"name\":\"N\u1eb9p kh\u00f3a l\u00f2ng m\u00e1ng 1\/3 - C\u00d4NG TY C\u1ed4 PH\u1ea6N \u0110\u1ea6U T\u01af GI\u1ea2I PH\u00c1P Y T\u1ebe\",\"isPartOf\":{\"@id\":\"https:\/\/hsicorp.com.vn\/#website\"},\"datePublished\":\"2023-01-16T03:27:53+00:00\",\"dateModified\":\"2023-01-16T03:27:54+00:00\",\"breadcrumb\":{\"@id\":\"https:\/\/hsicorp.com.vn\/vi\/product\/nep-khoa-long-mang-1-3\/#breadcrumb\"},\"inLanguage\":\"en-US\",\"potentialAction\":[{\"@type\":\"ReadAction\",\"target\":[\"https:\/\/hsicorp.com.vn\/vi\/product\/nep-khoa-long-mang-1-3\/\"]}]},{\"@type\":\"BreadcrumbList\",\"@id\":\"https:\/\/hsicorp.com.vn\/vi\/product\/nep-khoa-long-mang-1-3\/#breadcrumb\",\"itemListElement\":[{\"@type\":\"ListItem\",\"position\":1,\"name\":\"Trang ch\u1ee7\",\"item\":\"https:\/\/hsicorp.com.vn\/vi\/\"},{\"@type\":\"ListItem\",\"position\":2,\"name\":\"Shop\",\"item\":\"https:\/\/hsicorp.com.vn\/vi\/shop\/\"},{\"@type\":\"ListItem\",\"position\":3,\"name\":\"N\u1eb9p kh\u00f3a l\u00f2ng m\u00e1ng 1\/3\"}]},{\"@type\":\"WebSite\",\"@id\":\"https:\/\/hsicorp.com.vn\/#website\",\"url\":\"https:\/\/hsicorp.com.vn\/\",\"name\":\"C\u00d4NG TY C\u1ed4 PH\u1ea6N \u0110\u1ea6U T\u01af GI\u1ea2I PH\u00c1P Y T\u1ebe\",\"description\":\"\",\"potentialAction\":[{\"@type\":\"SearchAction\",\"target\":{\"@type\":\"EntryPoint\",\"urlTemplate\":\"https:\/\/hsicorp.com.vn\/?s={search_term_string}\"},\"query-input\":\"required name=search_term_string\"}],\"inLanguage\":\"en-US\"}]}<\/script>\n<!-- \/ Yoast SEO plugin. -->","yoast_head_json":{"title":"N\u1eb9p kh\u00f3a l\u00f2ng m\u00e1ng 1\/3 - C\u00d4NG TY C\u1ed4 PH\u1ea6N \u0110\u1ea6U T\u01af GI\u1ea2I PH\u00c1P Y T\u1ebe","robots":{"index":"index","follow":"follow","max-snippet":"max-snippet:-1","max-image-preview":"max-image-preview:large","max-video-preview":"max-video-preview:-1"},"canonical":"https:\/\/hsicorp.com.vn\/en_us\/product\/nep-khoa-long-mang-1-3\/","og_locale":"en_US","og_type":"article","og_title":"N\u1eb9p kh\u00f3a l\u00f2ng m\u00e1ng 1\/3 - C\u00d4NG TY C\u1ed4 PH\u1ea6N \u0110\u1ea6U T\u01af GI\u1ea2I PH\u00c1P Y T\u1ebe","og_description":"H\u00e3ng s\u1ea3n xu\u1ea5t: Tipmed Xu\u1ea5t x\u1ee9: Th\u1ed5 Nh\u0129 K\u00ec","og_url":"https:\/\/hsicorp.com.vn\/en_us\/product\/nep-khoa-long-mang-1-3\/","og_site_name":"C\u00d4NG TY C\u1ed4 PH\u1ea6N \u0110\u1ea6U T\u01af GI\u1ea2I PH\u00c1P Y T\u1ebe","article_modified_time":"2023-01-16T03:27:54+00:00","og_image":[{"width":228,"height":240,"url":"https:\/\/hsicorp.com.vn\/wp-content\/uploads\/2023\/01\/c4.png","type":"image\/png"}],"twitter_card":"summary_large_image","schema":{"@context":"https:\/\/schema.org","@graph":[{"@type":"WebPage","@id":"https:\/\/hsicorp.com.vn\/vi\/product\/nep-khoa-long-mang-1-3\/","url":"https:\/\/hsicorp.com.vn\/vi\/product\/nep-khoa-long-mang-1-3\/","name":"N\u1eb9p kh\u00f3a l\u00f2ng m\u00e1ng 1\/3 - C\u00d4NG TY C\u1ed4 PH\u1ea6N \u0110\u1ea6U T\u01af GI\u1ea2I PH\u00c1P Y T\u1ebe","isPartOf":{"@id":"https:\/\/hsicorp.com.vn\/#website"},"datePublished":"2023-01-16T03:27:53+00:00","dateModified":"2023-01-16T03:27:54+00:00","breadcrumb":{"@id":"https:\/\/hsicorp.com.vn\/vi\/product\/nep-khoa-long-mang-1-3\/#breadcrumb"},"inLanguage":"en-US","potentialAction":[{"@type":"ReadAction","target":["https:\/\/hsicorp.com.vn\/vi\/product\/nep-khoa-long-mang-1-3\/"]}]},{"@type":"BreadcrumbList","@id":"https:\/\/hsicorp.com.vn\/vi\/product\/nep-khoa-long-mang-1-3\/#breadcrumb","itemListElement":[{"@type":"ListItem","position":1,"name":"Trang ch\u1ee7","item":"https:\/\/hsicorp.com.vn\/vi\/"},{"@type":"ListItem","position":2,"name":"Shop","item":"https:\/\/hsicorp.com.vn\/vi\/shop\/"},{"@type":"ListItem","position":3,"name":"N\u1eb9p kh\u00f3a l\u00f2ng m\u00e1ng 1\/3"}]},{"@type":"WebSite","@id":"https:\/\/hsicorp.com.vn\/#website","url":"https:\/\/hsicorp.com.vn\/","name":"C\u00d4NG TY C\u1ed4 PH\u1ea6N \u0110\u1ea6U T\u01af GI\u1ea2I PH\u00c1P Y T\u1ebe","description":"","potentialAction":[{"@type":"SearchAction","target":{"@type":"EntryPoint","urlTemplate":"https:\/\/hsicorp.com.vn\/?s={search_term_string}"},"query-input":"required name=search_term_string"}],"inLanguage":"en-US"}]}},"_links":{"self":[{"href":"https:\/\/hsicorp.com.vn\/en_us\/wp-json\/wp\/v2\/product\/402"}],"collection":[{"href":"https:\/\/hsicorp.com.vn\/en_us\/wp-json\/wp\/v2\/product"}],"about":[{"href":"https:\/\/hsicorp.com.vn\/en_us\/wp-json\/wp\/v2\/types\/product"}],"replies":[{"embeddable":true,"href":"https:\/\/hsicorp.com.vn\/en_us\/wp-json\/wp\/v2\/comments?post=402"}],"wp:featuredmedia":[{"embeddable":true,"href":"https:\/\/hsicorp.com.vn\/en_us\/wp-json\/wp\/v2\/media\/377"}],"wp:attachment":[{"href":"https:\/\/hsicorp.com.vn\/en_us\/wp-json\/wp\/v2\/media?parent=402"}],"wp:term":[{"taxonomy":"product_cat","embeddable":true,"href":"https:\/\/hsicorp.com.vn\/en_us\/wp-json\/wp\/v2\/product_cat?post=402"},{"taxonomy":"product_tag","embeddable":true,"href":"https:\/\/hsicorp.com.vn\/en_us\/wp-json\/wp\/v2\/product_tag?post=402"}],"curies":[{"name":"wp","href":"https:\/\/api.w.org\/{rel}","templated":true}]}}