{"id":278,"date":"2023-01-10T08:00:07","date_gmt":"2023-01-10T08:00:07","guid":{"rendered":"https:\/\/hsicorp.com.vn\/?post_type=product&#038;p=278"},"modified":"2023-01-10T09:16:12","modified_gmt":"2023-01-10T09:16:12","slug":"bong-nong-ban-dap-ung-can-thiep-mach-vanh-mistral-2-sc","status":"publish","type":"product","link":"https:\/\/hsicorp.com.vn\/en_us\/product\/bong-nong-ban-dap-ung-can-thiep-mach-vanh-mistral-2-sc\/","title":{"rendered":"PTCA Dilatation Catheter - MISTRAL 2 SC"},"content":{"rendered":"<div id=\"e22rv_bl295\"><strong><span id=\"e22rv_bl295_bmlca\" class=\"\" data-text=\"true\">H\u00c3NG\/N\u01af\u1edaC S\u1ea2N XU\u1ea4T<\/span><\/strong><\/div>\n<div id=\"e22rv_8vqs9\"><span id=\"e22rv_8vqs9_dv5rr\" class=\"\" data-text=\"true\">Hexacath\/Ph\u00e1p<\/span><\/div>\n<div><\/div>\n<div><strong>C\u1ea4U T\u1ea0O<\/strong><\/div>\n<div><img loading=\"lazy\" decoding=\"async\" class=\"alignnone size-full wp-image-279\" src=\"https:\/\/hsicorp.com.vn\/wp-content\/uploads\/2023\/01\/Picture26.png\" alt=\"\" width=\"291\" height=\"67\" \/><\/div>\n<div><\/div>\n<div id=\"e22rv_fq6ig\"><strong><span id=\"e22rv_fq6ig_3gfam\" class=\"\" data-text=\"true\">K\u00cdCH C\u1ee0<\/span><\/strong><\/div>\n<div><img loading=\"lazy\" decoding=\"async\" class=\"alignnone size-medium wp-image-301\" src=\"https:\/\/hsicorp.com.vn\/wp-content\/uploads\/2023\/01\/Bong-nong-ban-dap-ung-can-thiep-mach-vanh-MISTRAL-2-SC-anh-2-300x164.png\" alt=\"\" width=\"300\" height=\"164\" srcset=\"https:\/\/hsicorp.com.vn\/wp-content\/uploads\/2023\/01\/Bong-nong-ban-dap-ung-can-thiep-mach-vanh-MISTRAL-2-SC-anh-2-300x164.png 300w, https:\/\/hsicorp.com.vn\/wp-content\/uploads\/2023\/01\/Bong-nong-ban-dap-ung-can-thiep-mach-vanh-MISTRAL-2-SC-anh-2.png 530w\" sizes=\"(max-width: 300px) 100vw, 300px\" \/><\/div>\n<div><\/div>\n<div><strong>M\u00d4 T\u1ea2 T\u00cdNH N\u0102NG<\/strong><\/div>\n<div>B\u00f3ng nong b\u00e1n \u0111\u00e1p \u1ee9ng MISTRAL 2 SC \u0111\u01b0\u1ee3c thi\u1ebft k\u1ebf s\u1eed d\u1ee5ng trong th\u1ee7 thu\u1eadt nong b\u00f3ng trong can thi\u1ec7p m\u1ea1ch v\u00e0nh, cho ph\u00e9p chuy\u1ec3n \u0111\u1ed5i nhanh (rapid exchange). B\u00f3ng \u0111\u01b0\u1ee3c g\u1eafn v\u00e0o \u0111\u1ea7u tip v\u00e0 \u0111\u1eb7t s\u1eafn tr\u00ean h\u1ec7 th\u1ed1ng catheter<br \/>\n<strong>B\u00f3ng nong MISTRAL 2 SC<\/strong> s\u1eed d\u1ee5ng cho \u0111\u1ed1i t\u01b0\u1ee3ng b\u1ec7nh nh\u00e2n ng\u01b0\u1eddi l\u1edbn c\u00f3 c\u00e1c tri\u1ec7u ch\u1ee9ng l\u00e2m s\u00e0ng c\u1ee7a thi\u1ebfu m\u00e1u c\u01a1 tim c\u1ee5c b\u1ed9, c\u00f3 t\u00e1c d\u1ee5ng l\u00e0m gi\u00e3n \u0111\u1ed9ng m\u1ea1ch v\u1ec1 \u0111\u01b0\u1eddng k\u00ednh ban \u0111\u1ea7u sau khi nong m\u1ea1ch.<br \/>\n<strong>B\u00f3ng:<\/strong> V\u1eadt li\u1ec7u \u0111\u01b0\u1ee3c s\u1eed d\u1ee5ng gi\u00fap ki\u1ec3m so\u00e1t s\u1ef1 gi\u00e3n n\u1edf c\u1ee7a b\u00f3ng v\u00e0 cho ph\u00e9p bi\u1ebft \u0111\u01b0\u1eddng k\u00ednh ph\u00f9 h\u1ee3p v\u1edbi \u00e1p su\u1ea5t. T\u00f9y thu\u1ed9c v\u00e0o chi\u1ec1u d\u00e0i c\u1ee7a n\u00f3, b\u00f3ng c\u00f3 m\u1ed9t ho\u1eb7c hai \u0111i\u1ec3m \u0111\u00e1nh d\u1ea5u c\u1ea3n quang \u0111\u1ec3 \u0111\u1ecbnh v\u1ecb ch\u00ednh x\u00e1c d\u01b0\u1edbi m\u00e1y soi hu\u1ef3nh quang.<br \/>\n<strong>Catheter<\/strong> c\u00f3 ph\u1ea7n xa \u0111\u01b0\u1ee3c ph\u1ee7 m\u1ed9t l\u1edbp \u01b0a n\u01b0\u1edbc, c\u00f3 m\u1ed9t l\u00f2ng \u1ed1ng \u0111\u1ed3ng tr\u1ee5c k\u00e9p. Lumen b\u00ean ngo\u00e0i \u0111\u01b0\u1ee3c s\u1eed d\u1ee5ng \u0111\u1ec3 l\u00e0m ph\u1ed3ng b\u00f3ng v\u00e0 lumen b\u00ean trong cho ph\u00e9p \u0111\u01b0a m\u1ed9t d\u00e2y d\u1eabn m\u1ea1ch v\u00e0nh \u0111\u1ec3 d\u1eabn \u0111\u01b0\u1eddng cho vi\u1ec7c \u0111\u01b0a catheter \u0111\u1ebfn v\u1ecb tr\u00ed gi\u00e3n n\u1edf mong mu\u1ed1n.<br \/>\n<strong>Catheter<\/strong> \u0111\u01b0\u1ee3c g\u1eafn v\u1edbi m\u1ed9t \u0111\u1ea7u thu\u00f4n nh\u1ecdn \u0111\u1ec3 t\u1ea1o \u0111i\u1ec1u ki\u1ec7n thu\u1eadn l\u1ee3i cho qu\u00e1 tr\u00ecnh di chuy\u1ec3n v\u00e0 th\u00f4ng qua ch\u1ed7 h\u1eb9p.<\/div>\n<div><\/div>\n<div><strong>QUY C\u00c1CH \u0110\u00d3NG G\u00d3I<\/strong><\/div>\n<div><img loading=\"lazy\" decoding=\"async\" class=\"alignnone size-medium wp-image-281\" src=\"https:\/\/hsicorp.com.vn\/wp-content\/uploads\/2023\/01\/Picture28-300x80.png\" alt=\"\" width=\"300\" height=\"80\" srcset=\"https:\/\/hsicorp.com.vn\/wp-content\/uploads\/2023\/01\/Picture28-300x80.png 300w, https:\/\/hsicorp.com.vn\/wp-content\/uploads\/2023\/01\/Picture28.png 398w\" sizes=\"(max-width: 300px) 100vw, 300px\" \/><\/div>","protected":false},"excerpt":{"rendered":"<p>H\u00c3NG\/N\u01af\u1edaC S\u1ea2N XU\u1ea4T Hexacath\/Ph\u00e1p C\u1ea4U T\u1ea0O K\u00cdCH C\u1ee0 M\u00d4 T\u1ea2 T\u00cdNH N\u0102NG B\u00f3ng nong b\u00e1n \u0111\u00e1p \u1ee9ng MISTRAL 2 SC \u0111\u01b0\u1ee3c thi\u1ebft k\u1ebf s\u1eed d\u1ee5ng trong th\u1ee7 thu\u1eadt nong b\u00f3ng trong can thi\u1ec7p m\u1ea1ch v\u00e0nh, cho ph\u00e9p chuy\u1ec3n \u0111\u1ed5i nhanh (rapid exchange). B\u00f3ng \u0111\u01b0\u1ee3c g\u1eafn v\u00e0o \u0111\u1ea7u tip v\u00e0 \u0111\u1eb7t s\u1eafn tr\u00ean h\u1ec7 th\u1ed1ng catheter [&#8230;]","protected":false},"featured_media":303,"comment_status":"open","ping_status":"closed","template":"","meta":[],"product_cat":[25],"product_tag":[],"class_list":{"0":"post-278","1":"product","2":"type-product","3":"status-publish","4":"has-post-thumbnail","6":"product_cat-can-thiep-tim-mach","8":"first","9":"instock","10":"shipping-taxable","11":"product-type-simple"},"yoast_head":"<!-- This site is optimized with the Yoast SEO plugin v21.7 - https:\/\/yoast.com\/wordpress\/plugins\/seo\/ -->\n<title>B\u00f3ng nong b\u00e1n \u0111\u00e1p \u1ee9ng can thi\u1ec7p m\u1ea1ch v\u00e0nh MISTRAL 2 SC - C\u00d4NG TY C\u1ed4 PH\u1ea6N \u0110\u1ea6U T\u01af GI\u1ea2I PH\u00c1P Y T\u1ebe<\/title>\n<meta name=\"robots\" content=\"index, follow, max-snippet:-1, max-image-preview:large, max-video-preview:-1\" \/>\n<link rel=\"canonical\" href=\"https:\/\/hsicorp.com.vn\/en_us\/product\/bong-nong-ban-dap-ung-can-thiep-mach-vanh-mistral-2-sc\/\" \/>\n<meta property=\"og:locale\" content=\"en_US\" \/>\n<meta property=\"og:type\" content=\"article\" \/>\n<meta property=\"og:title\" content=\"B\u00f3ng nong b\u00e1n \u0111\u00e1p \u1ee9ng can thi\u1ec7p m\u1ea1ch v\u00e0nh MISTRAL 2 SC - C\u00d4NG TY C\u1ed4 PH\u1ea6N \u0110\u1ea6U T\u01af GI\u1ea2I PH\u00c1P Y T\u1ebe\" \/>\n<meta property=\"og:description\" content=\"H\u00c3NG\/N\u01af\u1edaC S\u1ea2N XU\u1ea4T Hexacath\/Ph\u00e1p C\u1ea4U T\u1ea0O K\u00cdCH C\u1ee0 M\u00d4 T\u1ea2 T\u00cdNH N\u0102NG B\u00f3ng nong b\u00e1n \u0111\u00e1p \u1ee9ng MISTRAL 2 SC \u0111\u01b0\u1ee3c thi\u1ebft k\u1ebf s\u1eed d\u1ee5ng trong th\u1ee7 thu\u1eadt nong b\u00f3ng trong can thi\u1ec7p m\u1ea1ch v\u00e0nh, cho ph\u00e9p chuy\u1ec3n \u0111\u1ed5i nhanh (rapid exchange). B\u00f3ng \u0111\u01b0\u1ee3c g\u1eafn v\u00e0o \u0111\u1ea7u tip v\u00e0 \u0111\u1eb7t s\u1eafn tr\u00ean h\u1ec7 th\u1ed1ng catheter [...]\" \/>\n<meta property=\"og:url\" content=\"https:\/\/hsicorp.com.vn\/en_us\/product\/bong-nong-ban-dap-ung-can-thiep-mach-vanh-mistral-2-sc\/\" \/>\n<meta property=\"og:site_name\" content=\"C\u00d4NG TY C\u1ed4 PH\u1ea6N \u0110\u1ea6U T\u01af GI\u1ea2I PH\u00c1P Y T\u1ebe\" \/>\n<meta property=\"article:modified_time\" content=\"2023-01-10T09:16:12+00:00\" \/>\n<meta property=\"og:image\" content=\"https:\/\/hsicorp.com.vn\/wp-content\/uploads\/2023\/01\/Bong-nong-ban-dap-ung-can-thiep-mach-vanh-MISTRAL-2-SC-anh-1.jpg\" \/>\n\t<meta property=\"og:image:width\" content=\"951\" \/>\n\t<meta property=\"og:image:height\" content=\"591\" \/>\n\t<meta property=\"og:image:type\" content=\"image\/jpeg\" \/>\n<meta name=\"twitter:card\" content=\"summary_large_image\" \/>\n<meta name=\"twitter:label1\" content=\"Est. reading time\" \/>\n\t<meta name=\"twitter:data1\" content=\"2 minutes\" \/>\n<script type=\"application\/ld+json\" class=\"yoast-schema-graph\">{\"@context\":\"https:\/\/schema.org\",\"@graph\":[{\"@type\":\"WebPage\",\"@id\":\"https:\/\/hsicorp.com.vn\/vi\/product\/bong-nong-ban-dap-ung-can-thiep-mach-vanh-mistral-2-sc\/\",\"url\":\"https:\/\/hsicorp.com.vn\/vi\/product\/bong-nong-ban-dap-ung-can-thiep-mach-vanh-mistral-2-sc\/\",\"name\":\"B\u00f3ng nong b\u00e1n \u0111\u00e1p \u1ee9ng can thi\u1ec7p m\u1ea1ch v\u00e0nh MISTRAL 2 SC - C\u00d4NG TY C\u1ed4 PH\u1ea6N \u0110\u1ea6U T\u01af GI\u1ea2I PH\u00c1P Y T\u1ebe\",\"isPartOf\":{\"@id\":\"https:\/\/hsicorp.com.vn\/#website\"},\"datePublished\":\"2023-01-10T08:00:07+00:00\",\"dateModified\":\"2023-01-10T09:16:12+00:00\",\"breadcrumb\":{\"@id\":\"https:\/\/hsicorp.com.vn\/vi\/product\/bong-nong-ban-dap-ung-can-thiep-mach-vanh-mistral-2-sc\/#breadcrumb\"},\"inLanguage\":\"en-US\",\"potentialAction\":[{\"@type\":\"ReadAction\",\"target\":[\"https:\/\/hsicorp.com.vn\/vi\/product\/bong-nong-ban-dap-ung-can-thiep-mach-vanh-mistral-2-sc\/\"]}]},{\"@type\":\"BreadcrumbList\",\"@id\":\"https:\/\/hsicorp.com.vn\/vi\/product\/bong-nong-ban-dap-ung-can-thiep-mach-vanh-mistral-2-sc\/#breadcrumb\",\"itemListElement\":[{\"@type\":\"ListItem\",\"position\":1,\"name\":\"Trang ch\u1ee7\",\"item\":\"https:\/\/hsicorp.com.vn\/vi\/\"},{\"@type\":\"ListItem\",\"position\":2,\"name\":\"Shop\",\"item\":\"https:\/\/hsicorp.com.vn\/vi\/shop\/\"},{\"@type\":\"ListItem\",\"position\":3,\"name\":\"B\u00f3ng nong b\u00e1n \u0111\u00e1p \u1ee9ng can thi\u1ec7p m\u1ea1ch v\u00e0nh MISTRAL 2 SC\"}]},{\"@type\":\"WebSite\",\"@id\":\"https:\/\/hsicorp.com.vn\/#website\",\"url\":\"https:\/\/hsicorp.com.vn\/\",\"name\":\"C\u00d4NG TY C\u1ed4 PH\u1ea6N \u0110\u1ea6U T\u01af GI\u1ea2I PH\u00c1P Y T\u1ebe\",\"description\":\"\",\"potentialAction\":[{\"@type\":\"SearchAction\",\"target\":{\"@type\":\"EntryPoint\",\"urlTemplate\":\"https:\/\/hsicorp.com.vn\/?s={search_term_string}\"},\"query-input\":\"required name=search_term_string\"}],\"inLanguage\":\"en-US\"}]}<\/script>\n<!-- \/ Yoast SEO plugin. -->","yoast_head_json":{"title":"B\u00f3ng nong b\u00e1n \u0111\u00e1p \u1ee9ng can thi\u1ec7p m\u1ea1ch v\u00e0nh MISTRAL 2 SC - C\u00d4NG TY C\u1ed4 PH\u1ea6N \u0110\u1ea6U T\u01af GI\u1ea2I PH\u00c1P Y T\u1ebe","robots":{"index":"index","follow":"follow","max-snippet":"max-snippet:-1","max-image-preview":"max-image-preview:large","max-video-preview":"max-video-preview:-1"},"canonical":"https:\/\/hsicorp.com.vn\/en_us\/product\/bong-nong-ban-dap-ung-can-thiep-mach-vanh-mistral-2-sc\/","og_locale":"en_US","og_type":"article","og_title":"B\u00f3ng nong b\u00e1n \u0111\u00e1p \u1ee9ng can thi\u1ec7p m\u1ea1ch v\u00e0nh MISTRAL 2 SC - C\u00d4NG TY C\u1ed4 PH\u1ea6N \u0110\u1ea6U T\u01af GI\u1ea2I PH\u00c1P Y T\u1ebe","og_description":"H\u00c3NG\/N\u01af\u1edaC S\u1ea2N XU\u1ea4T Hexacath\/Ph\u00e1p C\u1ea4U T\u1ea0O K\u00cdCH C\u1ee0 M\u00d4 T\u1ea2 T\u00cdNH N\u0102NG B\u00f3ng nong b\u00e1n \u0111\u00e1p \u1ee9ng MISTRAL 2 SC \u0111\u01b0\u1ee3c thi\u1ebft k\u1ebf s\u1eed d\u1ee5ng trong th\u1ee7 thu\u1eadt nong b\u00f3ng trong can thi\u1ec7p m\u1ea1ch v\u00e0nh, cho ph\u00e9p chuy\u1ec3n \u0111\u1ed5i nhanh (rapid exchange). B\u00f3ng \u0111\u01b0\u1ee3c g\u1eafn v\u00e0o \u0111\u1ea7u tip v\u00e0 \u0111\u1eb7t s\u1eafn tr\u00ean h\u1ec7 th\u1ed1ng catheter [...]","og_url":"https:\/\/hsicorp.com.vn\/en_us\/product\/bong-nong-ban-dap-ung-can-thiep-mach-vanh-mistral-2-sc\/","og_site_name":"C\u00d4NG TY C\u1ed4 PH\u1ea6N \u0110\u1ea6U T\u01af GI\u1ea2I PH\u00c1P Y T\u1ebe","article_modified_time":"2023-01-10T09:16:12+00:00","og_image":[{"width":951,"height":591,"url":"https:\/\/hsicorp.com.vn\/wp-content\/uploads\/2023\/01\/Bong-nong-ban-dap-ung-can-thiep-mach-vanh-MISTRAL-2-SC-anh-1.jpg","type":"image\/jpeg"}],"twitter_card":"summary_large_image","twitter_misc":{"Est. reading time":"2 minutes"},"schema":{"@context":"https:\/\/schema.org","@graph":[{"@type":"WebPage","@id":"https:\/\/hsicorp.com.vn\/vi\/product\/bong-nong-ban-dap-ung-can-thiep-mach-vanh-mistral-2-sc\/","url":"https:\/\/hsicorp.com.vn\/vi\/product\/bong-nong-ban-dap-ung-can-thiep-mach-vanh-mistral-2-sc\/","name":"B\u00f3ng nong b\u00e1n \u0111\u00e1p \u1ee9ng can thi\u1ec7p m\u1ea1ch v\u00e0nh MISTRAL 2 SC - C\u00d4NG TY C\u1ed4 PH\u1ea6N \u0110\u1ea6U T\u01af GI\u1ea2I PH\u00c1P Y T\u1ebe","isPartOf":{"@id":"https:\/\/hsicorp.com.vn\/#website"},"datePublished":"2023-01-10T08:00:07+00:00","dateModified":"2023-01-10T09:16:12+00:00","breadcrumb":{"@id":"https:\/\/hsicorp.com.vn\/vi\/product\/bong-nong-ban-dap-ung-can-thiep-mach-vanh-mistral-2-sc\/#breadcrumb"},"inLanguage":"en-US","potentialAction":[{"@type":"ReadAction","target":["https:\/\/hsicorp.com.vn\/vi\/product\/bong-nong-ban-dap-ung-can-thiep-mach-vanh-mistral-2-sc\/"]}]},{"@type":"BreadcrumbList","@id":"https:\/\/hsicorp.com.vn\/vi\/product\/bong-nong-ban-dap-ung-can-thiep-mach-vanh-mistral-2-sc\/#breadcrumb","itemListElement":[{"@type":"ListItem","position":1,"name":"Trang ch\u1ee7","item":"https:\/\/hsicorp.com.vn\/vi\/"},{"@type":"ListItem","position":2,"name":"Shop","item":"https:\/\/hsicorp.com.vn\/vi\/shop\/"},{"@type":"ListItem","position":3,"name":"B\u00f3ng nong b\u00e1n \u0111\u00e1p \u1ee9ng can thi\u1ec7p m\u1ea1ch v\u00e0nh MISTRAL 2 SC"}]},{"@type":"WebSite","@id":"https:\/\/hsicorp.com.vn\/#website","url":"https:\/\/hsicorp.com.vn\/","name":"C\u00d4NG TY C\u1ed4 PH\u1ea6N \u0110\u1ea6U T\u01af GI\u1ea2I PH\u00c1P Y T\u1ebe","description":"","potentialAction":[{"@type":"SearchAction","target":{"@type":"EntryPoint","urlTemplate":"https:\/\/hsicorp.com.vn\/?s={search_term_string}"},"query-input":"required name=search_term_string"}],"inLanguage":"en-US"}]}},"_links":{"self":[{"href":"https:\/\/hsicorp.com.vn\/en_us\/wp-json\/wp\/v2\/product\/278"}],"collection":[{"href":"https:\/\/hsicorp.com.vn\/en_us\/wp-json\/wp\/v2\/product"}],"about":[{"href":"https:\/\/hsicorp.com.vn\/en_us\/wp-json\/wp\/v2\/types\/product"}],"replies":[{"embeddable":true,"href":"https:\/\/hsicorp.com.vn\/en_us\/wp-json\/wp\/v2\/comments?post=278"}],"wp:featuredmedia":[{"embeddable":true,"href":"https:\/\/hsicorp.com.vn\/en_us\/wp-json\/wp\/v2\/media\/303"}],"wp:attachment":[{"href":"https:\/\/hsicorp.com.vn\/en_us\/wp-json\/wp\/v2\/media?parent=278"}],"wp:term":[{"taxonomy":"product_cat","embeddable":true,"href":"https:\/\/hsicorp.com.vn\/en_us\/wp-json\/wp\/v2\/product_cat?post=278"},{"taxonomy":"product_tag","embeddable":true,"href":"https:\/\/hsicorp.com.vn\/en_us\/wp-json\/wp\/v2\/product_tag?post=278"}],"curies":[{"name":"wp","href":"https:\/\/api.w.org\/{rel}","templated":true}]}}