{"id":271,"date":"2023-01-10T07:55:40","date_gmt":"2023-01-10T07:55:40","guid":{"rendered":"https:\/\/hsicorp.com.vn\/?post_type=product&#038;p=271"},"modified":"2023-01-10T09:17:05","modified_gmt":"2023-01-10T09:17:05","slug":"stent-can-thiep-mach-vanh-hoat-tinh-sinh-hoc-titan-optimax","status":"publish","type":"product","link":"https:\/\/hsicorp.com.vn\/en_us\/product\/stent-can-thiep-mach-vanh-hoat-tinh-sinh-hoc-titan-optimax\/","title":{"rendered":"Coronary Bioactive Stent TITAN OPTIMAX"},"content":{"rendered":"<p><strong>H\u00c3NG\/N\u01af\u1edaC S\u1ea2N XU\u1ea4T<\/strong><\/p>\n<p>Hexacath\/Ph\u00e1p<\/p>\n<p><strong>C\u1ea4U T\u1ea0O<\/strong><\/p>\n<p><strong><img loading=\"lazy\" decoding=\"async\" class=\"alignnone size-full wp-image-274\" src=\"https:\/\/hsicorp.com.vn\/wp-content\/uploads\/2023\/01\/Picture18.png\" alt=\"\" width=\"293\" height=\"65\" \/><\/strong><\/p>\n<p><strong>K\u00cdCH C\u1ee0<\/strong><\/p>\n<p><img loading=\"lazy\" decoding=\"async\" class=\"alignnone size-medium wp-image-272\" src=\"https:\/\/hsicorp.com.vn\/wp-content\/uploads\/2023\/01\/Picture19-277x300.jpg\" alt=\"\" width=\"277\" height=\"300\" srcset=\"https:\/\/hsicorp.com.vn\/wp-content\/uploads\/2023\/01\/Picture19-277x300.jpg 277w, https:\/\/hsicorp.com.vn\/wp-content\/uploads\/2023\/01\/Picture19.jpg 351w\" sizes=\"(max-width: 277px) 100vw, 277px\" \/><\/p>\n<p><strong>M\u00d4 T\u1ea2 T\u00cdNH N\u0102NG<\/strong><\/p>\n<p>OPTIMAX l\u00e0 stent th\u1ebf h\u1ec7 m\u1edbi, v\u1edbi c\u00f4ng ngh\u1ec7 ph\u1ee7 l\u1edbp Titan Nitride Oxide ho\u1ea1t t\u00ednh sinh h\u1ecdc (B.A.S), \u0111\u01b0\u1ee3c g\u1eb5n s\u1eb5n tr\u00ean catheter PTCA. Stent ho\u1ea1t t\u00ednh sinh h\u1ecdc c\u00f3 nh\u1eefng \u01b0u \u0111i\u1ec3m sau:<br \/>\n+ Gi\u1ea3m k\u1ebft t\u1eadp ti\u1ec3u c\u1ea7u v\u00e0 fibrin<br \/>\n+ Gi\u1ea3m ph\u1ea3n \u1ee9ng vi\u00eam<br \/>\n+ Th\u00fac \u0111\u1ea9y h\u1ed3i ph\u1ee5c l\u1edbp trung b\u00ec<br \/>\n+ Gi\u1ea3m thi\u1ec3u h\u00ecnh th\u00e0nh kh\u1ed1i m\u00e1u \u0111\u00f4ng<br \/>\nStent \u0111\u01b0\u1ee3c l\u00e0m t\u1eeb h\u1ee3p kim coban-crom L605 bao g\u1ed3m h\u1ee3p kim coban*, crom, vonfram v\u00e0 niken. Stent \u0111\u01b0\u1ee3c ph\u1ee7 m\u1ed9t l\u1edbp ph\u1ee7 Titanium Nitride Oxide (l\u1edbp ph\u1ee7 TiNO) tr\u00ean to\u00e0n b\u1ed9 b\u1ec1 m\u1eb7t, \u0111\u1ed9 d\u00e0y kho\u1ea3ng 120nm. L\u1edbp ph\u1ee7 Titanium Nitride Oxide n\u00e0y bao g\u1ed3m nhi\u1ec1u l\u1edbp Titanium (Ti), Titanium Nitride (TiN) v\u00e0 Titanium Nitride Oxide (TiNO).<br \/>\nCatheter v\u1eadn chuy\u1ec3n ch\u1ee7 y\u1ebfu bao g\u1ed3m m\u1ed9t \u0111\u1ea7u tip xa linh ho\u1ea1t, b\u00f3ng v\u00e0 ph\u1ea7n \u1ed1ng \u0111\u01b0\u1ee3c l\u00e0m t\u1eeb polyme (Polyamid, Polyether) v\u00e0 m\u1ed9t kh\u1ed1i hypotube b\u1eb1ng th\u00e9p kh\u00f4ng g\u1ec9. B\u1ec1 m\u1eb7t b\u00ean ngo\u00e0i \u0111\u01b0\u1ee3c ph\u1ee7 m\u1ed9t l\u1edbp \u01b0a n\u01b0\u1edbc kh\u00f4ng ho\u1ea1t t\u00ednh.<br \/>\nB\u00f3ng c\u00f3 hai \u0111i\u1ec3m \u0111\u00e1nh d\u1ea5u b\u1ee9c x\u1ea1 l\u00e0m t\u1eeb platinium \/ iridium, g\u1ea7n v\u00e0 xa, gi\u00fap x\u00e1c \u0111\u1ecbnh v\u1ecb tr\u00ed c\u1ee7a stent tr\u00ean b\u00f3ng.<\/p>\n<p><strong>QUY C\u00c1CH \u0110\u00d3NG G\u00d3I<\/strong><\/p>\n<p><img loading=\"lazy\" decoding=\"async\" class=\"alignnone size-full wp-image-273\" src=\"https:\/\/hsicorp.com.vn\/wp-content\/uploads\/2023\/01\/Picture20.png\" alt=\"\" width=\"150\" height=\"176\" \/><\/p>","protected":false},"excerpt":{"rendered":"<p>H\u00c3NG\/N\u01af\u1edaC S\u1ea2N XU\u1ea4T Hexacath\/Ph\u00e1p C\u1ea4U T\u1ea0O K\u00cdCH C\u1ee0 M\u00d4 T\u1ea2 T\u00cdNH N\u0102NG OPTIMAX l\u00e0 stent th\u1ebf h\u1ec7 m\u1edbi, v\u1edbi c\u00f4ng ngh\u1ec7 ph\u1ee7 l\u1edbp Titan Nitride Oxide ho\u1ea1t t\u00ednh sinh h\u1ecdc (B.A.S), \u0111\u01b0\u1ee3c g\u1eb5n s\u1eb5n tr\u00ean catheter PTCA. Stent ho\u1ea1t t\u00ednh sinh h\u1ecdc c\u00f3 nh\u1eefng \u01b0u \u0111i\u1ec3m sau: + Gi\u1ea3m k\u1ebft t\u1eadp ti\u1ec3u c\u1ea7u v\u00e0 fibrin [&#8230;]","protected":false},"featured_media":297,"comment_status":"open","ping_status":"closed","template":"","meta":[],"product_cat":[25],"product_tag":[],"class_list":{"0":"post-271","1":"product","2":"type-product","3":"status-publish","4":"has-post-thumbnail","6":"product_cat-can-thiep-tim-mach","8":"first","9":"instock","10":"shipping-taxable","11":"product-type-simple"},"yoast_head":"<!-- This site is optimized with the Yoast SEO plugin v21.7 - https:\/\/yoast.com\/wordpress\/plugins\/seo\/ -->\n<title>Stent can thi\u1ec7p m\u1ea1ch v\u00e0nh ho\u1ea1t t\u00ednh sinh h\u1ecdc TITAN OPTIMAX - C\u00d4NG TY C\u1ed4 PH\u1ea6N \u0110\u1ea6U T\u01af GI\u1ea2I PH\u00c1P Y T\u1ebe<\/title>\n<meta name=\"robots\" content=\"index, follow, max-snippet:-1, max-image-preview:large, max-video-preview:-1\" \/>\n<link rel=\"canonical\" href=\"https:\/\/hsicorp.com.vn\/en_us\/product\/stent-can-thiep-mach-vanh-hoat-tinh-sinh-hoc-titan-optimax\/\" \/>\n<meta property=\"og:locale\" content=\"en_US\" \/>\n<meta property=\"og:type\" content=\"article\" \/>\n<meta property=\"og:title\" content=\"Stent can thi\u1ec7p m\u1ea1ch v\u00e0nh ho\u1ea1t t\u00ednh sinh h\u1ecdc TITAN OPTIMAX - C\u00d4NG TY C\u1ed4 PH\u1ea6N \u0110\u1ea6U T\u01af GI\u1ea2I PH\u00c1P Y T\u1ebe\" \/>\n<meta property=\"og:description\" content=\"H\u00c3NG\/N\u01af\u1edaC S\u1ea2N XU\u1ea4T Hexacath\/Ph\u00e1p C\u1ea4U T\u1ea0O K\u00cdCH C\u1ee0 M\u00d4 T\u1ea2 T\u00cdNH N\u0102NG OPTIMAX l\u00e0 stent th\u1ebf h\u1ec7 m\u1edbi, v\u1edbi c\u00f4ng ngh\u1ec7 ph\u1ee7 l\u1edbp Titan Nitride Oxide ho\u1ea1t t\u00ednh sinh h\u1ecdc (B.A.S), \u0111\u01b0\u1ee3c g\u1eb5n s\u1eb5n tr\u00ean catheter PTCA. Stent ho\u1ea1t t\u00ednh sinh h\u1ecdc c\u00f3 nh\u1eefng \u01b0u \u0111i\u1ec3m sau: + Gi\u1ea3m k\u1ebft t\u1eadp ti\u1ec3u c\u1ea7u v\u00e0 fibrin [...]\" \/>\n<meta property=\"og:url\" content=\"https:\/\/hsicorp.com.vn\/en_us\/product\/stent-can-thiep-mach-vanh-hoat-tinh-sinh-hoc-titan-optimax\/\" \/>\n<meta property=\"og:site_name\" content=\"C\u00d4NG TY C\u1ed4 PH\u1ea6N \u0110\u1ea6U T\u01af GI\u1ea2I PH\u00c1P Y T\u1ebe\" \/>\n<meta property=\"article:modified_time\" content=\"2023-01-10T09:17:05+00:00\" \/>\n<meta property=\"og:image\" content=\"https:\/\/hsicorp.com.vn\/wp-content\/uploads\/2023\/01\/Stent-can-thiep-mach-vanh-hoat-tinh-sinh-hoc-TITAN-OPTIMAX-1.jpg\" \/>\n\t<meta property=\"og:image:width\" content=\"951\" \/>\n\t<meta property=\"og:image:height\" content=\"591\" \/>\n\t<meta property=\"og:image:type\" content=\"image\/jpeg\" \/>\n<meta name=\"twitter:card\" content=\"summary_large_image\" \/>\n<meta name=\"twitter:label1\" content=\"Est. reading time\" \/>\n\t<meta name=\"twitter:data1\" content=\"2 minutes\" \/>\n<script type=\"application\/ld+json\" class=\"yoast-schema-graph\">{\"@context\":\"https:\/\/schema.org\",\"@graph\":[{\"@type\":\"WebPage\",\"@id\":\"https:\/\/hsicorp.com.vn\/vi\/product\/stent-can-thiep-mach-vanh-hoat-tinh-sinh-hoc-titan-optimax\/\",\"url\":\"https:\/\/hsicorp.com.vn\/vi\/product\/stent-can-thiep-mach-vanh-hoat-tinh-sinh-hoc-titan-optimax\/\",\"name\":\"Stent can thi\u1ec7p m\u1ea1ch v\u00e0nh ho\u1ea1t t\u00ednh sinh h\u1ecdc TITAN OPTIMAX - C\u00d4NG TY C\u1ed4 PH\u1ea6N \u0110\u1ea6U T\u01af GI\u1ea2I PH\u00c1P Y T\u1ebe\",\"isPartOf\":{\"@id\":\"https:\/\/hsicorp.com.vn\/#website\"},\"datePublished\":\"2023-01-10T07:55:40+00:00\",\"dateModified\":\"2023-01-10T09:17:05+00:00\",\"breadcrumb\":{\"@id\":\"https:\/\/hsicorp.com.vn\/vi\/product\/stent-can-thiep-mach-vanh-hoat-tinh-sinh-hoc-titan-optimax\/#breadcrumb\"},\"inLanguage\":\"en-US\",\"potentialAction\":[{\"@type\":\"ReadAction\",\"target\":[\"https:\/\/hsicorp.com.vn\/vi\/product\/stent-can-thiep-mach-vanh-hoat-tinh-sinh-hoc-titan-optimax\/\"]}]},{\"@type\":\"BreadcrumbList\",\"@id\":\"https:\/\/hsicorp.com.vn\/vi\/product\/stent-can-thiep-mach-vanh-hoat-tinh-sinh-hoc-titan-optimax\/#breadcrumb\",\"itemListElement\":[{\"@type\":\"ListItem\",\"position\":1,\"name\":\"Trang ch\u1ee7\",\"item\":\"https:\/\/hsicorp.com.vn\/vi\/\"},{\"@type\":\"ListItem\",\"position\":2,\"name\":\"Shop\",\"item\":\"https:\/\/hsicorp.com.vn\/vi\/shop\/\"},{\"@type\":\"ListItem\",\"position\":3,\"name\":\"Stent can thi\u1ec7p m\u1ea1ch v\u00e0nh ho\u1ea1t t\u00ednh sinh h\u1ecdc TITAN OPTIMAX\"}]},{\"@type\":\"WebSite\",\"@id\":\"https:\/\/hsicorp.com.vn\/#website\",\"url\":\"https:\/\/hsicorp.com.vn\/\",\"name\":\"C\u00d4NG TY C\u1ed4 PH\u1ea6N \u0110\u1ea6U T\u01af GI\u1ea2I PH\u00c1P Y T\u1ebe\",\"description\":\"\",\"potentialAction\":[{\"@type\":\"SearchAction\",\"target\":{\"@type\":\"EntryPoint\",\"urlTemplate\":\"https:\/\/hsicorp.com.vn\/?s={search_term_string}\"},\"query-input\":\"required name=search_term_string\"}],\"inLanguage\":\"en-US\"}]}<\/script>\n<!-- \/ Yoast SEO plugin. -->","yoast_head_json":{"title":"Stent can thi\u1ec7p m\u1ea1ch v\u00e0nh ho\u1ea1t t\u00ednh sinh h\u1ecdc TITAN OPTIMAX - C\u00d4NG TY C\u1ed4 PH\u1ea6N \u0110\u1ea6U T\u01af GI\u1ea2I PH\u00c1P Y T\u1ebe","robots":{"index":"index","follow":"follow","max-snippet":"max-snippet:-1","max-image-preview":"max-image-preview:large","max-video-preview":"max-video-preview:-1"},"canonical":"https:\/\/hsicorp.com.vn\/en_us\/product\/stent-can-thiep-mach-vanh-hoat-tinh-sinh-hoc-titan-optimax\/","og_locale":"en_US","og_type":"article","og_title":"Stent can thi\u1ec7p m\u1ea1ch v\u00e0nh ho\u1ea1t t\u00ednh sinh h\u1ecdc TITAN OPTIMAX - C\u00d4NG TY C\u1ed4 PH\u1ea6N \u0110\u1ea6U T\u01af GI\u1ea2I PH\u00c1P Y T\u1ebe","og_description":"H\u00c3NG\/N\u01af\u1edaC S\u1ea2N XU\u1ea4T Hexacath\/Ph\u00e1p C\u1ea4U T\u1ea0O K\u00cdCH C\u1ee0 M\u00d4 T\u1ea2 T\u00cdNH N\u0102NG OPTIMAX l\u00e0 stent th\u1ebf h\u1ec7 m\u1edbi, v\u1edbi c\u00f4ng ngh\u1ec7 ph\u1ee7 l\u1edbp Titan Nitride Oxide ho\u1ea1t t\u00ednh sinh h\u1ecdc (B.A.S), \u0111\u01b0\u1ee3c g\u1eb5n s\u1eb5n tr\u00ean catheter PTCA. Stent ho\u1ea1t t\u00ednh sinh h\u1ecdc c\u00f3 nh\u1eefng \u01b0u \u0111i\u1ec3m sau: + Gi\u1ea3m k\u1ebft t\u1eadp ti\u1ec3u c\u1ea7u v\u00e0 fibrin [...]","og_url":"https:\/\/hsicorp.com.vn\/en_us\/product\/stent-can-thiep-mach-vanh-hoat-tinh-sinh-hoc-titan-optimax\/","og_site_name":"C\u00d4NG TY C\u1ed4 PH\u1ea6N \u0110\u1ea6U T\u01af GI\u1ea2I PH\u00c1P Y T\u1ebe","article_modified_time":"2023-01-10T09:17:05+00:00","og_image":[{"width":951,"height":591,"url":"https:\/\/hsicorp.com.vn\/wp-content\/uploads\/2023\/01\/Stent-can-thiep-mach-vanh-hoat-tinh-sinh-hoc-TITAN-OPTIMAX-1.jpg","type":"image\/jpeg"}],"twitter_card":"summary_large_image","twitter_misc":{"Est. reading time":"2 minutes"},"schema":{"@context":"https:\/\/schema.org","@graph":[{"@type":"WebPage","@id":"https:\/\/hsicorp.com.vn\/vi\/product\/stent-can-thiep-mach-vanh-hoat-tinh-sinh-hoc-titan-optimax\/","url":"https:\/\/hsicorp.com.vn\/vi\/product\/stent-can-thiep-mach-vanh-hoat-tinh-sinh-hoc-titan-optimax\/","name":"Stent can thi\u1ec7p m\u1ea1ch v\u00e0nh ho\u1ea1t t\u00ednh sinh h\u1ecdc TITAN OPTIMAX - C\u00d4NG TY C\u1ed4 PH\u1ea6N \u0110\u1ea6U T\u01af GI\u1ea2I PH\u00c1P Y T\u1ebe","isPartOf":{"@id":"https:\/\/hsicorp.com.vn\/#website"},"datePublished":"2023-01-10T07:55:40+00:00","dateModified":"2023-01-10T09:17:05+00:00","breadcrumb":{"@id":"https:\/\/hsicorp.com.vn\/vi\/product\/stent-can-thiep-mach-vanh-hoat-tinh-sinh-hoc-titan-optimax\/#breadcrumb"},"inLanguage":"en-US","potentialAction":[{"@type":"ReadAction","target":["https:\/\/hsicorp.com.vn\/vi\/product\/stent-can-thiep-mach-vanh-hoat-tinh-sinh-hoc-titan-optimax\/"]}]},{"@type":"BreadcrumbList","@id":"https:\/\/hsicorp.com.vn\/vi\/product\/stent-can-thiep-mach-vanh-hoat-tinh-sinh-hoc-titan-optimax\/#breadcrumb","itemListElement":[{"@type":"ListItem","position":1,"name":"Trang ch\u1ee7","item":"https:\/\/hsicorp.com.vn\/vi\/"},{"@type":"ListItem","position":2,"name":"Shop","item":"https:\/\/hsicorp.com.vn\/vi\/shop\/"},{"@type":"ListItem","position":3,"name":"Stent can thi\u1ec7p m\u1ea1ch v\u00e0nh ho\u1ea1t t\u00ednh sinh h\u1ecdc TITAN OPTIMAX"}]},{"@type":"WebSite","@id":"https:\/\/hsicorp.com.vn\/#website","url":"https:\/\/hsicorp.com.vn\/","name":"C\u00d4NG TY C\u1ed4 PH\u1ea6N \u0110\u1ea6U T\u01af GI\u1ea2I PH\u00c1P Y T\u1ebe","description":"","potentialAction":[{"@type":"SearchAction","target":{"@type":"EntryPoint","urlTemplate":"https:\/\/hsicorp.com.vn\/?s={search_term_string}"},"query-input":"required name=search_term_string"}],"inLanguage":"en-US"}]}},"_links":{"self":[{"href":"https:\/\/hsicorp.com.vn\/en_us\/wp-json\/wp\/v2\/product\/271"}],"collection":[{"href":"https:\/\/hsicorp.com.vn\/en_us\/wp-json\/wp\/v2\/product"}],"about":[{"href":"https:\/\/hsicorp.com.vn\/en_us\/wp-json\/wp\/v2\/types\/product"}],"replies":[{"embeddable":true,"href":"https:\/\/hsicorp.com.vn\/en_us\/wp-json\/wp\/v2\/comments?post=271"}],"wp:featuredmedia":[{"embeddable":true,"href":"https:\/\/hsicorp.com.vn\/en_us\/wp-json\/wp\/v2\/media\/297"}],"wp:attachment":[{"href":"https:\/\/hsicorp.com.vn\/en_us\/wp-json\/wp\/v2\/media?parent=271"}],"wp:term":[{"taxonomy":"product_cat","embeddable":true,"href":"https:\/\/hsicorp.com.vn\/en_us\/wp-json\/wp\/v2\/product_cat?post=271"},{"taxonomy":"product_tag","embeddable":true,"href":"https:\/\/hsicorp.com.vn\/en_us\/wp-json\/wp\/v2\/product_tag?post=271"}],"curies":[{"name":"wp","href":"https:\/\/api.w.org\/{rel}","templated":true}]}}