{"id":237,"date":"2023-01-10T07:13:05","date_gmt":"2023-01-10T07:13:05","guid":{"rendered":"https:\/\/hsicorp.com.vn\/?post_type=product&#038;p=237"},"modified":"2023-01-16T04:45:09","modified_gmt":"2023-01-16T04:45:09","slug":"kim-luon-tinh-mach-co-canh-va-co-khong-co-cong-tiem-dung-cho-tre-so-sinh-1004-1004h","status":"publish","type":"product","link":"https:\/\/hsicorp.com.vn\/en_us\/product\/kim-luon-tinh-mach-co-canh-va-co-khong-co-cong-tiem-dung-cho-tre-so-sinh-1004-1004h\/","title":{"rendered":"I.V. Cannula with\/without Injection port &amp; wings for pediatric"},"content":{"rendered":"<p><strong>K\u00cdCH C\u1ee0<\/strong><\/p>\n<p><img loading=\"lazy\" decoding=\"async\" class=\"alignnone size-full wp-image-252\" src=\"https:\/\/hsicorp.com.vn\/wp-content\/uploads\/2023\/01\/Picture11.png\" alt=\"\" width=\"218\" height=\"87\" \/><\/p>\n<p><strong>M\u00d4 T\u1ea2 T\u00cdNH N\u0102NG<\/strong><\/p>\n<p>\u25cf Thi\u1ebft k\u1ebf \u0111\u1ea3m b\u1ea3o \u0111\u1ecbnh v\u1ecb kim ch\u00ednh x\u00e1c v\u00e0 ki\u1ec3m so\u00e1t t\u1ed1t h\u01a1n trong qu\u00e1 tr\u00ecnh lu\u1ed3n.<br \/>\n\u25cf N\u1eafp kim thi\u1ebft k\u1ebf \u0111\u1ec3 thu h\u1ed3i kim m\u1ed9t c\u00e1ch an to\u00e0n sau khi s\u1eed d\u1ee5ng.<br \/>\n\u25cf Th\u00e2n kim c\u00f3 m\u00e3 m\u00e0u gi\u00fap d\u1ec5 ph\u00e2n bi\u1ec7t k\u00edch c\u1ee1.<br \/>\n\u25cf \u0110\u1ed1c kim thi\u1ebft k\u1ebf d\u1ec5 thao t\u00e1c khi lu\u1ed3n kim.<br \/>\n\u25cf Bu\u1ed3ng ch\u1ee9a m\u00e1u trong su\u1ed1t d\u1ec5 quan s\u00e1t, gi\u00fap x\u00e1c \u0111\u1ecbnh ch\u00ednh x\u00e1c v\u1ecb tr\u00ed catheter.<br \/>\n\u25cf T\u00f9y ch\u1ecdn th\u00eam b\u1ed9 l\u1ecdc k\u1ef5 n\u01b0\u1edbc\/ Bu\u1ed3ng ch\u1ee9a m\u00e1u \u0111\u1ea7u c\u1eafm x\u1ed1p theo y\u00eau c\u1ea7u.<\/p>\n<p><strong>TH\u00d4NG S\u1ed0 K\u1ef8 THU\u1eacT<\/strong><\/p>\n<p><img loading=\"lazy\" decoding=\"async\" class=\"alignnone size-medium wp-image-251\" src=\"https:\/\/hsicorp.com.vn\/wp-content\/uploads\/2023\/01\/Picture12-300x149.png\" alt=\"\" width=\"300\" height=\"149\" srcset=\"https:\/\/hsicorp.com.vn\/wp-content\/uploads\/2023\/01\/Picture12-300x149.png 300w, https:\/\/hsicorp.com.vn\/wp-content\/uploads\/2023\/01\/Picture12.png 333w\" sizes=\"(max-width: 300px) 100vw, 300px\" \/><\/p>","protected":false},"excerpt":{"rendered":"<div id=\"5oqk3_cp2nt\"><strong><span id=\"5oqk3_cp2nt_be87i\" class=\"\" data-text=\"true\">H\u00e3ng\/N\u01b0\u1edbc s\u1ea3n xu\u1ea5t:<\/span><\/strong><span id=\"5oqk3_cp2nt_7m935\" class=\"\" data-text=\"true\"> WELLMED\/ \u1ea4n \u0110\u1ed9<\/span><\/div>\n<div id=\"5oqk3_342l2\"><strong><span id=\"5oqk3_342l2_9q6nd\" class=\"\" data-text=\"true\">Quy c\u00e1ch \u0111\u00f3ng g\u00f3i:<\/span><\/strong><span id=\"5oqk3_342l2_3hdu\" class=\"\" data-text=\"true\"> 100 c\u00e1i\/h\u1ed9p<\/span><\/div>","protected":false},"featured_media":226,"comment_status":"open","ping_status":"closed","template":"","meta":[],"product_cat":[29],"product_tag":[],"class_list":{"0":"post-237","1":"product","2":"type-product","3":"status-publish","4":"has-post-thumbnail","6":"product_cat-lieu-phap-tiem-truyen","8":"first","9":"instock","10":"shipping-taxable","11":"product-type-simple"},"yoast_head":"<!-- This site is optimized with the Yoast SEO plugin v21.7 - https:\/\/yoast.com\/wordpress\/plugins\/seo\/ -->\n<title>Kim lu\u1ed3n t\u0129nh m\u1ea1ch c\u00f3 c\u00e1nh v\u00e0 c\u00f3\/kh\u00f4ng c\u00f3 c\u1ed5ng ti\u00eam d\u00f9ng cho tr\u1ebb s\u01a1 sinh (1004-1004H) - C\u00d4NG TY C\u1ed4 PH\u1ea6N \u0110\u1ea6U T\u01af GI\u1ea2I PH\u00c1P Y T\u1ebe<\/title>\n<meta name=\"robots\" content=\"index, follow, max-snippet:-1, max-image-preview:large, max-video-preview:-1\" \/>\n<link rel=\"canonical\" href=\"https:\/\/hsicorp.com.vn\/en_us\/product\/kim-luon-tinh-mach-co-canh-va-co-khong-co-cong-tiem-dung-cho-tre-so-sinh-1004-1004h\/\" \/>\n<meta property=\"og:locale\" content=\"en_US\" \/>\n<meta property=\"og:type\" content=\"article\" \/>\n<meta property=\"og:title\" content=\"Kim lu\u1ed3n t\u0129nh m\u1ea1ch c\u00f3 c\u00e1nh v\u00e0 c\u00f3\/kh\u00f4ng c\u00f3 c\u1ed5ng ti\u00eam d\u00f9ng cho tr\u1ebb s\u01a1 sinh (1004-1004H) - C\u00d4NG TY C\u1ed4 PH\u1ea6N \u0110\u1ea6U T\u01af GI\u1ea2I PH\u00c1P Y T\u1ebe\" \/>\n<meta property=\"og:description\" content=\"H\u00e3ng\/N\u01b0\u1edbc s\u1ea3n xu\u1ea5t: WELLMED\/ \u1ea4n \u0110\u1ed9 Quy c\u00e1ch \u0111\u00f3ng g\u00f3i: 100 c\u00e1i\/h\u1ed9p\" \/>\n<meta property=\"og:url\" content=\"https:\/\/hsicorp.com.vn\/en_us\/product\/kim-luon-tinh-mach-co-canh-va-co-khong-co-cong-tiem-dung-cho-tre-so-sinh-1004-1004h\/\" \/>\n<meta property=\"og:site_name\" content=\"C\u00d4NG TY C\u1ed4 PH\u1ea6N \u0110\u1ea6U T\u01af GI\u1ea2I PH\u00c1P Y T\u1ebe\" \/>\n<meta property=\"article:modified_time\" content=\"2023-01-16T04:45:09+00:00\" \/>\n<meta property=\"og:image\" content=\"https:\/\/hsicorp.com.vn\/wp-content\/uploads\/2023\/01\/4.-Kim-luon-tinh-mach-co-canh-va-cokhong-co-cong-tiem-dung-cho-tre-so-sinh-1004-1004H.jpeg\" \/>\n\t<meta property=\"og:image:width\" content=\"792\" \/>\n\t<meta property=\"og:image:height\" content=\"1280\" \/>\n\t<meta property=\"og:image:type\" content=\"image\/jpeg\" \/>\n<meta name=\"twitter:card\" content=\"summary_large_image\" \/>\n<meta name=\"twitter:label1\" content=\"Est. reading time\" \/>\n\t<meta name=\"twitter:data1\" content=\"1 minute\" \/>\n<script type=\"application\/ld+json\" class=\"yoast-schema-graph\">{\"@context\":\"https:\/\/schema.org\",\"@graph\":[{\"@type\":\"WebPage\",\"@id\":\"https:\/\/hsicorp.com.vn\/vi\/product\/kim-luon-tinh-mach-co-canh-va-co-khong-co-cong-tiem-dung-cho-tre-so-sinh-1004-1004h\/\",\"url\":\"https:\/\/hsicorp.com.vn\/vi\/product\/kim-luon-tinh-mach-co-canh-va-co-khong-co-cong-tiem-dung-cho-tre-so-sinh-1004-1004h\/\",\"name\":\"Kim lu\u1ed3n t\u0129nh m\u1ea1ch c\u00f3 c\u00e1nh v\u00e0 c\u00f3\/kh\u00f4ng c\u00f3 c\u1ed5ng ti\u00eam d\u00f9ng cho tr\u1ebb s\u01a1 sinh (1004-1004H) - C\u00d4NG TY C\u1ed4 PH\u1ea6N \u0110\u1ea6U T\u01af GI\u1ea2I PH\u00c1P Y T\u1ebe\",\"isPartOf\":{\"@id\":\"https:\/\/hsicorp.com.vn\/#website\"},\"datePublished\":\"2023-01-10T07:13:05+00:00\",\"dateModified\":\"2023-01-16T04:45:09+00:00\",\"breadcrumb\":{\"@id\":\"https:\/\/hsicorp.com.vn\/vi\/product\/kim-luon-tinh-mach-co-canh-va-co-khong-co-cong-tiem-dung-cho-tre-so-sinh-1004-1004h\/#breadcrumb\"},\"inLanguage\":\"en-US\",\"potentialAction\":[{\"@type\":\"ReadAction\",\"target\":[\"https:\/\/hsicorp.com.vn\/vi\/product\/kim-luon-tinh-mach-co-canh-va-co-khong-co-cong-tiem-dung-cho-tre-so-sinh-1004-1004h\/\"]}]},{\"@type\":\"BreadcrumbList\",\"@id\":\"https:\/\/hsicorp.com.vn\/vi\/product\/kim-luon-tinh-mach-co-canh-va-co-khong-co-cong-tiem-dung-cho-tre-so-sinh-1004-1004h\/#breadcrumb\",\"itemListElement\":[{\"@type\":\"ListItem\",\"position\":1,\"name\":\"Trang ch\u1ee7\",\"item\":\"https:\/\/hsicorp.com.vn\/vi\/\"},{\"@type\":\"ListItem\",\"position\":2,\"name\":\"Shop\",\"item\":\"https:\/\/hsicorp.com.vn\/vi\/shop\/\"},{\"@type\":\"ListItem\",\"position\":3,\"name\":\"Kim lu\u1ed3n t\u0129nh m\u1ea1ch c\u00f3 c\u00e1nh v\u00e0 c\u00f3\/kh\u00f4ng c\u00f3 c\u1ed5ng ti\u00eam d\u00f9ng cho tr\u1ebb s\u01a1 sinh (1004-1004H)\"}]},{\"@type\":\"WebSite\",\"@id\":\"https:\/\/hsicorp.com.vn\/#website\",\"url\":\"https:\/\/hsicorp.com.vn\/\",\"name\":\"C\u00d4NG TY C\u1ed4 PH\u1ea6N \u0110\u1ea6U T\u01af GI\u1ea2I PH\u00c1P Y T\u1ebe\",\"description\":\"\",\"potentialAction\":[{\"@type\":\"SearchAction\",\"target\":{\"@type\":\"EntryPoint\",\"urlTemplate\":\"https:\/\/hsicorp.com.vn\/?s={search_term_string}\"},\"query-input\":\"required name=search_term_string\"}],\"inLanguage\":\"en-US\"}]}<\/script>\n<!-- \/ Yoast SEO plugin. -->","yoast_head_json":{"title":"Kim lu\u1ed3n t\u0129nh m\u1ea1ch c\u00f3 c\u00e1nh v\u00e0 c\u00f3\/kh\u00f4ng c\u00f3 c\u1ed5ng ti\u00eam d\u00f9ng cho tr\u1ebb s\u01a1 sinh (1004-1004H) - C\u00d4NG TY C\u1ed4 PH\u1ea6N \u0110\u1ea6U T\u01af GI\u1ea2I PH\u00c1P Y T\u1ebe","robots":{"index":"index","follow":"follow","max-snippet":"max-snippet:-1","max-image-preview":"max-image-preview:large","max-video-preview":"max-video-preview:-1"},"canonical":"https:\/\/hsicorp.com.vn\/en_us\/product\/kim-luon-tinh-mach-co-canh-va-co-khong-co-cong-tiem-dung-cho-tre-so-sinh-1004-1004h\/","og_locale":"en_US","og_type":"article","og_title":"Kim lu\u1ed3n t\u0129nh m\u1ea1ch c\u00f3 c\u00e1nh v\u00e0 c\u00f3\/kh\u00f4ng c\u00f3 c\u1ed5ng ti\u00eam d\u00f9ng cho tr\u1ebb s\u01a1 sinh (1004-1004H) - C\u00d4NG TY C\u1ed4 PH\u1ea6N \u0110\u1ea6U T\u01af GI\u1ea2I PH\u00c1P Y T\u1ebe","og_description":"H\u00e3ng\/N\u01b0\u1edbc s\u1ea3n xu\u1ea5t: WELLMED\/ \u1ea4n \u0110\u1ed9 Quy c\u00e1ch \u0111\u00f3ng g\u00f3i: 100 c\u00e1i\/h\u1ed9p","og_url":"https:\/\/hsicorp.com.vn\/en_us\/product\/kim-luon-tinh-mach-co-canh-va-co-khong-co-cong-tiem-dung-cho-tre-so-sinh-1004-1004h\/","og_site_name":"C\u00d4NG TY C\u1ed4 PH\u1ea6N \u0110\u1ea6U T\u01af GI\u1ea2I PH\u00c1P Y T\u1ebe","article_modified_time":"2023-01-16T04:45:09+00:00","og_image":[{"width":792,"height":1280,"url":"https:\/\/hsicorp.com.vn\/wp-content\/uploads\/2023\/01\/4.-Kim-luon-tinh-mach-co-canh-va-cokhong-co-cong-tiem-dung-cho-tre-so-sinh-1004-1004H.jpeg","type":"image\/jpeg"}],"twitter_card":"summary_large_image","twitter_misc":{"Est. reading time":"1 minute"},"schema":{"@context":"https:\/\/schema.org","@graph":[{"@type":"WebPage","@id":"https:\/\/hsicorp.com.vn\/vi\/product\/kim-luon-tinh-mach-co-canh-va-co-khong-co-cong-tiem-dung-cho-tre-so-sinh-1004-1004h\/","url":"https:\/\/hsicorp.com.vn\/vi\/product\/kim-luon-tinh-mach-co-canh-va-co-khong-co-cong-tiem-dung-cho-tre-so-sinh-1004-1004h\/","name":"Kim lu\u1ed3n t\u0129nh m\u1ea1ch c\u00f3 c\u00e1nh v\u00e0 c\u00f3\/kh\u00f4ng c\u00f3 c\u1ed5ng ti\u00eam d\u00f9ng cho tr\u1ebb s\u01a1 sinh (1004-1004H) - C\u00d4NG TY C\u1ed4 PH\u1ea6N \u0110\u1ea6U T\u01af GI\u1ea2I PH\u00c1P Y T\u1ebe","isPartOf":{"@id":"https:\/\/hsicorp.com.vn\/#website"},"datePublished":"2023-01-10T07:13:05+00:00","dateModified":"2023-01-16T04:45:09+00:00","breadcrumb":{"@id":"https:\/\/hsicorp.com.vn\/vi\/product\/kim-luon-tinh-mach-co-canh-va-co-khong-co-cong-tiem-dung-cho-tre-so-sinh-1004-1004h\/#breadcrumb"},"inLanguage":"en-US","potentialAction":[{"@type":"ReadAction","target":["https:\/\/hsicorp.com.vn\/vi\/product\/kim-luon-tinh-mach-co-canh-va-co-khong-co-cong-tiem-dung-cho-tre-so-sinh-1004-1004h\/"]}]},{"@type":"BreadcrumbList","@id":"https:\/\/hsicorp.com.vn\/vi\/product\/kim-luon-tinh-mach-co-canh-va-co-khong-co-cong-tiem-dung-cho-tre-so-sinh-1004-1004h\/#breadcrumb","itemListElement":[{"@type":"ListItem","position":1,"name":"Trang ch\u1ee7","item":"https:\/\/hsicorp.com.vn\/vi\/"},{"@type":"ListItem","position":2,"name":"Shop","item":"https:\/\/hsicorp.com.vn\/vi\/shop\/"},{"@type":"ListItem","position":3,"name":"Kim lu\u1ed3n t\u0129nh m\u1ea1ch c\u00f3 c\u00e1nh v\u00e0 c\u00f3\/kh\u00f4ng c\u00f3 c\u1ed5ng ti\u00eam d\u00f9ng cho tr\u1ebb s\u01a1 sinh (1004-1004H)"}]},{"@type":"WebSite","@id":"https:\/\/hsicorp.com.vn\/#website","url":"https:\/\/hsicorp.com.vn\/","name":"C\u00d4NG TY C\u1ed4 PH\u1ea6N \u0110\u1ea6U T\u01af GI\u1ea2I PH\u00c1P Y T\u1ebe","description":"","potentialAction":[{"@type":"SearchAction","target":{"@type":"EntryPoint","urlTemplate":"https:\/\/hsicorp.com.vn\/?s={search_term_string}"},"query-input":"required name=search_term_string"}],"inLanguage":"en-US"}]}},"_links":{"self":[{"href":"https:\/\/hsicorp.com.vn\/en_us\/wp-json\/wp\/v2\/product\/237"}],"collection":[{"href":"https:\/\/hsicorp.com.vn\/en_us\/wp-json\/wp\/v2\/product"}],"about":[{"href":"https:\/\/hsicorp.com.vn\/en_us\/wp-json\/wp\/v2\/types\/product"}],"replies":[{"embeddable":true,"href":"https:\/\/hsicorp.com.vn\/en_us\/wp-json\/wp\/v2\/comments?post=237"}],"wp:featuredmedia":[{"embeddable":true,"href":"https:\/\/hsicorp.com.vn\/en_us\/wp-json\/wp\/v2\/media\/226"}],"wp:attachment":[{"href":"https:\/\/hsicorp.com.vn\/en_us\/wp-json\/wp\/v2\/media?parent=237"}],"wp:term":[{"taxonomy":"product_cat","embeddable":true,"href":"https:\/\/hsicorp.com.vn\/en_us\/wp-json\/wp\/v2\/product_cat?post=237"},{"taxonomy":"product_tag","embeddable":true,"href":"https:\/\/hsicorp.com.vn\/en_us\/wp-json\/wp\/v2\/product_tag?post=237"}],"curies":[{"name":"wp","href":"https:\/\/api.w.org\/{rel}","templated":true}]}}